{"id":10659,"date":"2024-10-02T11:07:15","date_gmt":"2024-10-02T09:07:15","guid":{"rendered":"https:\/\/shop.boga-solar.de\/?post_type=product&#038;p=10659"},"modified":"2025-05-29T18:37:18","modified_gmt":"2025-05-29T16:37:18","slug":"anker-solix-e1600","status":"publish","type":"product","link":"https:\/\/shop.boga-solar.de\/en\/produkt\/anker-solix-e1600\/","title":{"rendered":"Anker SOLIX E1600 &#8211; High-performance solar power storage for maximum energy efficiency"},"content":{"rendered":"<div class=\"flex flex-grow flex-col gap-3 max-w-full\">\n<div class=\"min-h-[20px] flex flex-col items-start gap-3 overflow-x-auto whitespace-pre-wrap break-words\">\n<div class=\"markdown prose w-full break-words dark:prose-invert light\">\n<div class=\"flex flex-grow flex-col max-w-full\">\n<div class=\"min-h-[20px] text-message flex w-full flex-col items-end gap-2 whitespace-pre-wrap break-words [.text-message+&amp;]:mt-5 overflow-x-auto\" dir=\"auto\" data-message-author-role=\"assistant\" data-message-id=\"07c1af73-5171-47be-88e5-79fd1c10f738\">\n<div class=\"flex w-full flex-col gap-1 empty:hidden first:pt-[3px]\">\n<div class=\"markdown prose w-full break-words dark:prose-invert light\">\n<div class=\"flex max-w-full flex-col flex-grow\">\n<div class=\"min-h-[20px] text-message flex w-full flex-col items-end gap-2 whitespace-pre-wrap break-words [.text-message+&amp;]:mt-5 overflow-x-auto\" dir=\"auto\" data-message-author-role=\"assistant\" data-message-id=\"e6931fa8-56d2-47e6-b7c6-d8e79c087fc3\">\n<div class=\"flex w-full flex-col gap-1 empty:hidden first:pt-[3px]\">\n<div class=\"markdown prose w-full break-words dark:prose-invert light\">\n<div class=\"flex-1 overflow-hidden\">\n<div class=\"h-full\">\n<div class=\"react-scroll-to-bottom--css-jmgxh-79elbk h-full\">\n<div class=\"react-scroll-to-bottom--css-jmgxh-1n7m0yu\">\n<div class=\"flex flex-col text-sm md:pb-9\">\n<div class=\"w-full text-token-text-primary\" dir=\"auto\" data-testid=\"conversation-turn-25\" data-scroll-anchor=\"true\">\n<div class=\"text-base py-[18px] px-3 md:px-4 m-auto md:px-5 lg:px-1 xl:px-5\">\n<div class=\"mx-auto flex flex-1 gap-4 text-base md:gap-5 lg:gap-6 md:max-w-3xl lg:max-w-[40rem] xl:max-w-[48rem]\">\n<div class=\"group\/conversation-turn relative flex w-full min-w-0 flex-col agent-turn\">\n<div class=\"flex-col gap-1 md:gap-3\">\n<div class=\"flex max-w-full flex-col flex-grow\">\n<div class=\"min-h-[20px] text-message flex w-full flex-col items-end gap-2 whitespace-pre-wrap break-words [.text-message+&amp;]:mt-5 overflow-x-auto\" dir=\"auto\" data-message-author-role=\"assistant\" data-message-id=\"b1b4075c-36c9-4cea-8cfa-dac21ca9aa3b\">\n<div class=\"flex w-full flex-col gap-1 empty:hidden first:pt-[3px]\">\n<div class=\"markdown prose w-full break-words dark:prose-invert light\">\n<div class=\"flex max-w-full flex-col flex-grow\">\n<div class=\"min-h-[20px] text-message flex w-full flex-col items-end gap-2 whitespace-pre-wrap break-words [.text-message+&amp;]:mt-5 overflow-x-auto\" dir=\"auto\" data-message-author-role=\"assistant\" data-message-id=\"718d0a32-fafc-4a92-a79a-bda3716fbb7f\">\n<div class=\"flex w-full flex-col gap-1 empty:hidden first:pt-[3px]\">\n<div class=\"markdown prose w-full break-words dark:prose-invert light\">\n<p>The SOLIX E1600 is an advanced solar energy storage system designed to store and use solar energy in a way that is optimal. With a capacity of 1600 Wh, the storage is the perfect solution for households and small businesses that want to maximize their own consumption and reduce their dependence on the public grid. The SOLIX E1600 anchor stores excess solar power and then provides it when it is most needed &#8211; for example, in low sunlight or at night.<\/p>\n<p>One of the outstanding features of the SOLIX E1600 is its efficiency and flexibility. The storage unit ensures you have full control over your energy balance by seamlessly integrating it into existing photovoltaic systems. In addition, the SOLIX E1600 helps to optimize energy consumption and feed excess electricity into the grid, which can lead to additional savings.<\/p>\n<p>The compact and durable design makes the SOLIX E1600 easy to install and requires minimal maintenance. Installation is simple and carried out by qualified personnel, which ensures quick commissioning. The storage is compatible with both mains-connected and off-grid solar systems, making it ideal for a variety of applications.<\/p>\n<p>Advantages of the SOLIX E1600 anchor:<br \/>\nHigh storage capacity: 1600 Wh allows you to store and use excess solar power efficiently.<br \/>\nEnergy saving: reduce your energy costs by retrieving the stored solar power when needed and minimize the grid power consumption.<br \/>\nEasy integration: The SOLIX E1600 can be easily integrated into existing photovoltaic systems.<br \/>\nFlexibility: Suitable for use in mains-connected and off-grid systems.<br \/>\nDurable and reliable: The robust construction ensures long life and high reliability, even under demanding conditions<\/p>\n<p>Kombination von hoher Speicherkapazit\u00e4t, Flexibilit\u00e4t und Effizienz ist dieser Speicher die perfekte Erg\u00e4nzung zu jeder Solaranlage. Er hilft nicht nur, Energiekosten zu senken, sondern tr\u00e4gt auch zur Nachhaltigkeit bei, indem er den CO\u2082-Aussto\u00df reduziert und die Abh\u00e4ngigkeit von fossilen Brennstoffen verringert.<\/p>\n<\/div>\n<div style=\"width: 640px;\" class=\"wp-video\"><video class=\"wp-video-shortcode\" id=\"video-10659-1\" width=\"640\" height=\"360\" preload=\"metadata\" controls=\"controls\"><source type=\"video\/mp4\" src=\"https:\/\/shop.boga-solar.de\/wp-content\/uploads\/2024\/10\/A17C1-2-C-copy-0614-1.mp4?_=1\" \/><a href=\"https:\/\/shop.boga-solar.de\/wp-content\/uploads\/2024\/10\/A17C1-2-C-copy-0614-1.mp4\">https:\/\/shop.boga-solar.de\/wp-content\/uploads\/2024\/10\/A17C1-2-C-copy-0614-1.mp4<\/a><\/video><\/div>\n<\/div>\n<\/div>\n<\/div>\n<\/div>\n<\/div>\n<\/div>\n<\/div>\n<\/div>\n<\/div>\n<\/div>\n<\/div>\n<\/div>\n<\/div>\n<\/div>\n<\/div>\n<\/div>\n<\/div>\n<\/div>\n<\/div>\n<\/div>\n<\/div>\n<\/div>\n<\/div>\n<\/div>\n<\/div>\n<\/div>\n<\/div>\n<\/div>\n","protected":false},"excerpt":{"rendered":"<p>VAT &amp; free delivery<\/p>\n<p>The SOLIX E1600 Anker is a powerful 1600 Wh solar energy storage system designed to maximize solar power usage and reduce energy costs. Ideal for households and small businesses.<\/p>\n","protected":false},"featured_media":10172,"template":"","meta":{"_acf_changed":false},"product_brand":[],"product_cat":[323,379,312],"product_tag":[],"class_list":{"0":"post-10659","1":"product","2":"type-product","3":"status-publish","4":"has-post-thumbnail","6":"product_cat-balcony-power-stations","7":"product_cat-energy-storage","8":"product_cat-solix-en","9":"product_shipping_class-normalversand-799e-en","11":"first","12":"instock","13":"taxable","14":"shipping-taxable","15":"purchasable","16":"product-type-simple"},"acf":[],"yoast_head":"<!-- This site is optimized with the Yoast SEO plugin v27.6 - https:\/\/yoast.com\/product\/yoast-seo-wordpress\/ -->\n<title>Anker SOLIX E1600<\/title>\n<meta name=\"description\" content=\"Der Anker SOLIX E1600 ist ein leistungsstarker 1600 Wh Solarstromspeicher, der zur Maximierung der Solarstromnutzung und zur Reduzierung von Energiekosten.\" \/>\n<meta name=\"robots\" content=\"index, follow, max-snippet:-1, max-image-preview:large, max-video-preview:-1\" \/>\n<link rel=\"canonical\" href=\"https:\/\/shop.boga-solar.de\/en\/produkt\/anker-solix-e1600\/\" \/>\n<meta property=\"og:locale\" content=\"en_US\" \/>\n<meta property=\"og:type\" content=\"article\" \/>\n<meta property=\"og:title\" content=\"Anker SOLIX E1600\" \/>\n<meta property=\"og:description\" content=\"Der Anker SOLIX E1600 ist ein leistungsstarker 1600 Wh Solarstromspeicher, der zur Maximierung der Solarstromnutzung und zur Reduzierung von Energiekosten.\" \/>\n<meta property=\"og:url\" content=\"https:\/\/shop.boga-solar.de\/en\/produkt\/anker-solix-e1600\/\" \/>\n<meta property=\"og:site_name\" content=\"BOGA Solar GmbH\" \/>\n<meta property=\"article:modified_time\" content=\"2025-05-29T16:37:18+00:00\" \/>\n<meta property=\"og:image\" content=\"https:\/\/shop.boga-solar.de\/wp-content\/uploads\/2024\/10\/Solarbank-2-Pro-lifestyle1-scaled.jpeg\" \/>\n\t<meta property=\"og:image:width\" content=\"2560\" \/>\n\t<meta property=\"og:image:height\" content=\"1440\" \/>\n\t<meta property=\"og:image:type\" content=\"image\/jpeg\" \/>\n<meta name=\"twitter:card\" content=\"summary_large_image\" \/>\n<meta name=\"twitter:label1\" content=\"Est. reading time\" \/>\n\t<meta name=\"twitter:data1\" content=\"2 minutes\" \/>\n<script type=\"application\/ld+json\" class=\"yoast-schema-graph\">{\"@context\":\"https:\\\/\\\/schema.org\",\"@graph\":[{\"@type\":\"WebPage\",\"@id\":\"https:\\\/\\\/shop.boga-solar.de\\\/en\\\/produkt\\\/anker-solix-e1600\\\/\",\"url\":\"https:\\\/\\\/shop.boga-solar.de\\\/en\\\/produkt\\\/anker-solix-e1600\\\/\",\"name\":\"Anker SOLIX E1600\",\"isPartOf\":{\"@id\":\"https:\\\/\\\/shop.boga-solar.de\\\/en\\\/#website\"},\"primaryImageOfPage\":{\"@id\":\"https:\\\/\\\/shop.boga-solar.de\\\/en\\\/produkt\\\/anker-solix-e1600\\\/#primaryimage\"},\"image\":{\"@id\":\"https:\\\/\\\/shop.boga-solar.de\\\/en\\\/produkt\\\/anker-solix-e1600\\\/#primaryimage\"},\"thumbnailUrl\":\"https:\\\/\\\/shop.boga-solar.de\\\/wp-content\\\/uploads\\\/2024\\\/10\\\/Solarbank-2-Pro-lifestyle1-scaled.jpeg\",\"datePublished\":\"2024-10-02T09:07:15+00:00\",\"dateModified\":\"2025-05-29T16:37:18+00:00\",\"description\":\"Der Anker SOLIX E1600 ist ein leistungsstarker 1600 Wh Solarstromspeicher, der zur Maximierung der Solarstromnutzung und zur Reduzierung von Energiekosten.\",\"breadcrumb\":{\"@id\":\"https:\\\/\\\/shop.boga-solar.de\\\/en\\\/produkt\\\/anker-solix-e1600\\\/#breadcrumb\"},\"inLanguage\":\"en-US\",\"potentialAction\":[{\"@type\":\"ReadAction\",\"target\":[\"https:\\\/\\\/shop.boga-solar.de\\\/en\\\/produkt\\\/anker-solix-e1600\\\/\"]}]},{\"@type\":\"ImageObject\",\"inLanguage\":\"en-US\",\"@id\":\"https:\\\/\\\/shop.boga-solar.de\\\/en\\\/produkt\\\/anker-solix-e1600\\\/#primaryimage\",\"url\":\"https:\\\/\\\/shop.boga-solar.de\\\/wp-content\\\/uploads\\\/2024\\\/10\\\/Solarbank-2-Pro-lifestyle1-scaled.jpeg\",\"contentUrl\":\"https:\\\/\\\/shop.boga-solar.de\\\/wp-content\\\/uploads\\\/2024\\\/10\\\/Solarbank-2-Pro-lifestyle1-scaled.jpeg\",\"width\":2560,\"height\":1440},{\"@type\":\"BreadcrumbList\",\"@id\":\"https:\\\/\\\/shop.boga-solar.de\\\/en\\\/produkt\\\/anker-solix-e1600\\\/#breadcrumb\",\"itemListElement\":[{\"@type\":\"ListItem\",\"position\":1,\"name\":\"Startseite\",\"item\":\"https:\\\/\\\/shop.boga-solar.de\\\/en\\\/\"},{\"@type\":\"ListItem\",\"position\":2,\"name\":\"Shop\",\"item\":\"https:\\\/\\\/shop.boga-solar.de\\\/en\\\/shop\\\/\"},{\"@type\":\"ListItem\",\"position\":3,\"name\":\"Anker SOLIX E1600 &#8211; High-performance solar power storage for maximum energy efficiency\"}]},{\"@type\":\"WebSite\",\"@id\":\"https:\\\/\\\/shop.boga-solar.de\\\/en\\\/#website\",\"url\":\"https:\\\/\\\/shop.boga-solar.de\\\/en\\\/\",\"name\":\"BOGA Solar GmbH\",\"description\":\"\",\"publisher\":{\"@id\":\"https:\\\/\\\/shop.boga-solar.de\\\/en\\\/#organization\"},\"potentialAction\":[{\"@type\":\"SearchAction\",\"target\":{\"@type\":\"EntryPoint\",\"urlTemplate\":\"https:\\\/\\\/shop.boga-solar.de\\\/en\\\/?s={search_term_string}\"},\"query-input\":{\"@type\":\"PropertyValueSpecification\",\"valueRequired\":true,\"valueName\":\"search_term_string\"}}],\"inLanguage\":\"en-US\"},{\"@type\":\"Organization\",\"@id\":\"https:\\\/\\\/shop.boga-solar.de\\\/en\\\/#organization\",\"name\":\"BOGA Trading\",\"url\":\"https:\\\/\\\/shop.boga-solar.de\\\/en\\\/\",\"logo\":{\"@type\":\"ImageObject\",\"inLanguage\":\"en-US\",\"@id\":\"https:\\\/\\\/shop.boga-solar.de\\\/en\\\/#\\\/schema\\\/logo\\\/image\\\/\",\"url\":\"https:\\\/\\\/shop.boga-solar.de\\\/wp-content\\\/uploads\\\/2024\\\/09\\\/logo-neu.svg\",\"contentUrl\":\"https:\\\/\\\/shop.boga-solar.de\\\/wp-content\\\/uploads\\\/2024\\\/09\\\/logo-neu.svg\",\"caption\":\"BOGA Trading\"},\"image\":{\"@id\":\"https:\\\/\\\/shop.boga-solar.de\\\/en\\\/#\\\/schema\\\/logo\\\/image\\\/\"}}]}<\/script>\n<!-- \/ Yoast SEO plugin. -->","yoast_head_json":{"title":"Anker SOLIX E1600","description":"Der Anker SOLIX E1600 ist ein leistungsstarker 1600 Wh Solarstromspeicher, der zur Maximierung der Solarstromnutzung und zur Reduzierung von Energiekosten.","robots":{"index":"index","follow":"follow","max-snippet":"max-snippet:-1","max-image-preview":"max-image-preview:large","max-video-preview":"max-video-preview:-1"},"canonical":"https:\/\/shop.boga-solar.de\/en\/produkt\/anker-solix-e1600\/","og_locale":"en_US","og_type":"article","og_title":"Anker SOLIX E1600","og_description":"Der Anker SOLIX E1600 ist ein leistungsstarker 1600 Wh Solarstromspeicher, der zur Maximierung der Solarstromnutzung und zur Reduzierung von Energiekosten.","og_url":"https:\/\/shop.boga-solar.de\/en\/produkt\/anker-solix-e1600\/","og_site_name":"BOGA Solar GmbH","article_modified_time":"2025-05-29T16:37:18+00:00","og_image":[{"width":2560,"height":1440,"url":"https:\/\/shop.boga-solar.de\/wp-content\/uploads\/2024\/10\/Solarbank-2-Pro-lifestyle1-scaled.jpeg","type":"image\/jpeg"}],"twitter_card":"summary_large_image","twitter_misc":{"Est. reading time":"2 minutes"},"schema":{"@context":"https:\/\/schema.org","@graph":[{"@type":"WebPage","@id":"https:\/\/shop.boga-solar.de\/en\/produkt\/anker-solix-e1600\/","url":"https:\/\/shop.boga-solar.de\/en\/produkt\/anker-solix-e1600\/","name":"Anker SOLIX E1600","isPartOf":{"@id":"https:\/\/shop.boga-solar.de\/en\/#website"},"primaryImageOfPage":{"@id":"https:\/\/shop.boga-solar.de\/en\/produkt\/anker-solix-e1600\/#primaryimage"},"image":{"@id":"https:\/\/shop.boga-solar.de\/en\/produkt\/anker-solix-e1600\/#primaryimage"},"thumbnailUrl":"https:\/\/shop.boga-solar.de\/wp-content\/uploads\/2024\/10\/Solarbank-2-Pro-lifestyle1-scaled.jpeg","datePublished":"2024-10-02T09:07:15+00:00","dateModified":"2025-05-29T16:37:18+00:00","description":"Der Anker SOLIX E1600 ist ein leistungsstarker 1600 Wh Solarstromspeicher, der zur Maximierung der Solarstromnutzung und zur Reduzierung von Energiekosten.","breadcrumb":{"@id":"https:\/\/shop.boga-solar.de\/en\/produkt\/anker-solix-e1600\/#breadcrumb"},"inLanguage":"en-US","potentialAction":[{"@type":"ReadAction","target":["https:\/\/shop.boga-solar.de\/en\/produkt\/anker-solix-e1600\/"]}]},{"@type":"ImageObject","inLanguage":"en-US","@id":"https:\/\/shop.boga-solar.de\/en\/produkt\/anker-solix-e1600\/#primaryimage","url":"https:\/\/shop.boga-solar.de\/wp-content\/uploads\/2024\/10\/Solarbank-2-Pro-lifestyle1-scaled.jpeg","contentUrl":"https:\/\/shop.boga-solar.de\/wp-content\/uploads\/2024\/10\/Solarbank-2-Pro-lifestyle1-scaled.jpeg","width":2560,"height":1440},{"@type":"BreadcrumbList","@id":"https:\/\/shop.boga-solar.de\/en\/produkt\/anker-solix-e1600\/#breadcrumb","itemListElement":[{"@type":"ListItem","position":1,"name":"Startseite","item":"https:\/\/shop.boga-solar.de\/en\/"},{"@type":"ListItem","position":2,"name":"Shop","item":"https:\/\/shop.boga-solar.de\/en\/shop\/"},{"@type":"ListItem","position":3,"name":"Anker SOLIX E1600 &#8211; High-performance solar power storage for maximum energy efficiency"}]},{"@type":"WebSite","@id":"https:\/\/shop.boga-solar.de\/en\/#website","url":"https:\/\/shop.boga-solar.de\/en\/","name":"BOGA Solar GmbH","description":"","publisher":{"@id":"https:\/\/shop.boga-solar.de\/en\/#organization"},"potentialAction":[{"@type":"SearchAction","target":{"@type":"EntryPoint","urlTemplate":"https:\/\/shop.boga-solar.de\/en\/?s={search_term_string}"},"query-input":{"@type":"PropertyValueSpecification","valueRequired":true,"valueName":"search_term_string"}}],"inLanguage":"en-US"},{"@type":"Organization","@id":"https:\/\/shop.boga-solar.de\/en\/#organization","name":"BOGA Trading","url":"https:\/\/shop.boga-solar.de\/en\/","logo":{"@type":"ImageObject","inLanguage":"en-US","@id":"https:\/\/shop.boga-solar.de\/en\/#\/schema\/logo\/image\/","url":"https:\/\/shop.boga-solar.de\/wp-content\/uploads\/2024\/09\/logo-neu.svg","contentUrl":"https:\/\/shop.boga-solar.de\/wp-content\/uploads\/2024\/09\/logo-neu.svg","caption":"BOGA Trading"},"image":{"@id":"https:\/\/shop.boga-solar.de\/en\/#\/schema\/logo\/image\/"}}]}},"jetpack_sharing_enabled":true,"_links":{"self":[{"href":"https:\/\/shop.boga-solar.de\/en\/wp-json\/wp\/v2\/product\/10659","targetHints":{"allow":["GET"]}}],"collection":[{"href":"https:\/\/shop.boga-solar.de\/en\/wp-json\/wp\/v2\/product"}],"about":[{"href":"https:\/\/shop.boga-solar.de\/en\/wp-json\/wp\/v2\/types\/product"}],"wp:featuredmedia":[{"embeddable":true,"href":"https:\/\/shop.boga-solar.de\/en\/wp-json\/wp\/v2\/media\/10172"}],"wp:attachment":[{"href":"https:\/\/shop.boga-solar.de\/en\/wp-json\/wp\/v2\/media?parent=10659"}],"wp:term":[{"taxonomy":"product_brand","embeddable":true,"href":"https:\/\/shop.boga-solar.de\/en\/wp-json\/wp\/v2\/product_brand?post=10659"},{"taxonomy":"product_cat","embeddable":true,"href":"https:\/\/shop.boga-solar.de\/en\/wp-json\/wp\/v2\/product_cat?post=10659"},{"taxonomy":"product_tag","embeddable":true,"href":"https:\/\/shop.boga-solar.de\/en\/wp-json\/wp\/v2\/product_tag?post=10659"}],"curies":[{"name":"wp","href":"https:\/\/api.w.org\/{rel}","templated":true}]}}