{"id":10663,"date":"2024-09-28T00:07:11","date_gmt":"2024-09-27T22:07:11","guid":{"rendered":"https:\/\/shop.boga-solar.de\/produkt\/wunschlaenge-profile\/"},"modified":"2025-01-03T21:04:59","modified_gmt":"2025-01-03T20:04:59","slug":"wunschlaenge-profile","status":"publish","type":"product","link":"https:\/\/shop.boga-solar.de\/en\/produkt\/wunschlaenge-profile\/","title":{"rendered":"Desired length of profiles"},"content":{"rendered":"<p>Order desired lengths:<\/p>\n<p>We can cut any length of profile offered by us. First select the number of complete rail lengths you need for your desired length and add them to the shopping cart. Calculate your required cuts and put this article here &#8220;Desired length &#8211; cutting costs profile&#8221; in the number of cuts into the shopping cart.<\/p>\n<p>Example: you want to order 12 x 1.00 m pieces:<br \/>\n&#8211; Select 2 x the article Performance Mounting Rail Standard (40 40 mm) &#8211; &#8220;Pr1O&#8221; in 6.00 m and 5 x this article Desired length of profile &#8211; cutting costs (to cut 6 x 1.00 m pieces from a 6.00 m profile we need 5 cuts) and put both into the shopping cart.<\/p>\n<p>Then write in the field &#8220;Order Instructions (optional)&#8221; when entering your address<br \/>\n&#8220;Please cut the 6.00 m rails into 1.00 m pieces.&#8221;<\/p>\n<p>or:<br \/>\nYou want to order 4 x 3.00 m and 4 x 2.75 m pieces:<br \/>\nThen choose 4 x the article Performance Mounting Rail Standard (40 40 mm) &#8211; Pr1O&#8221;in 6.00 m and 6 x this article Desired length profiles &#8211; cutting costs&#8221; and put both into the shopping cart. Then write in the field &#8220;Order instructions (optional)&#8221; when entering your address: &#8220;Please cut two rails in 2 x 3.00 m each and another two rails in 2 x 2.75 m each.&#8221;<\/p>\n<p>Please do not pay for orders with desired lengths directly via PayPal, but first select &#8220;transfer&#8221;.<br \/>\nWe will review and adjust your order, and then send you an updated order confirmation and payment request.<\/p>\n","protected":false},"excerpt":{"rendered":"<p>We can also cut your desired lengths from our stock lengths. Select the number of full profile lengths you need for your desired length and this article &#8220;Cutting costs&#8221; in the total number of cuts you want.<\/p>\n<p>Then, when you complete your order, make a note in the comment field how the profiles should be cut exactly.<\/p>\n","protected":false},"featured_media":10168,"template":"","meta":{"_acf_changed":false},"product_brand":[],"product_cat":[341,343,344,342,345,339,424,353,346,350,352],"product_tag":[],"class_list":{"0":"post-10663","1":"product","2":"type-product","3":"status-publish","4":"has-post-thumbnail","6":"product_cat-40x20mm-en","7":"product_cat-40x40mm-on-the-side","8":"product_cat-40x40mm-reinforced","9":"product_cat-40x40mm-standard-en","10":"product_cat-80x40mm-reinforced","11":"product_cat-accessories","12":"product_cat-additional-accessories","13":"product_cat-angle-profiles","14":"product_cat-elevations","15":"product_cat-mounting-rails","16":"product_cat-trapezoidal-sheeting-profiles","18":"first","19":"instock","20":"taxable","21":"shipping-taxable","22":"purchasable","23":"product-type-simple"},"acf":[],"yoast_head":"<!-- This site is optimized with the Yoast SEO plugin v27.6 - https:\/\/yoast.com\/product\/yoast-seo-wordpress\/ -->\n<title>Wunschl\u00e4nge Profile<\/title>\n<meta name=\"description\" content=\"Wir k\u00f6nnen Ihnen aus unseren Lagerl\u00e4ngen auch ihre Wunschl\u00e4ngen schneiden. W\u00e4hlen Sie daf\u00fcr die Anzahl der vollen Profill\u00e4ngen aus.\" \/>\n<meta name=\"robots\" content=\"index, follow, max-snippet:-1, max-image-preview:large, max-video-preview:-1\" \/>\n<link rel=\"canonical\" href=\"https:\/\/shop.boga-solar.de\/en\/produkt\/wunschlaenge-profile\/\" \/>\n<meta property=\"og:locale\" content=\"en_US\" \/>\n<meta property=\"og:type\" content=\"article\" \/>\n<meta property=\"og:title\" content=\"Wunschl\u00e4nge Profile\" \/>\n<meta property=\"og:description\" content=\"Wir k\u00f6nnen Ihnen aus unseren Lagerl\u00e4ngen auch ihre Wunschl\u00e4ngen schneiden. W\u00e4hlen Sie daf\u00fcr die Anzahl der vollen Profill\u00e4ngen aus.\" \/>\n<meta property=\"og:url\" content=\"https:\/\/shop.boga-solar.de\/en\/produkt\/wunschlaenge-profile\/\" \/>\n<meta property=\"og:site_name\" content=\"BOGA Solar GmbH\" \/>\n<meta property=\"article:modified_time\" content=\"2025-01-03T20:04:59+00:00\" \/>\n<meta property=\"og:image\" content=\"https:\/\/shop.boga-solar.de\/wp-content\/uploads\/2024\/09\/Profilsaege-416x243-1.jpg\" \/>\n\t<meta property=\"og:image:width\" content=\"416\" \/>\n\t<meta property=\"og:image:height\" content=\"243\" \/>\n\t<meta property=\"og:image:type\" content=\"image\/jpeg\" \/>\n<meta name=\"twitter:card\" content=\"summary_large_image\" \/>\n<meta name=\"twitter:label1\" content=\"Est. reading time\" \/>\n\t<meta name=\"twitter:data1\" content=\"2 minutes\" \/>\n<script type=\"application\/ld+json\" class=\"yoast-schema-graph\">{\"@context\":\"https:\\\/\\\/schema.org\",\"@graph\":[{\"@type\":\"WebPage\",\"@id\":\"https:\\\/\\\/shop.boga-solar.de\\\/en\\\/produkt\\\/wunschlaenge-profile\\\/\",\"url\":\"https:\\\/\\\/shop.boga-solar.de\\\/en\\\/produkt\\\/wunschlaenge-profile\\\/\",\"name\":\"Wunschl\u00e4nge Profile\",\"isPartOf\":{\"@id\":\"https:\\\/\\\/shop.boga-solar.de\\\/en\\\/#website\"},\"primaryImageOfPage\":{\"@id\":\"https:\\\/\\\/shop.boga-solar.de\\\/en\\\/produkt\\\/wunschlaenge-profile\\\/#primaryimage\"},\"image\":{\"@id\":\"https:\\\/\\\/shop.boga-solar.de\\\/en\\\/produkt\\\/wunschlaenge-profile\\\/#primaryimage\"},\"thumbnailUrl\":\"https:\\\/\\\/shop.boga-solar.de\\\/wp-content\\\/uploads\\\/2024\\\/09\\\/Profilsaege-416x243-1.jpg\",\"datePublished\":\"2024-09-27T22:07:11+00:00\",\"dateModified\":\"2025-01-03T20:04:59+00:00\",\"description\":\"Wir k\u00f6nnen Ihnen aus unseren Lagerl\u00e4ngen auch ihre Wunschl\u00e4ngen schneiden. W\u00e4hlen Sie daf\u00fcr die Anzahl der vollen Profill\u00e4ngen aus.\",\"breadcrumb\":{\"@id\":\"https:\\\/\\\/shop.boga-solar.de\\\/en\\\/produkt\\\/wunschlaenge-profile\\\/#breadcrumb\"},\"inLanguage\":\"en-US\",\"potentialAction\":[{\"@type\":\"ReadAction\",\"target\":[\"https:\\\/\\\/shop.boga-solar.de\\\/en\\\/produkt\\\/wunschlaenge-profile\\\/\"]}]},{\"@type\":\"ImageObject\",\"inLanguage\":\"en-US\",\"@id\":\"https:\\\/\\\/shop.boga-solar.de\\\/en\\\/produkt\\\/wunschlaenge-profile\\\/#primaryimage\",\"url\":\"https:\\\/\\\/shop.boga-solar.de\\\/wp-content\\\/uploads\\\/2024\\\/09\\\/Profilsaege-416x243-1.jpg\",\"contentUrl\":\"https:\\\/\\\/shop.boga-solar.de\\\/wp-content\\\/uploads\\\/2024\\\/09\\\/Profilsaege-416x243-1.jpg\",\"width\":416,\"height\":243},{\"@type\":\"BreadcrumbList\",\"@id\":\"https:\\\/\\\/shop.boga-solar.de\\\/en\\\/produkt\\\/wunschlaenge-profile\\\/#breadcrumb\",\"itemListElement\":[{\"@type\":\"ListItem\",\"position\":1,\"name\":\"Startseite\",\"item\":\"https:\\\/\\\/shop.boga-solar.de\\\/en\\\/\"},{\"@type\":\"ListItem\",\"position\":2,\"name\":\"Shop\",\"item\":\"https:\\\/\\\/shop.boga-solar.de\\\/en\\\/shop\\\/\"},{\"@type\":\"ListItem\",\"position\":3,\"name\":\"Desired length of profiles\"}]},{\"@type\":\"WebSite\",\"@id\":\"https:\\\/\\\/shop.boga-solar.de\\\/en\\\/#website\",\"url\":\"https:\\\/\\\/shop.boga-solar.de\\\/en\\\/\",\"name\":\"BOGA Solar GmbH\",\"description\":\"\",\"publisher\":{\"@id\":\"https:\\\/\\\/shop.boga-solar.de\\\/en\\\/#organization\"},\"potentialAction\":[{\"@type\":\"SearchAction\",\"target\":{\"@type\":\"EntryPoint\",\"urlTemplate\":\"https:\\\/\\\/shop.boga-solar.de\\\/en\\\/?s={search_term_string}\"},\"query-input\":{\"@type\":\"PropertyValueSpecification\",\"valueRequired\":true,\"valueName\":\"search_term_string\"}}],\"inLanguage\":\"en-US\"},{\"@type\":\"Organization\",\"@id\":\"https:\\\/\\\/shop.boga-solar.de\\\/en\\\/#organization\",\"name\":\"BOGA Trading\",\"url\":\"https:\\\/\\\/shop.boga-solar.de\\\/en\\\/\",\"logo\":{\"@type\":\"ImageObject\",\"inLanguage\":\"en-US\",\"@id\":\"https:\\\/\\\/shop.boga-solar.de\\\/en\\\/#\\\/schema\\\/logo\\\/image\\\/\",\"url\":\"https:\\\/\\\/shop.boga-solar.de\\\/wp-content\\\/uploads\\\/2024\\\/09\\\/logo-neu.svg\",\"contentUrl\":\"https:\\\/\\\/shop.boga-solar.de\\\/wp-content\\\/uploads\\\/2024\\\/09\\\/logo-neu.svg\",\"caption\":\"BOGA Trading\"},\"image\":{\"@id\":\"https:\\\/\\\/shop.boga-solar.de\\\/en\\\/#\\\/schema\\\/logo\\\/image\\\/\"}}]}<\/script>\n<!-- \/ Yoast SEO plugin. -->","yoast_head_json":{"title":"Wunschl\u00e4nge Profile","description":"Wir k\u00f6nnen Ihnen aus unseren Lagerl\u00e4ngen auch ihre Wunschl\u00e4ngen schneiden. W\u00e4hlen Sie daf\u00fcr die Anzahl der vollen Profill\u00e4ngen aus.","robots":{"index":"index","follow":"follow","max-snippet":"max-snippet:-1","max-image-preview":"max-image-preview:large","max-video-preview":"max-video-preview:-1"},"canonical":"https:\/\/shop.boga-solar.de\/en\/produkt\/wunschlaenge-profile\/","og_locale":"en_US","og_type":"article","og_title":"Wunschl\u00e4nge Profile","og_description":"Wir k\u00f6nnen Ihnen aus unseren Lagerl\u00e4ngen auch ihre Wunschl\u00e4ngen schneiden. W\u00e4hlen Sie daf\u00fcr die Anzahl der vollen Profill\u00e4ngen aus.","og_url":"https:\/\/shop.boga-solar.de\/en\/produkt\/wunschlaenge-profile\/","og_site_name":"BOGA Solar GmbH","article_modified_time":"2025-01-03T20:04:59+00:00","og_image":[{"width":416,"height":243,"url":"https:\/\/shop.boga-solar.de\/wp-content\/uploads\/2024\/09\/Profilsaege-416x243-1.jpg","type":"image\/jpeg"}],"twitter_card":"summary_large_image","twitter_misc":{"Est. reading time":"2 minutes"},"schema":{"@context":"https:\/\/schema.org","@graph":[{"@type":"WebPage","@id":"https:\/\/shop.boga-solar.de\/en\/produkt\/wunschlaenge-profile\/","url":"https:\/\/shop.boga-solar.de\/en\/produkt\/wunschlaenge-profile\/","name":"Wunschl\u00e4nge Profile","isPartOf":{"@id":"https:\/\/shop.boga-solar.de\/en\/#website"},"primaryImageOfPage":{"@id":"https:\/\/shop.boga-solar.de\/en\/produkt\/wunschlaenge-profile\/#primaryimage"},"image":{"@id":"https:\/\/shop.boga-solar.de\/en\/produkt\/wunschlaenge-profile\/#primaryimage"},"thumbnailUrl":"https:\/\/shop.boga-solar.de\/wp-content\/uploads\/2024\/09\/Profilsaege-416x243-1.jpg","datePublished":"2024-09-27T22:07:11+00:00","dateModified":"2025-01-03T20:04:59+00:00","description":"Wir k\u00f6nnen Ihnen aus unseren Lagerl\u00e4ngen auch ihre Wunschl\u00e4ngen schneiden. W\u00e4hlen Sie daf\u00fcr die Anzahl der vollen Profill\u00e4ngen aus.","breadcrumb":{"@id":"https:\/\/shop.boga-solar.de\/en\/produkt\/wunschlaenge-profile\/#breadcrumb"},"inLanguage":"en-US","potentialAction":[{"@type":"ReadAction","target":["https:\/\/shop.boga-solar.de\/en\/produkt\/wunschlaenge-profile\/"]}]},{"@type":"ImageObject","inLanguage":"en-US","@id":"https:\/\/shop.boga-solar.de\/en\/produkt\/wunschlaenge-profile\/#primaryimage","url":"https:\/\/shop.boga-solar.de\/wp-content\/uploads\/2024\/09\/Profilsaege-416x243-1.jpg","contentUrl":"https:\/\/shop.boga-solar.de\/wp-content\/uploads\/2024\/09\/Profilsaege-416x243-1.jpg","width":416,"height":243},{"@type":"BreadcrumbList","@id":"https:\/\/shop.boga-solar.de\/en\/produkt\/wunschlaenge-profile\/#breadcrumb","itemListElement":[{"@type":"ListItem","position":1,"name":"Startseite","item":"https:\/\/shop.boga-solar.de\/en\/"},{"@type":"ListItem","position":2,"name":"Shop","item":"https:\/\/shop.boga-solar.de\/en\/shop\/"},{"@type":"ListItem","position":3,"name":"Desired length of profiles"}]},{"@type":"WebSite","@id":"https:\/\/shop.boga-solar.de\/en\/#website","url":"https:\/\/shop.boga-solar.de\/en\/","name":"BOGA Solar GmbH","description":"","publisher":{"@id":"https:\/\/shop.boga-solar.de\/en\/#organization"},"potentialAction":[{"@type":"SearchAction","target":{"@type":"EntryPoint","urlTemplate":"https:\/\/shop.boga-solar.de\/en\/?s={search_term_string}"},"query-input":{"@type":"PropertyValueSpecification","valueRequired":true,"valueName":"search_term_string"}}],"inLanguage":"en-US"},{"@type":"Organization","@id":"https:\/\/shop.boga-solar.de\/en\/#organization","name":"BOGA Trading","url":"https:\/\/shop.boga-solar.de\/en\/","logo":{"@type":"ImageObject","inLanguage":"en-US","@id":"https:\/\/shop.boga-solar.de\/en\/#\/schema\/logo\/image\/","url":"https:\/\/shop.boga-solar.de\/wp-content\/uploads\/2024\/09\/logo-neu.svg","contentUrl":"https:\/\/shop.boga-solar.de\/wp-content\/uploads\/2024\/09\/logo-neu.svg","caption":"BOGA Trading"},"image":{"@id":"https:\/\/shop.boga-solar.de\/en\/#\/schema\/logo\/image\/"}}]}},"jetpack_sharing_enabled":true,"_links":{"self":[{"href":"https:\/\/shop.boga-solar.de\/en\/wp-json\/wp\/v2\/product\/10663","targetHints":{"allow":["GET"]}}],"collection":[{"href":"https:\/\/shop.boga-solar.de\/en\/wp-json\/wp\/v2\/product"}],"about":[{"href":"https:\/\/shop.boga-solar.de\/en\/wp-json\/wp\/v2\/types\/product"}],"wp:featuredmedia":[{"embeddable":true,"href":"https:\/\/shop.boga-solar.de\/en\/wp-json\/wp\/v2\/media\/10168"}],"wp:attachment":[{"href":"https:\/\/shop.boga-solar.de\/en\/wp-json\/wp\/v2\/media?parent=10663"}],"wp:term":[{"taxonomy":"product_brand","embeddable":true,"href":"https:\/\/shop.boga-solar.de\/en\/wp-json\/wp\/v2\/product_brand?post=10663"},{"taxonomy":"product_cat","embeddable":true,"href":"https:\/\/shop.boga-solar.de\/en\/wp-json\/wp\/v2\/product_cat?post=10663"},{"taxonomy":"product_tag","embeddable":true,"href":"https:\/\/shop.boga-solar.de\/en\/wp-json\/wp\/v2\/product_tag?post=10663"}],"curies":[{"name":"wp","href":"https:\/\/api.w.org\/{rel}","templated":true}]}}