{"id":10664,"date":"2024-09-17T12:49:28","date_gmt":"2024-09-17T10:49:28","guid":{"rendered":"https:\/\/shop.boga-solar.de\/produkt\/injektionsmoertel-fuer-beton-und-mauerwerk\/"},"modified":"2025-01-03T21:05:22","modified_gmt":"2025-01-03T20:05:22","slug":"injektionsmoertel-fuer-beton-und-mauerwerk","status":"publish","type":"product","link":"https:\/\/shop.boga-solar.de\/en\/produkt\/injektionsmoertel-fuer-beton-und-mauerwerk\/","title":{"rendered":"Injection mortar for concrete and masonry"},"content":{"rendered":"<div class=\"woocommerce-product-details__short-description\">\n<ul>\n<li>injection mortar<br \/>\nfor concrete and masonry<br \/>\nDescription:<br \/>\nScope of application:<\/p>\n<p>Anchorages in cracked and uncracked concrete, masonry made of solid and perforated stone, porous concrete as well as for subsequently mortified reinforcement bars. Suitable for fastening metal structures, metal profiles, wooden structures, consoles, grilles, piping, cable trays and more.<\/p>\n<p>Connect Basic injection mortar | Concrete and masonry | Grey, 300 ml | ETA certified | Mortar cartridge 300 ml (tubular foil) incl. 1 Static mixer | Compatible with 310 ml silicone squeeze guns<\/p>\n<p>Instructions: The 330 ml and 420 ml cartridges can be used by replacing the static mixer or by resealing with the cap until expiry of the expiration date.<\/p>\n<p>Additional information:<br \/>\nWeight 0.1500 kg<\/li>\n<\/ul>\n<\/div>\n","protected":false},"excerpt":{"rendered":"<p>VAT &amp; plus shipping costs<\/p>\n<p>&nbsp;<\/p>\n<div class=\"flex max-w-full flex-col flex-grow\">\n<div class=\"min-h-[20px] text-message flex w-full flex-col items-end gap-2 whitespace-pre-wrap break-words [.text-message+&amp;]:mt-5 overflow-x-auto\" dir=\"auto\" data-message-author-role=\"assistant\" data-message-id=\"f71a021a-64e1-4f8d-addc-a9e6923d7ee7\">\n<div class=\"flex w-full flex-col gap-1 empty:hidden first:pt-[3px]\">\n<div class=\"markdown prose w-full break-words dark:prose-invert dark\">\n<div class=\"flex max-w-full flex-col flex-grow\">\n<div class=\"min-h-[20px] text-message flex w-full flex-col items-end gap-2 break-words [.text-message+&amp;]:mt-5 overflow-x-auto whitespace-normal\" dir=\"auto\" data-message-author-role=\"assistant\" data-message-id=\"caef7632-37a5-472e-b054-471a343b0cde\">\n<div class=\"flex w-full flex-col gap-1 empty:hidden first:pt-[3px]\">\n<div class=\"markdown prose w-full break-words dark:prose-invert light\">\n<p>&nbsp;<\/p>\n<\/div>\n<\/div>\n<\/div>\n<\/div>\n<\/div>\n<\/div>\n<\/div>\n<\/div>\n","protected":false},"featured_media":10089,"template":"","meta":{"_acf_changed":false},"product_brand":[],"product_cat":[393,390,389,391],"product_tag":[],"class_list":{"0":"post-10664","1":"product","2":"type-product","3":"status-publish","4":"has-post-thumbnail","6":"product_cat-brick-facade","7":"product_cat-concrete-facade","8":"product_cat-facade-fastenings","9":"product_cat-insulated-facade","10":"product_shipping_class-normalversand-799e-en","12":"first","13":"instock","14":"taxable","15":"shipping-taxable","16":"purchasable","17":"product-type-simple"},"acf":[],"yoast_head":"<!-- This site is optimized with the Yoast SEO plugin v27.6 - https:\/\/yoast.com\/product\/yoast-seo-wordpress\/ -->\n<title>Injektionsm\u00f6rtel f\u00fcr Beton und Mauerwerk<\/title>\n<meta name=\"description\" content=\"Injektionsm\u00f6rtel f\u00fcr Beton und Mauerwerk \u25ba Sichere Bezahlung \u2713 Geld-Zur\u00fcck-Garantie \u2713 Schnelle Lieferung \u2713 Jetzt kaufen\" \/>\n<meta name=\"robots\" content=\"index, follow, max-snippet:-1, max-image-preview:large, max-video-preview:-1\" \/>\n<link rel=\"canonical\" href=\"https:\/\/shop.boga-solar.de\/en\/produkt\/injektionsmoertel-fuer-beton-und-mauerwerk\/\" \/>\n<meta property=\"og:locale\" content=\"en_US\" \/>\n<meta property=\"og:type\" content=\"article\" \/>\n<meta property=\"og:title\" content=\"Injektionsm\u00f6rtel f\u00fcr Beton und Mauerwerk\" \/>\n<meta property=\"og:description\" content=\"Injektionsm\u00f6rtel f\u00fcr Beton und Mauerwerk \u25ba Sichere Bezahlung \u2713 Geld-Zur\u00fcck-Garantie \u2713 Schnelle Lieferung \u2713 Jetzt kaufen\" \/>\n<meta property=\"og:url\" content=\"https:\/\/shop.boga-solar.de\/en\/produkt\/injektionsmoertel-fuer-beton-und-mauerwerk\/\" \/>\n<meta property=\"og:site_name\" content=\"BOGA Solar GmbH\" \/>\n<meta property=\"article:modified_time\" content=\"2025-01-03T20:05:22+00:00\" \/>\n<meta property=\"og:image\" content=\"https:\/\/shop.boga-solar.de\/wp-content\/uploads\/2024\/09\/Injenktionsmoertel_online-1.jpg\" \/>\n\t<meta property=\"og:image:width\" content=\"2400\" \/>\n\t<meta property=\"og:image:height\" content=\"1400\" \/>\n\t<meta property=\"og:image:type\" content=\"image\/jpeg\" \/>\n<meta name=\"twitter:card\" content=\"summary_large_image\" \/>\n<meta name=\"twitter:label1\" content=\"Est. reading time\" \/>\n\t<meta name=\"twitter:data1\" content=\"1 minute\" \/>\n<script type=\"application\/ld+json\" class=\"yoast-schema-graph\">{\"@context\":\"https:\\\/\\\/schema.org\",\"@graph\":[{\"@type\":\"WebPage\",\"@id\":\"https:\\\/\\\/shop.boga-solar.de\\\/en\\\/produkt\\\/injektionsmoertel-fuer-beton-und-mauerwerk\\\/\",\"url\":\"https:\\\/\\\/shop.boga-solar.de\\\/en\\\/produkt\\\/injektionsmoertel-fuer-beton-und-mauerwerk\\\/\",\"name\":\"Injektionsm\u00f6rtel f\u00fcr Beton und Mauerwerk\",\"isPartOf\":{\"@id\":\"https:\\\/\\\/shop.boga-solar.de\\\/en\\\/#website\"},\"primaryImageOfPage\":{\"@id\":\"https:\\\/\\\/shop.boga-solar.de\\\/en\\\/produkt\\\/injektionsmoertel-fuer-beton-und-mauerwerk\\\/#primaryimage\"},\"image\":{\"@id\":\"https:\\\/\\\/shop.boga-solar.de\\\/en\\\/produkt\\\/injektionsmoertel-fuer-beton-und-mauerwerk\\\/#primaryimage\"},\"thumbnailUrl\":\"https:\\\/\\\/shop.boga-solar.de\\\/wp-content\\\/uploads\\\/2024\\\/09\\\/Injenktionsmoertel_online-1.jpg\",\"datePublished\":\"2024-09-17T10:49:28+00:00\",\"dateModified\":\"2025-01-03T20:05:22+00:00\",\"description\":\"Injektionsm\u00f6rtel f\u00fcr Beton und Mauerwerk \u25ba Sichere Bezahlung \u2713 Geld-Zur\u00fcck-Garantie \u2713 Schnelle Lieferung \u2713 Jetzt kaufen\",\"breadcrumb\":{\"@id\":\"https:\\\/\\\/shop.boga-solar.de\\\/en\\\/produkt\\\/injektionsmoertel-fuer-beton-und-mauerwerk\\\/#breadcrumb\"},\"inLanguage\":\"en-US\",\"potentialAction\":[{\"@type\":\"ReadAction\",\"target\":[\"https:\\\/\\\/shop.boga-solar.de\\\/en\\\/produkt\\\/injektionsmoertel-fuer-beton-und-mauerwerk\\\/\"]}]},{\"@type\":\"ImageObject\",\"inLanguage\":\"en-US\",\"@id\":\"https:\\\/\\\/shop.boga-solar.de\\\/en\\\/produkt\\\/injektionsmoertel-fuer-beton-und-mauerwerk\\\/#primaryimage\",\"url\":\"https:\\\/\\\/shop.boga-solar.de\\\/wp-content\\\/uploads\\\/2024\\\/09\\\/Injenktionsmoertel_online-1.jpg\",\"contentUrl\":\"https:\\\/\\\/shop.boga-solar.de\\\/wp-content\\\/uploads\\\/2024\\\/09\\\/Injenktionsmoertel_online-1.jpg\",\"width\":2400,\"height\":1400},{\"@type\":\"BreadcrumbList\",\"@id\":\"https:\\\/\\\/shop.boga-solar.de\\\/en\\\/produkt\\\/injektionsmoertel-fuer-beton-und-mauerwerk\\\/#breadcrumb\",\"itemListElement\":[{\"@type\":\"ListItem\",\"position\":1,\"name\":\"Startseite\",\"item\":\"https:\\\/\\\/shop.boga-solar.de\\\/en\\\/\"},{\"@type\":\"ListItem\",\"position\":2,\"name\":\"Shop\",\"item\":\"https:\\\/\\\/shop.boga-solar.de\\\/en\\\/shop\\\/\"},{\"@type\":\"ListItem\",\"position\":3,\"name\":\"Injection mortar for concrete and masonry\"}]},{\"@type\":\"WebSite\",\"@id\":\"https:\\\/\\\/shop.boga-solar.de\\\/en\\\/#website\",\"url\":\"https:\\\/\\\/shop.boga-solar.de\\\/en\\\/\",\"name\":\"BOGA Solar GmbH\",\"description\":\"\",\"publisher\":{\"@id\":\"https:\\\/\\\/shop.boga-solar.de\\\/en\\\/#organization\"},\"potentialAction\":[{\"@type\":\"SearchAction\",\"target\":{\"@type\":\"EntryPoint\",\"urlTemplate\":\"https:\\\/\\\/shop.boga-solar.de\\\/en\\\/?s={search_term_string}\"},\"query-input\":{\"@type\":\"PropertyValueSpecification\",\"valueRequired\":true,\"valueName\":\"search_term_string\"}}],\"inLanguage\":\"en-US\"},{\"@type\":\"Organization\",\"@id\":\"https:\\\/\\\/shop.boga-solar.de\\\/en\\\/#organization\",\"name\":\"BOGA Trading\",\"url\":\"https:\\\/\\\/shop.boga-solar.de\\\/en\\\/\",\"logo\":{\"@type\":\"ImageObject\",\"inLanguage\":\"en-US\",\"@id\":\"https:\\\/\\\/shop.boga-solar.de\\\/en\\\/#\\\/schema\\\/logo\\\/image\\\/\",\"url\":\"https:\\\/\\\/shop.boga-solar.de\\\/wp-content\\\/uploads\\\/2024\\\/09\\\/logo-neu.svg\",\"contentUrl\":\"https:\\\/\\\/shop.boga-solar.de\\\/wp-content\\\/uploads\\\/2024\\\/09\\\/logo-neu.svg\",\"caption\":\"BOGA Trading\"},\"image\":{\"@id\":\"https:\\\/\\\/shop.boga-solar.de\\\/en\\\/#\\\/schema\\\/logo\\\/image\\\/\"}}]}<\/script>\n<!-- \/ Yoast SEO plugin. -->","yoast_head_json":{"title":"Injektionsm\u00f6rtel f\u00fcr Beton und Mauerwerk","description":"Injektionsm\u00f6rtel f\u00fcr Beton und Mauerwerk \u25ba Sichere Bezahlung \u2713 Geld-Zur\u00fcck-Garantie \u2713 Schnelle Lieferung \u2713 Jetzt kaufen","robots":{"index":"index","follow":"follow","max-snippet":"max-snippet:-1","max-image-preview":"max-image-preview:large","max-video-preview":"max-video-preview:-1"},"canonical":"https:\/\/shop.boga-solar.de\/en\/produkt\/injektionsmoertel-fuer-beton-und-mauerwerk\/","og_locale":"en_US","og_type":"article","og_title":"Injektionsm\u00f6rtel f\u00fcr Beton und Mauerwerk","og_description":"Injektionsm\u00f6rtel f\u00fcr Beton und Mauerwerk \u25ba Sichere Bezahlung \u2713 Geld-Zur\u00fcck-Garantie \u2713 Schnelle Lieferung \u2713 Jetzt kaufen","og_url":"https:\/\/shop.boga-solar.de\/en\/produkt\/injektionsmoertel-fuer-beton-und-mauerwerk\/","og_site_name":"BOGA Solar GmbH","article_modified_time":"2025-01-03T20:05:22+00:00","og_image":[{"width":2400,"height":1400,"url":"https:\/\/shop.boga-solar.de\/wp-content\/uploads\/2024\/09\/Injenktionsmoertel_online-1.jpg","type":"image\/jpeg"}],"twitter_card":"summary_large_image","twitter_misc":{"Est. reading time":"1 minute"},"schema":{"@context":"https:\/\/schema.org","@graph":[{"@type":"WebPage","@id":"https:\/\/shop.boga-solar.de\/en\/produkt\/injektionsmoertel-fuer-beton-und-mauerwerk\/","url":"https:\/\/shop.boga-solar.de\/en\/produkt\/injektionsmoertel-fuer-beton-und-mauerwerk\/","name":"Injektionsm\u00f6rtel f\u00fcr Beton und Mauerwerk","isPartOf":{"@id":"https:\/\/shop.boga-solar.de\/en\/#website"},"primaryImageOfPage":{"@id":"https:\/\/shop.boga-solar.de\/en\/produkt\/injektionsmoertel-fuer-beton-und-mauerwerk\/#primaryimage"},"image":{"@id":"https:\/\/shop.boga-solar.de\/en\/produkt\/injektionsmoertel-fuer-beton-und-mauerwerk\/#primaryimage"},"thumbnailUrl":"https:\/\/shop.boga-solar.de\/wp-content\/uploads\/2024\/09\/Injenktionsmoertel_online-1.jpg","datePublished":"2024-09-17T10:49:28+00:00","dateModified":"2025-01-03T20:05:22+00:00","description":"Injektionsm\u00f6rtel f\u00fcr Beton und Mauerwerk \u25ba Sichere Bezahlung \u2713 Geld-Zur\u00fcck-Garantie \u2713 Schnelle Lieferung \u2713 Jetzt kaufen","breadcrumb":{"@id":"https:\/\/shop.boga-solar.de\/en\/produkt\/injektionsmoertel-fuer-beton-und-mauerwerk\/#breadcrumb"},"inLanguage":"en-US","potentialAction":[{"@type":"ReadAction","target":["https:\/\/shop.boga-solar.de\/en\/produkt\/injektionsmoertel-fuer-beton-und-mauerwerk\/"]}]},{"@type":"ImageObject","inLanguage":"en-US","@id":"https:\/\/shop.boga-solar.de\/en\/produkt\/injektionsmoertel-fuer-beton-und-mauerwerk\/#primaryimage","url":"https:\/\/shop.boga-solar.de\/wp-content\/uploads\/2024\/09\/Injenktionsmoertel_online-1.jpg","contentUrl":"https:\/\/shop.boga-solar.de\/wp-content\/uploads\/2024\/09\/Injenktionsmoertel_online-1.jpg","width":2400,"height":1400},{"@type":"BreadcrumbList","@id":"https:\/\/shop.boga-solar.de\/en\/produkt\/injektionsmoertel-fuer-beton-und-mauerwerk\/#breadcrumb","itemListElement":[{"@type":"ListItem","position":1,"name":"Startseite","item":"https:\/\/shop.boga-solar.de\/en\/"},{"@type":"ListItem","position":2,"name":"Shop","item":"https:\/\/shop.boga-solar.de\/en\/shop\/"},{"@type":"ListItem","position":3,"name":"Injection mortar for concrete and masonry"}]},{"@type":"WebSite","@id":"https:\/\/shop.boga-solar.de\/en\/#website","url":"https:\/\/shop.boga-solar.de\/en\/","name":"BOGA Solar GmbH","description":"","publisher":{"@id":"https:\/\/shop.boga-solar.de\/en\/#organization"},"potentialAction":[{"@type":"SearchAction","target":{"@type":"EntryPoint","urlTemplate":"https:\/\/shop.boga-solar.de\/en\/?s={search_term_string}"},"query-input":{"@type":"PropertyValueSpecification","valueRequired":true,"valueName":"search_term_string"}}],"inLanguage":"en-US"},{"@type":"Organization","@id":"https:\/\/shop.boga-solar.de\/en\/#organization","name":"BOGA Trading","url":"https:\/\/shop.boga-solar.de\/en\/","logo":{"@type":"ImageObject","inLanguage":"en-US","@id":"https:\/\/shop.boga-solar.de\/en\/#\/schema\/logo\/image\/","url":"https:\/\/shop.boga-solar.de\/wp-content\/uploads\/2024\/09\/logo-neu.svg","contentUrl":"https:\/\/shop.boga-solar.de\/wp-content\/uploads\/2024\/09\/logo-neu.svg","caption":"BOGA Trading"},"image":{"@id":"https:\/\/shop.boga-solar.de\/en\/#\/schema\/logo\/image\/"}}]}},"jetpack_sharing_enabled":true,"_links":{"self":[{"href":"https:\/\/shop.boga-solar.de\/en\/wp-json\/wp\/v2\/product\/10664","targetHints":{"allow":["GET"]}}],"collection":[{"href":"https:\/\/shop.boga-solar.de\/en\/wp-json\/wp\/v2\/product"}],"about":[{"href":"https:\/\/shop.boga-solar.de\/en\/wp-json\/wp\/v2\/types\/product"}],"wp:featuredmedia":[{"embeddable":true,"href":"https:\/\/shop.boga-solar.de\/en\/wp-json\/wp\/v2\/media\/10089"}],"wp:attachment":[{"href":"https:\/\/shop.boga-solar.de\/en\/wp-json\/wp\/v2\/media?parent=10664"}],"wp:term":[{"taxonomy":"product_brand","embeddable":true,"href":"https:\/\/shop.boga-solar.de\/en\/wp-json\/wp\/v2\/product_brand?post=10664"},{"taxonomy":"product_cat","embeddable":true,"href":"https:\/\/shop.boga-solar.de\/en\/wp-json\/wp\/v2\/product_cat?post=10664"},{"taxonomy":"product_tag","embeddable":true,"href":"https:\/\/shop.boga-solar.de\/en\/wp-json\/wp\/v2\/product_tag?post=10664"}],"curies":[{"name":"wp","href":"https:\/\/api.w.org\/{rel}","templated":true}]}}