{"id":10699,"date":"2024-09-12T14:11:08","date_gmt":"2024-09-12T12:11:08","guid":{"rendered":"https:\/\/shop.boga-solar.de\/?post_type=product&#038;p=10699"},"modified":"2025-01-21T12:10:55","modified_gmt":"2025-01-21T11:10:55","slug":"k2-dome-6-10-sd","status":"publish","type":"product","link":"https:\/\/shop.boga-solar.de\/en\/produkt\/k2-dome-6-10-sd\/","title":{"rendered":"K2 Dome 6.10 SD"},"content":{"rendered":"<div class=\"flex-shrink-0 flex flex-col relative items-end\">\n<div class=\"pt-0\">\n<div class=\"gizmo-bot-avatar flex h-8 w-8 items-center justify-center overflow-hidden rounded-full\">\n<div class=\"relative p-1 rounded-sm flex items-center justify-center bg-token-main-surface-primary text-token-text-primary h-8 w-8\">\n<p>Stable mounting with the K2 Dome 6.10 SD<br \/>\nThe K2 Dome 6.10 SD offers an excellent solution for mounting solar modules on flat roofs. With its stable construction, this system is ideal for use on roofs without slope. The K2 Dome ensures safe and reliable installation of your solar system, even in challenging weather conditions.<\/p>\n<p>Robust materials for long-term reliability<br \/>\nThe K2 Dome 6.10 is made of high-strength, corrosion resistant material that is known for its durability. The high-quality workmanship ensures that the fastening remains stable even in extreme weather conditions. This robustness reliably protects your solar system from damage and extends the service life of the entire installation.<\/p>\n<p>Easy installation and adaptability<br \/>\nThe design of the K2 Dome 6.10 allows for quick and easy installation. Thanks to the flexible adjustment options, the dome system can be mounted on different flat roof surfaces. The prefabricated components reduce installation time and greatly facilitate assembly without the need for special tools.<\/p>\n<p>Optimising the performance of your solar system<br \/>\nWith the K2 Dome 6.10 you can improve the performance of your solar system. The dome ensures even load distribution and thus supports maximum efficiency of the solar modules. The stable mounting increases the energy yield and optimises the longevity of your solar system.<\/p>\n<p>Versatile application possibilities<br \/>\nThe K2 Dome 6.10 is suitable for both private and commercial solar systems. Its versatility makes it the ideal choice for various flat roof installation scenarios, whether for small residential projects or large commercial applications.<\/p>\n<\/div>\n<\/div>\n<\/div>\n<\/div>\n","protected":false},"excerpt":{"rendered":"<p>VAT is not applicable &amp; plus shipping costs<\/p>\n<p>The K2 Dome 6.10 SD offers stable mounting for solar modules on flat roofs. Robust design, easy assembly, ideal for various flat roof projects.<\/p>\n<p>&nbsp;<\/p>\n<p>&nbsp;<\/p>\n<p>&nbsp;<\/p>\n","protected":false},"featured_media":10072,"template":"","meta":{"_acf_changed":false},"product_brand":[],"product_cat":[67],"product_tag":[],"class_list":{"0":"post-10699","1":"product","2":"type-product","3":"status-publish","4":"has-post-thumbnail","6":"product_cat-angebote","7":"product_shipping_class-normalversand-799e-en","9":"first","10":"instock","11":"taxable","12":"shipping-taxable","13":"purchasable","14":"product-type-simple"},"acf":[],"yoast_head":"<!-- This site is optimized with the Yoast SEO plugin v27.3 - https:\/\/yoast.com\/product\/yoast-seo-wordpress\/ -->\n<title>K2 Dome 6.10 SD<\/title>\n<meta name=\"description\" content=\"Der K2 Dome 6.10 SD bietet stabile Befestigung f\u00fcr Solarmodule auf Flachd\u00e4chern. Robustes Design, einfache Montage, ideal f\u00fcr verschiedene Flachdach.\" \/>\n<meta name=\"robots\" content=\"index, follow, max-snippet:-1, max-image-preview:large, max-video-preview:-1\" \/>\n<link rel=\"canonical\" href=\"https:\/\/shop.boga-solar.de\/en\/produkt\/k2-dome-6-10-sd\/\" \/>\n<meta property=\"og:locale\" content=\"en_US\" \/>\n<meta property=\"og:type\" content=\"article\" \/>\n<meta property=\"og:title\" content=\"K2 Dome 6.10 SD\" \/>\n<meta property=\"og:description\" content=\"Der K2 Dome 6.10 SD bietet stabile Befestigung f\u00fcr Solarmodule auf Flachd\u00e4chern. Robustes Design, einfache Montage, ideal f\u00fcr verschiedene Flachdach.\" \/>\n<meta property=\"og:url\" content=\"https:\/\/shop.boga-solar.de\/en\/produkt\/k2-dome-6-10-sd\/\" \/>\n<meta property=\"og:site_name\" content=\"BOGA Solar GmbH\" \/>\n<meta property=\"article:modified_time\" content=\"2025-01-21T11:10:55+00:00\" \/>\n<meta property=\"og:image\" content=\"https:\/\/shop.boga-solar.de\/wp-content\/uploads\/2024\/09\/Bildschirmfoto_12-9-2024_141124_solarhandel24.de_.jpeg\" \/>\n\t<meta property=\"og:image:width\" content=\"733\" \/>\n\t<meta property=\"og:image:height\" content=\"725\" \/>\n\t<meta property=\"og:image:type\" content=\"image\/jpeg\" \/>\n<meta name=\"twitter:card\" content=\"summary_large_image\" \/>\n<meta name=\"twitter:label1\" content=\"Est. reading time\" \/>\n\t<meta name=\"twitter:data1\" content=\"2 minutes\" \/>\n<script type=\"application\/ld+json\" class=\"yoast-schema-graph\">{\"@context\":\"https:\\\/\\\/schema.org\",\"@graph\":[{\"@type\":\"WebPage\",\"@id\":\"https:\\\/\\\/shop.boga-solar.de\\\/en\\\/produkt\\\/k2-dome-6-10-sd\\\/\",\"url\":\"https:\\\/\\\/shop.boga-solar.de\\\/en\\\/produkt\\\/k2-dome-6-10-sd\\\/\",\"name\":\"K2 Dome 6.10 SD\",\"isPartOf\":{\"@id\":\"https:\\\/\\\/shop.boga-solar.de\\\/en\\\/#website\"},\"primaryImageOfPage\":{\"@id\":\"https:\\\/\\\/shop.boga-solar.de\\\/en\\\/produkt\\\/k2-dome-6-10-sd\\\/#primaryimage\"},\"image\":{\"@id\":\"https:\\\/\\\/shop.boga-solar.de\\\/en\\\/produkt\\\/k2-dome-6-10-sd\\\/#primaryimage\"},\"thumbnailUrl\":\"https:\\\/\\\/shop.boga-solar.de\\\/wp-content\\\/uploads\\\/2024\\\/09\\\/Bildschirmfoto_12-9-2024_141124_solarhandel24.de_.jpeg\",\"datePublished\":\"2024-09-12T12:11:08+00:00\",\"dateModified\":\"2025-01-21T11:10:55+00:00\",\"description\":\"Der K2 Dome 6.10 SD bietet stabile Befestigung f\u00fcr Solarmodule auf Flachd\u00e4chern. Robustes Design, einfache Montage, ideal f\u00fcr verschiedene Flachdach.\",\"breadcrumb\":{\"@id\":\"https:\\\/\\\/shop.boga-solar.de\\\/en\\\/produkt\\\/k2-dome-6-10-sd\\\/#breadcrumb\"},\"inLanguage\":\"en-US\",\"potentialAction\":[{\"@type\":\"ReadAction\",\"target\":[\"https:\\\/\\\/shop.boga-solar.de\\\/en\\\/produkt\\\/k2-dome-6-10-sd\\\/\"]}]},{\"@type\":\"ImageObject\",\"inLanguage\":\"en-US\",\"@id\":\"https:\\\/\\\/shop.boga-solar.de\\\/en\\\/produkt\\\/k2-dome-6-10-sd\\\/#primaryimage\",\"url\":\"https:\\\/\\\/shop.boga-solar.de\\\/wp-content\\\/uploads\\\/2024\\\/09\\\/Bildschirmfoto_12-9-2024_141124_solarhandel24.de_.jpeg\",\"contentUrl\":\"https:\\\/\\\/shop.boga-solar.de\\\/wp-content\\\/uploads\\\/2024\\\/09\\\/Bildschirmfoto_12-9-2024_141124_solarhandel24.de_.jpeg\",\"width\":733,\"height\":725},{\"@type\":\"BreadcrumbList\",\"@id\":\"https:\\\/\\\/shop.boga-solar.de\\\/en\\\/produkt\\\/k2-dome-6-10-sd\\\/#breadcrumb\",\"itemListElement\":[{\"@type\":\"ListItem\",\"position\":1,\"name\":\"Startseite\",\"item\":\"https:\\\/\\\/shop.boga-solar.de\\\/en\\\/\"},{\"@type\":\"ListItem\",\"position\":2,\"name\":\"Shop\",\"item\":\"https:\\\/\\\/shop.boga-solar.de\\\/en\\\/shop\\\/\"},{\"@type\":\"ListItem\",\"position\":3,\"name\":\"K2 Dome 6.10 SD\"}]},{\"@type\":\"WebSite\",\"@id\":\"https:\\\/\\\/shop.boga-solar.de\\\/en\\\/#website\",\"url\":\"https:\\\/\\\/shop.boga-solar.de\\\/en\\\/\",\"name\":\"BOGA Solar GmbH\",\"description\":\"\",\"publisher\":{\"@id\":\"https:\\\/\\\/shop.boga-solar.de\\\/en\\\/#organization\"},\"potentialAction\":[{\"@type\":\"SearchAction\",\"target\":{\"@type\":\"EntryPoint\",\"urlTemplate\":\"https:\\\/\\\/shop.boga-solar.de\\\/en\\\/?s={search_term_string}\"},\"query-input\":{\"@type\":\"PropertyValueSpecification\",\"valueRequired\":true,\"valueName\":\"search_term_string\"}}],\"inLanguage\":\"en-US\"},{\"@type\":\"Organization\",\"@id\":\"https:\\\/\\\/shop.boga-solar.de\\\/en\\\/#organization\",\"name\":\"BOGA Trading\",\"url\":\"https:\\\/\\\/shop.boga-solar.de\\\/en\\\/\",\"logo\":{\"@type\":\"ImageObject\",\"inLanguage\":\"en-US\",\"@id\":\"https:\\\/\\\/shop.boga-solar.de\\\/en\\\/#\\\/schema\\\/logo\\\/image\\\/\",\"url\":\"https:\\\/\\\/shop.boga-solar.de\\\/wp-content\\\/uploads\\\/2024\\\/09\\\/logo-neu.svg\",\"contentUrl\":\"https:\\\/\\\/shop.boga-solar.de\\\/wp-content\\\/uploads\\\/2024\\\/09\\\/logo-neu.svg\",\"caption\":\"BOGA Trading\"},\"image\":{\"@id\":\"https:\\\/\\\/shop.boga-solar.de\\\/en\\\/#\\\/schema\\\/logo\\\/image\\\/\"}}]}<\/script>\n<!-- \/ Yoast SEO plugin. -->","yoast_head_json":{"title":"K2 Dome 6.10 SD","description":"Der K2 Dome 6.10 SD bietet stabile Befestigung f\u00fcr Solarmodule auf Flachd\u00e4chern. Robustes Design, einfache Montage, ideal f\u00fcr verschiedene Flachdach.","robots":{"index":"index","follow":"follow","max-snippet":"max-snippet:-1","max-image-preview":"max-image-preview:large","max-video-preview":"max-video-preview:-1"},"canonical":"https:\/\/shop.boga-solar.de\/en\/produkt\/k2-dome-6-10-sd\/","og_locale":"en_US","og_type":"article","og_title":"K2 Dome 6.10 SD","og_description":"Der K2 Dome 6.10 SD bietet stabile Befestigung f\u00fcr Solarmodule auf Flachd\u00e4chern. Robustes Design, einfache Montage, ideal f\u00fcr verschiedene Flachdach.","og_url":"https:\/\/shop.boga-solar.de\/en\/produkt\/k2-dome-6-10-sd\/","og_site_name":"BOGA Solar GmbH","article_modified_time":"2025-01-21T11:10:55+00:00","og_image":[{"width":733,"height":725,"url":"https:\/\/shop.boga-solar.de\/wp-content\/uploads\/2024\/09\/Bildschirmfoto_12-9-2024_141124_solarhandel24.de_.jpeg","type":"image\/jpeg"}],"twitter_card":"summary_large_image","twitter_misc":{"Est. reading time":"2 minutes"},"schema":{"@context":"https:\/\/schema.org","@graph":[{"@type":"WebPage","@id":"https:\/\/shop.boga-solar.de\/en\/produkt\/k2-dome-6-10-sd\/","url":"https:\/\/shop.boga-solar.de\/en\/produkt\/k2-dome-6-10-sd\/","name":"K2 Dome 6.10 SD","isPartOf":{"@id":"https:\/\/shop.boga-solar.de\/en\/#website"},"primaryImageOfPage":{"@id":"https:\/\/shop.boga-solar.de\/en\/produkt\/k2-dome-6-10-sd\/#primaryimage"},"image":{"@id":"https:\/\/shop.boga-solar.de\/en\/produkt\/k2-dome-6-10-sd\/#primaryimage"},"thumbnailUrl":"https:\/\/shop.boga-solar.de\/wp-content\/uploads\/2024\/09\/Bildschirmfoto_12-9-2024_141124_solarhandel24.de_.jpeg","datePublished":"2024-09-12T12:11:08+00:00","dateModified":"2025-01-21T11:10:55+00:00","description":"Der K2 Dome 6.10 SD bietet stabile Befestigung f\u00fcr Solarmodule auf Flachd\u00e4chern. Robustes Design, einfache Montage, ideal f\u00fcr verschiedene Flachdach.","breadcrumb":{"@id":"https:\/\/shop.boga-solar.de\/en\/produkt\/k2-dome-6-10-sd\/#breadcrumb"},"inLanguage":"en-US","potentialAction":[{"@type":"ReadAction","target":["https:\/\/shop.boga-solar.de\/en\/produkt\/k2-dome-6-10-sd\/"]}]},{"@type":"ImageObject","inLanguage":"en-US","@id":"https:\/\/shop.boga-solar.de\/en\/produkt\/k2-dome-6-10-sd\/#primaryimage","url":"https:\/\/shop.boga-solar.de\/wp-content\/uploads\/2024\/09\/Bildschirmfoto_12-9-2024_141124_solarhandel24.de_.jpeg","contentUrl":"https:\/\/shop.boga-solar.de\/wp-content\/uploads\/2024\/09\/Bildschirmfoto_12-9-2024_141124_solarhandel24.de_.jpeg","width":733,"height":725},{"@type":"BreadcrumbList","@id":"https:\/\/shop.boga-solar.de\/en\/produkt\/k2-dome-6-10-sd\/#breadcrumb","itemListElement":[{"@type":"ListItem","position":1,"name":"Startseite","item":"https:\/\/shop.boga-solar.de\/en\/"},{"@type":"ListItem","position":2,"name":"Shop","item":"https:\/\/shop.boga-solar.de\/en\/shop\/"},{"@type":"ListItem","position":3,"name":"K2 Dome 6.10 SD"}]},{"@type":"WebSite","@id":"https:\/\/shop.boga-solar.de\/en\/#website","url":"https:\/\/shop.boga-solar.de\/en\/","name":"BOGA Solar GmbH","description":"","publisher":{"@id":"https:\/\/shop.boga-solar.de\/en\/#organization"},"potentialAction":[{"@type":"SearchAction","target":{"@type":"EntryPoint","urlTemplate":"https:\/\/shop.boga-solar.de\/en\/?s={search_term_string}"},"query-input":{"@type":"PropertyValueSpecification","valueRequired":true,"valueName":"search_term_string"}}],"inLanguage":"en-US"},{"@type":"Organization","@id":"https:\/\/shop.boga-solar.de\/en\/#organization","name":"BOGA Trading","url":"https:\/\/shop.boga-solar.de\/en\/","logo":{"@type":"ImageObject","inLanguage":"en-US","@id":"https:\/\/shop.boga-solar.de\/en\/#\/schema\/logo\/image\/","url":"https:\/\/shop.boga-solar.de\/wp-content\/uploads\/2024\/09\/logo-neu.svg","contentUrl":"https:\/\/shop.boga-solar.de\/wp-content\/uploads\/2024\/09\/logo-neu.svg","caption":"BOGA Trading"},"image":{"@id":"https:\/\/shop.boga-solar.de\/en\/#\/schema\/logo\/image\/"}}]}},"jetpack_sharing_enabled":true,"_links":{"self":[{"href":"https:\/\/shop.boga-solar.de\/en\/wp-json\/wp\/v2\/product\/10699","targetHints":{"allow":["GET"]}}],"collection":[{"href":"https:\/\/shop.boga-solar.de\/en\/wp-json\/wp\/v2\/product"}],"about":[{"href":"https:\/\/shop.boga-solar.de\/en\/wp-json\/wp\/v2\/types\/product"}],"wp:featuredmedia":[{"embeddable":true,"href":"https:\/\/shop.boga-solar.de\/en\/wp-json\/wp\/v2\/media\/10072"}],"wp:attachment":[{"href":"https:\/\/shop.boga-solar.de\/en\/wp-json\/wp\/v2\/media?parent=10699"}],"wp:term":[{"taxonomy":"product_brand","embeddable":true,"href":"https:\/\/shop.boga-solar.de\/en\/wp-json\/wp\/v2\/product_brand?post=10699"},{"taxonomy":"product_cat","embeddable":true,"href":"https:\/\/shop.boga-solar.de\/en\/wp-json\/wp\/v2\/product_cat?post=10699"},{"taxonomy":"product_tag","embeddable":true,"href":"https:\/\/shop.boga-solar.de\/en\/wp-json\/wp\/v2\/product_tag?post=10699"}],"curies":[{"name":"wp","href":"https:\/\/api.w.org\/{rel}","templated":true}]}}