{"id":10730,"date":"2024-09-12T13:29:14","date_gmt":"2024-09-12T11:29:14","guid":{"rendered":"https:\/\/shop.boga-solar.de\/?post_type=product&#038;p=10730"},"modified":"2025-01-21T13:37:17","modified_gmt":"2025-01-21T12:37:17","slug":"k2-minirail-mk2-set","status":"publish","type":"product","link":"https:\/\/shop.boga-solar.de\/en\/produkt\/k2-minirail-mk2-set\/","title":{"rendered":"K2 MiniRail MK2 Set &#8211; Sloping roof trapezoidal sheet"},"content":{"rendered":"<p>Effective fastening solution for trapezoidal sheet roofs<br \/>\nThe K2 MiniRail MK2 set has been specially developed for the secure mounting of solar modules on inclined roof trapezoidal sheets. It offers a robust solution that meets the requirements of modern solar systems. With this set you can ensure that your solar modules are mounted on the roof stably and reliably.<\/p>\n<p>High-quality materials for long-term use<br \/>\nThe K2 MiniRail MK2 set is made of high quality, corrosion-resistant aluminum. This choice of material not only guarantees a long service life, but also resistance to the harsh conditions that can occur during outdoor use. The processing is precise, which makes assembly easier and increases the stability of the entire solar system.<\/p>\n<p>Easy installation and flexible customization<br \/>\nThe installation of the K2 MiniRail MK2 set is user friendly. The set contains all necessary components that allow quick and easy assembly. The modular design allows you to flexibly adapt the set to different roof geometries and types. This flexibility makes it an ideal choice for a variety of trapezoidal sheet roof structures.<\/p>\n<p>Improved performance and safety of the solar system<br \/>\nWith the K2 MiniRail MK2 set you not only optimize the safety of your solar modules, but also contribute to improving the overall performance of your solar system. The stable mounting reduces the risk of module staining or damage, which maximizes the efficiency of your photovoltaic system in the long term.<\/p>\n<p>Versatile for various applications<br \/>\nThis mounting kit is suitable for both private and commercial solar systems. The high functionality and easy handling help to reduce installation costs and optimize the performance of the solar system.<\/p>\n","protected":false},"excerpt":{"rendered":"<div class=\"group w-full text-gray-800 dark:text-gray-100 border-b border-black\/10 dark:border-gray-900\/50 bg-gray-50 dark:bg-[#444654]\">\n<div class=\"text-base gap-4 md:gap-6 md:max-w-2xl lg:max-w-2xl xl:max-w-3xl p-4 md:py-6 flex lg:px-0 m-auto\">\n<div class=\"relative flex w-[calc(100%-50px)] flex-col gap-1 md:gap-3 lg:w-[calc(100%-115px)]\">\n<div class=\"flex flex-grow flex-col gap-3\">\n<div class=\"min-h-[20px] flex flex-col items-start gap-4 whitespace-pre-wrap\">\n<div class=\"markdown prose w-full break-words dark:prose-invert light\">\n<div class=\"group w-full text-token-text-primary border-b border-black\/10 dark:border-gray-900\/50 bg-gray-50 dark:bg-[#444654]\">\n<div class=\"flex p-4 gap-4 text-base md:gap-6 md:max-w-2xl lg:max-w-[38rem] xl:max-w-3xl md:py-6 lg:px-0 m-auto\">\n<div class=\"relative flex w-[calc(100%-50px)] flex-col gap-1 md:gap-3 lg:w-[calc(100%-115px)]\">\n<div class=\"flex flex-grow flex-col gap-3\">\n<div class=\"min-h-[20px] flex flex-col items-start gap-3 overflow-x-auto whitespace-pre-wrap break-words\">\n<div class=\"woocommerce-product-details__short-description\">\n<ul>\n<li>\n<div class=\"flex-shrink-0 flex flex-col relative items-end\">\n<div class=\"pt-0\">\n<div class=\"gizmo-bot-avatar flex h-8 w-8 items-center justify-center overflow-hidden rounded-full\">\n<div class=\"relative p-1 rounded-sm flex items-center justify-center bg-token-main-surface-primary text-token-text-primary h-8 w-8\">\n<p>VAT is not applicable &amp; plus shipping costs<\/p>\n<p>K2 MiniRail MK2 Set for Sloping Roof Trapezoidal sheet metal provides a secure mounting of solar modules.<\/p>\n<p>&nbsp;<\/p>\n<\/div>\n<\/div>\n<\/div>\n<\/div>\n<\/li>\n<\/ul>\n<\/div>\n<\/div>\n<\/div>\n<\/div>\n<\/div>\n<\/div>\n<\/div>\n<\/div>\n<\/div>\n<\/div>\n<\/div>\n<\/div>\n","protected":false},"featured_media":10062,"template":"","meta":{"_acf_changed":false},"product_brand":[],"product_cat":[67],"product_tag":[],"class_list":{"0":"post-10730","1":"product","2":"type-product","3":"status-publish","4":"has-post-thumbnail","6":"product_cat-angebote","7":"product_shipping_class-normalversand-799e-en","9":"first","10":"instock","11":"taxable","12":"shipping-taxable","13":"purchasable","14":"product-type-simple"},"acf":[],"yoast_head":"<!-- This site is optimized with the Yoast SEO plugin v27.3 - https:\/\/yoast.com\/product\/yoast-seo-wordpress\/ -->\n<title>K2 MiniRail MK2 Set<\/title>\n<meta name=\"description\" content=\"Das K2 MiniRail MK2 Set f\u00fcr Schr\u00e4gdach Trapezblech bietet eine sichere, langlebige Befestigungsl\u00f6sung f\u00fcr Solarmodule. Robust, einfach zu montieren.\" \/>\n<meta name=\"robots\" content=\"index, follow, max-snippet:-1, max-image-preview:large, max-video-preview:-1\" \/>\n<link rel=\"canonical\" href=\"https:\/\/shop.boga-solar.de\/en\/produkt\/k2-minirail-mk2-set\/\" \/>\n<meta property=\"og:locale\" content=\"en_US\" \/>\n<meta property=\"og:type\" content=\"article\" \/>\n<meta property=\"og:title\" content=\"K2 MiniRail MK2 Set\" \/>\n<meta property=\"og:description\" content=\"Das K2 MiniRail MK2 Set f\u00fcr Schr\u00e4gdach Trapezblech bietet eine sichere, langlebige Befestigungsl\u00f6sung f\u00fcr Solarmodule. Robust, einfach zu montieren.\" \/>\n<meta property=\"og:url\" content=\"https:\/\/shop.boga-solar.de\/en\/produkt\/k2-minirail-mk2-set\/\" \/>\n<meta property=\"og:site_name\" content=\"BOGA Solar GmbH\" \/>\n<meta property=\"article:modified_time\" content=\"2025-01-21T12:37:17+00:00\" \/>\n<meta property=\"og:image\" content=\"https:\/\/shop.boga-solar.de\/wp-content\/uploads\/2024\/09\/Bildschirmfoto_12-9-2024_13293_solarhandel24.de_.jpeg\" \/>\n\t<meta property=\"og:image:width\" content=\"731\" \/>\n\t<meta property=\"og:image:height\" content=\"728\" \/>\n\t<meta property=\"og:image:type\" content=\"image\/jpeg\" \/>\n<meta name=\"twitter:card\" content=\"summary_large_image\" \/>\n<meta name=\"twitter:label1\" content=\"Est. reading time\" \/>\n\t<meta name=\"twitter:data1\" content=\"2 minutes\" \/>\n<script type=\"application\/ld+json\" class=\"yoast-schema-graph\">{\"@context\":\"https:\\\/\\\/schema.org\",\"@graph\":[{\"@type\":\"WebPage\",\"@id\":\"https:\\\/\\\/shop.boga-solar.de\\\/en\\\/produkt\\\/k2-minirail-mk2-set\\\/\",\"url\":\"https:\\\/\\\/shop.boga-solar.de\\\/en\\\/produkt\\\/k2-minirail-mk2-set\\\/\",\"name\":\"K2 MiniRail MK2 Set\",\"isPartOf\":{\"@id\":\"https:\\\/\\\/shop.boga-solar.de\\\/en\\\/#website\"},\"primaryImageOfPage\":{\"@id\":\"https:\\\/\\\/shop.boga-solar.de\\\/en\\\/produkt\\\/k2-minirail-mk2-set\\\/#primaryimage\"},\"image\":{\"@id\":\"https:\\\/\\\/shop.boga-solar.de\\\/en\\\/produkt\\\/k2-minirail-mk2-set\\\/#primaryimage\"},\"thumbnailUrl\":\"https:\\\/\\\/shop.boga-solar.de\\\/wp-content\\\/uploads\\\/2024\\\/09\\\/Bildschirmfoto_12-9-2024_13293_solarhandel24.de_.jpeg\",\"datePublished\":\"2024-09-12T11:29:14+00:00\",\"dateModified\":\"2025-01-21T12:37:17+00:00\",\"description\":\"Das K2 MiniRail MK2 Set f\u00fcr Schr\u00e4gdach Trapezblech bietet eine sichere, langlebige Befestigungsl\u00f6sung f\u00fcr Solarmodule. Robust, einfach zu montieren.\",\"breadcrumb\":{\"@id\":\"https:\\\/\\\/shop.boga-solar.de\\\/en\\\/produkt\\\/k2-minirail-mk2-set\\\/#breadcrumb\"},\"inLanguage\":\"en-US\",\"potentialAction\":[{\"@type\":\"ReadAction\",\"target\":[\"https:\\\/\\\/shop.boga-solar.de\\\/en\\\/produkt\\\/k2-minirail-mk2-set\\\/\"]}]},{\"@type\":\"ImageObject\",\"inLanguage\":\"en-US\",\"@id\":\"https:\\\/\\\/shop.boga-solar.de\\\/en\\\/produkt\\\/k2-minirail-mk2-set\\\/#primaryimage\",\"url\":\"https:\\\/\\\/shop.boga-solar.de\\\/wp-content\\\/uploads\\\/2024\\\/09\\\/Bildschirmfoto_12-9-2024_13293_solarhandel24.de_.jpeg\",\"contentUrl\":\"https:\\\/\\\/shop.boga-solar.de\\\/wp-content\\\/uploads\\\/2024\\\/09\\\/Bildschirmfoto_12-9-2024_13293_solarhandel24.de_.jpeg\",\"width\":731,\"height\":728},{\"@type\":\"BreadcrumbList\",\"@id\":\"https:\\\/\\\/shop.boga-solar.de\\\/en\\\/produkt\\\/k2-minirail-mk2-set\\\/#breadcrumb\",\"itemListElement\":[{\"@type\":\"ListItem\",\"position\":1,\"name\":\"Startseite\",\"item\":\"https:\\\/\\\/shop.boga-solar.de\\\/en\\\/\"},{\"@type\":\"ListItem\",\"position\":2,\"name\":\"Shop\",\"item\":\"https:\\\/\\\/shop.boga-solar.de\\\/en\\\/shop\\\/\"},{\"@type\":\"ListItem\",\"position\":3,\"name\":\"K2 MiniRail MK2 Set &#8211; Sloping roof trapezoidal sheet\"}]},{\"@type\":\"WebSite\",\"@id\":\"https:\\\/\\\/shop.boga-solar.de\\\/en\\\/#website\",\"url\":\"https:\\\/\\\/shop.boga-solar.de\\\/en\\\/\",\"name\":\"BOGA Solar GmbH\",\"description\":\"\",\"publisher\":{\"@id\":\"https:\\\/\\\/shop.boga-solar.de\\\/en\\\/#organization\"},\"potentialAction\":[{\"@type\":\"SearchAction\",\"target\":{\"@type\":\"EntryPoint\",\"urlTemplate\":\"https:\\\/\\\/shop.boga-solar.de\\\/en\\\/?s={search_term_string}\"},\"query-input\":{\"@type\":\"PropertyValueSpecification\",\"valueRequired\":true,\"valueName\":\"search_term_string\"}}],\"inLanguage\":\"en-US\"},{\"@type\":\"Organization\",\"@id\":\"https:\\\/\\\/shop.boga-solar.de\\\/en\\\/#organization\",\"name\":\"BOGA Trading\",\"url\":\"https:\\\/\\\/shop.boga-solar.de\\\/en\\\/\",\"logo\":{\"@type\":\"ImageObject\",\"inLanguage\":\"en-US\",\"@id\":\"https:\\\/\\\/shop.boga-solar.de\\\/en\\\/#\\\/schema\\\/logo\\\/image\\\/\",\"url\":\"https:\\\/\\\/shop.boga-solar.de\\\/wp-content\\\/uploads\\\/2024\\\/09\\\/logo-neu.svg\",\"contentUrl\":\"https:\\\/\\\/shop.boga-solar.de\\\/wp-content\\\/uploads\\\/2024\\\/09\\\/logo-neu.svg\",\"caption\":\"BOGA Trading\"},\"image\":{\"@id\":\"https:\\\/\\\/shop.boga-solar.de\\\/en\\\/#\\\/schema\\\/logo\\\/image\\\/\"}}]}<\/script>\n<!-- \/ Yoast SEO plugin. -->","yoast_head_json":{"title":"K2 MiniRail MK2 Set","description":"Das K2 MiniRail MK2 Set f\u00fcr Schr\u00e4gdach Trapezblech bietet eine sichere, langlebige Befestigungsl\u00f6sung f\u00fcr Solarmodule. Robust, einfach zu montieren.","robots":{"index":"index","follow":"follow","max-snippet":"max-snippet:-1","max-image-preview":"max-image-preview:large","max-video-preview":"max-video-preview:-1"},"canonical":"https:\/\/shop.boga-solar.de\/en\/produkt\/k2-minirail-mk2-set\/","og_locale":"en_US","og_type":"article","og_title":"K2 MiniRail MK2 Set","og_description":"Das K2 MiniRail MK2 Set f\u00fcr Schr\u00e4gdach Trapezblech bietet eine sichere, langlebige Befestigungsl\u00f6sung f\u00fcr Solarmodule. Robust, einfach zu montieren.","og_url":"https:\/\/shop.boga-solar.de\/en\/produkt\/k2-minirail-mk2-set\/","og_site_name":"BOGA Solar GmbH","article_modified_time":"2025-01-21T12:37:17+00:00","og_image":[{"width":731,"height":728,"url":"https:\/\/shop.boga-solar.de\/wp-content\/uploads\/2024\/09\/Bildschirmfoto_12-9-2024_13293_solarhandel24.de_.jpeg","type":"image\/jpeg"}],"twitter_card":"summary_large_image","twitter_misc":{"Est. reading time":"2 minutes"},"schema":{"@context":"https:\/\/schema.org","@graph":[{"@type":"WebPage","@id":"https:\/\/shop.boga-solar.de\/en\/produkt\/k2-minirail-mk2-set\/","url":"https:\/\/shop.boga-solar.de\/en\/produkt\/k2-minirail-mk2-set\/","name":"K2 MiniRail MK2 Set","isPartOf":{"@id":"https:\/\/shop.boga-solar.de\/en\/#website"},"primaryImageOfPage":{"@id":"https:\/\/shop.boga-solar.de\/en\/produkt\/k2-minirail-mk2-set\/#primaryimage"},"image":{"@id":"https:\/\/shop.boga-solar.de\/en\/produkt\/k2-minirail-mk2-set\/#primaryimage"},"thumbnailUrl":"https:\/\/shop.boga-solar.de\/wp-content\/uploads\/2024\/09\/Bildschirmfoto_12-9-2024_13293_solarhandel24.de_.jpeg","datePublished":"2024-09-12T11:29:14+00:00","dateModified":"2025-01-21T12:37:17+00:00","description":"Das K2 MiniRail MK2 Set f\u00fcr Schr\u00e4gdach Trapezblech bietet eine sichere, langlebige Befestigungsl\u00f6sung f\u00fcr Solarmodule. Robust, einfach zu montieren.","breadcrumb":{"@id":"https:\/\/shop.boga-solar.de\/en\/produkt\/k2-minirail-mk2-set\/#breadcrumb"},"inLanguage":"en-US","potentialAction":[{"@type":"ReadAction","target":["https:\/\/shop.boga-solar.de\/en\/produkt\/k2-minirail-mk2-set\/"]}]},{"@type":"ImageObject","inLanguage":"en-US","@id":"https:\/\/shop.boga-solar.de\/en\/produkt\/k2-minirail-mk2-set\/#primaryimage","url":"https:\/\/shop.boga-solar.de\/wp-content\/uploads\/2024\/09\/Bildschirmfoto_12-9-2024_13293_solarhandel24.de_.jpeg","contentUrl":"https:\/\/shop.boga-solar.de\/wp-content\/uploads\/2024\/09\/Bildschirmfoto_12-9-2024_13293_solarhandel24.de_.jpeg","width":731,"height":728},{"@type":"BreadcrumbList","@id":"https:\/\/shop.boga-solar.de\/en\/produkt\/k2-minirail-mk2-set\/#breadcrumb","itemListElement":[{"@type":"ListItem","position":1,"name":"Startseite","item":"https:\/\/shop.boga-solar.de\/en\/"},{"@type":"ListItem","position":2,"name":"Shop","item":"https:\/\/shop.boga-solar.de\/en\/shop\/"},{"@type":"ListItem","position":3,"name":"K2 MiniRail MK2 Set &#8211; Sloping roof trapezoidal sheet"}]},{"@type":"WebSite","@id":"https:\/\/shop.boga-solar.de\/en\/#website","url":"https:\/\/shop.boga-solar.de\/en\/","name":"BOGA Solar GmbH","description":"","publisher":{"@id":"https:\/\/shop.boga-solar.de\/en\/#organization"},"potentialAction":[{"@type":"SearchAction","target":{"@type":"EntryPoint","urlTemplate":"https:\/\/shop.boga-solar.de\/en\/?s={search_term_string}"},"query-input":{"@type":"PropertyValueSpecification","valueRequired":true,"valueName":"search_term_string"}}],"inLanguage":"en-US"},{"@type":"Organization","@id":"https:\/\/shop.boga-solar.de\/en\/#organization","name":"BOGA Trading","url":"https:\/\/shop.boga-solar.de\/en\/","logo":{"@type":"ImageObject","inLanguage":"en-US","@id":"https:\/\/shop.boga-solar.de\/en\/#\/schema\/logo\/image\/","url":"https:\/\/shop.boga-solar.de\/wp-content\/uploads\/2024\/09\/logo-neu.svg","contentUrl":"https:\/\/shop.boga-solar.de\/wp-content\/uploads\/2024\/09\/logo-neu.svg","caption":"BOGA Trading"},"image":{"@id":"https:\/\/shop.boga-solar.de\/en\/#\/schema\/logo\/image\/"}}]}},"jetpack_sharing_enabled":true,"_links":{"self":[{"href":"https:\/\/shop.boga-solar.de\/en\/wp-json\/wp\/v2\/product\/10730","targetHints":{"allow":["GET"]}}],"collection":[{"href":"https:\/\/shop.boga-solar.de\/en\/wp-json\/wp\/v2\/product"}],"about":[{"href":"https:\/\/shop.boga-solar.de\/en\/wp-json\/wp\/v2\/types\/product"}],"wp:featuredmedia":[{"embeddable":true,"href":"https:\/\/shop.boga-solar.de\/en\/wp-json\/wp\/v2\/media\/10062"}],"wp:attachment":[{"href":"https:\/\/shop.boga-solar.de\/en\/wp-json\/wp\/v2\/media?parent=10730"}],"wp:term":[{"taxonomy":"product_brand","embeddable":true,"href":"https:\/\/shop.boga-solar.de\/en\/wp-json\/wp\/v2\/product_brand?post=10730"},{"taxonomy":"product_cat","embeddable":true,"href":"https:\/\/shop.boga-solar.de\/en\/wp-json\/wp\/v2\/product_cat?post=10730"},{"taxonomy":"product_tag","embeddable":true,"href":"https:\/\/shop.boga-solar.de\/en\/wp-json\/wp\/v2\/product_tag?post=10730"}],"curies":[{"name":"wp","href":"https:\/\/api.w.org\/{rel}","templated":true}]}}