{"id":10731,"date":"2024-09-12T13:23:32","date_gmt":"2024-09-12T11:23:32","guid":{"rendered":"https:\/\/shop.boga-solar.de\/?post_type=product&#038;p=10731"},"modified":"2025-01-21T13:37:22","modified_gmt":"2025-01-21T12:37:22","slug":"k2-ac-terragrif","status":"publish","type":"product","link":"https:\/\/shop.boga-solar.de\/en\/produkt\/k2-ac-terragrif\/","title":{"rendered":"K2 AC Terrace Grill K2SZ"},"content":{"rendered":"<h4><span class=\"ng-star-inserted\" data-index=\"0\">Reliable grounding solution for your solar system<br \/>\n<\/span><span class=\"ng-star-inserted\" data-index=\"1\">The K2 AC Terragrif K2SZ is a first class grounding solution designed to protect your solar system from electrical surges. <\/span><span class=\"ng-star-inserted\" data-index=\"2\">This grounding clamp ensures that your solar system is effectively protected from the dangers of lightning strikes and other electrical disturbances. <\/span><span class=\"ng-star-inserted\" data-index=\"3\">With its robust construction, the terminal guarantees reliable performance even under extreme weather conditions. <\/span><span class=\"ng-star-inserted\" data-index=\"4\">This protects not only the solar modules, but also the entire electrical infrastructure of the plant.<\/p>\n<p><\/span><span class=\"ng-star-inserted\" data-index=\"5\">Durable and resistant materials<br \/>\n<\/span><span class=\"ng-star-inserted\" data-index=\"6\">The K2 AC Terragrif K2SZ is made of corrosion resistant and highly durable materials. <\/span><span class=\"ng-star-inserted\" data-index=\"7\">These materials are specially selected to withstand the demanding outdoor conditions. <\/span><span class=\"ng-star-inserted\" data-index=\"8\">The black anodizing provides additional protection against environmental influences and extends the life of the clamp. <\/span><span class=\"ng-star-inserted\" data-index=\"9\">The high quality of the materials ensures that the clamp provides reliable protection for many years. <\/span><span class=\"ng-star-inserted\" data-index=\"10\">Even in extreme temperatures and changing weather conditions, the clamp remains functional and effective.<\/p>\n<p><\/span><span class=\"ng-star-inserted\" data-index=\"11\">Easy installation and versatility<br \/>\n<\/span><span class=\"ng-star-inserted\" data-index=\"12\">The installation of the K2 AC Terragrif K2SZ is quick and easy thanks to its well thought-out design. <\/span><span class=\"ng-star-inserted\" data-index=\"13\">It is suitable for various mounting systems and module types, which allows a flexible application. <\/span><span class=\"ng-star-inserted\" data-index=\"14\">This versatility makes the clamp an excellent choice for both private and commercial solar systems. <\/span><span class=\"ng-star-inserted\" data-index=\"15\">The easy handling saves time and significantly reduces installation costs. <\/span><span class=\"ng-star-inserted\" data-index=\"16\">In addition, the terminal is designed to be easily integrated into existing systems.<br \/>\n<\/span><\/h4>\n","protected":false},"excerpt":{"rendered":"<div class=\"group w-full text-gray-800 dark:text-gray-100 border-b border-black\/10 dark:border-gray-900\/50 bg-gray-50 dark:bg-[#444654]\">\n<div class=\"text-base gap-4 md:gap-6 md:max-w-2xl lg:max-w-2xl xl:max-w-3xl p-4 md:py-6 flex lg:px-0 m-auto\">\n<div class=\"relative flex w-[calc(100%-50px)] flex-col gap-1 md:gap-3 lg:w-[calc(100%-115px)]\">\n<div class=\"flex flex-grow flex-col gap-3\">\n<div class=\"min-h-[20px] flex flex-col items-start gap-4 whitespace-pre-wrap\">\n<div class=\"markdown prose w-full break-words dark:prose-invert light\">\n<div class=\"group w-full text-token-text-primary border-b border-black\/10 dark:border-gray-900\/50 bg-gray-50 dark:bg-[#444654]\">\n<div class=\"flex p-4 gap-4 text-base md:gap-6 md:max-w-2xl lg:max-w-[38rem] xl:max-w-3xl md:py-6 lg:px-0 m-auto\">\n<div class=\"relative flex w-[calc(100%-50px)] flex-col gap-1 md:gap-3 lg:w-[calc(100%-115px)]\">\n<div class=\"flex flex-grow flex-col gap-3\">\n<div class=\"min-h-[20px] flex flex-col items-start gap-3 overflow-x-auto whitespace-pre-wrap break-words\">\n<div class=\"woocommerce-product-details__short-description\">\n<ul>\n<li>\n<div class=\"flex-shrink-0 flex flex-col relative items-end\">\n<div class=\"pt-0\">\n<div class=\"gizmo-bot-avatar flex h-8 w-8 items-center justify-center overflow-hidden rounded-full\">\n<div class=\"relative p-1 rounded-sm flex items-center justify-center bg-token-main-surface-primary text-token-text-primary h-8 w-8\">\n<p>VAT is not applicable &amp; plus shipping costs<\/p>\n<p>The K2 AC Terragrif K2SZ provides a safe grounding of solar modules. Easy to assemble, durable and ideal for private and commercial solar systems.<\/p>\n<p>&nbsp;<\/p>\n<\/div>\n<\/div>\n<\/div>\n<\/div>\n<\/li>\n<\/ul>\n<\/div>\n<\/div>\n<\/div>\n<\/div>\n<\/div>\n<\/div>\n<\/div>\n<\/div>\n<\/div>\n<\/div>\n<\/div>\n<\/div>\n","protected":false},"featured_media":10061,"template":"","meta":{"_acf_changed":false},"product_brand":[],"product_cat":[67],"product_tag":[],"class_list":{"0":"post-10731","1":"product","2":"type-product","3":"status-publish","4":"has-post-thumbnail","6":"product_cat-angebote","7":"product_shipping_class-normalversand-799e-en","9":"first","10":"instock","11":"taxable","12":"shipping-taxable","13":"purchasable","14":"product-type-simple"},"acf":[],"yoast_head":"<!-- This site is optimized with the Yoast SEO plugin v27.3 - https:\/\/yoast.com\/product\/yoast-seo-wordpress\/ -->\n<title>K2 AC Terragrif<\/title>\n<meta name=\"description\" content=\"K2 AC Terragrif K2SZ bietet zuverl\u00e4ssigen Schutz f\u00fcr Ihre Solaranlage. Langlebige Klemme f\u00fcr effektive Erdung, einfach zu installieren.\" \/>\n<meta name=\"robots\" content=\"index, follow, max-snippet:-1, max-image-preview:large, max-video-preview:-1\" \/>\n<link rel=\"canonical\" href=\"https:\/\/shop.boga-solar.de\/en\/produkt\/k2-ac-terragrif\/\" \/>\n<meta property=\"og:locale\" content=\"en_US\" \/>\n<meta property=\"og:type\" content=\"article\" \/>\n<meta property=\"og:title\" content=\"K2 AC Terragrif\" \/>\n<meta property=\"og:description\" content=\"K2 AC Terragrif K2SZ bietet zuverl\u00e4ssigen Schutz f\u00fcr Ihre Solaranlage. Langlebige Klemme f\u00fcr effektive Erdung, einfach zu installieren.\" \/>\n<meta property=\"og:url\" content=\"https:\/\/shop.boga-solar.de\/en\/produkt\/k2-ac-terragrif\/\" \/>\n<meta property=\"og:site_name\" content=\"BOGA Solar GmbH\" \/>\n<meta property=\"article:modified_time\" content=\"2025-01-21T12:37:22+00:00\" \/>\n<meta property=\"og:image\" content=\"https:\/\/shop.boga-solar.de\/wp-content\/uploads\/2024\/09\/Bildschirmfoto_12-9-2024_132322_solarhandel24.de_.jpeg\" \/>\n\t<meta property=\"og:image:width\" content=\"733\" \/>\n\t<meta property=\"og:image:height\" content=\"728\" \/>\n\t<meta property=\"og:image:type\" content=\"image\/jpeg\" \/>\n<meta name=\"twitter:card\" content=\"summary_large_image\" \/>\n<meta name=\"twitter:label1\" content=\"Est. reading time\" \/>\n\t<meta name=\"twitter:data1\" content=\"3 minutes\" \/>\n<script type=\"application\/ld+json\" class=\"yoast-schema-graph\">{\"@context\":\"https:\\\/\\\/schema.org\",\"@graph\":[{\"@type\":\"WebPage\",\"@id\":\"https:\\\/\\\/shop.boga-solar.de\\\/en\\\/produkt\\\/k2-ac-terragrif\\\/\",\"url\":\"https:\\\/\\\/shop.boga-solar.de\\\/en\\\/produkt\\\/k2-ac-terragrif\\\/\",\"name\":\"K2 AC Terragrif\",\"isPartOf\":{\"@id\":\"https:\\\/\\\/shop.boga-solar.de\\\/en\\\/#website\"},\"primaryImageOfPage\":{\"@id\":\"https:\\\/\\\/shop.boga-solar.de\\\/en\\\/produkt\\\/k2-ac-terragrif\\\/#primaryimage\"},\"image\":{\"@id\":\"https:\\\/\\\/shop.boga-solar.de\\\/en\\\/produkt\\\/k2-ac-terragrif\\\/#primaryimage\"},\"thumbnailUrl\":\"https:\\\/\\\/shop.boga-solar.de\\\/wp-content\\\/uploads\\\/2024\\\/09\\\/Bildschirmfoto_12-9-2024_132322_solarhandel24.de_.jpeg\",\"datePublished\":\"2024-09-12T11:23:32+00:00\",\"dateModified\":\"2025-01-21T12:37:22+00:00\",\"description\":\"K2 AC Terragrif K2SZ bietet zuverl\u00e4ssigen Schutz f\u00fcr Ihre Solaranlage. Langlebige Klemme f\u00fcr effektive Erdung, einfach zu installieren.\",\"breadcrumb\":{\"@id\":\"https:\\\/\\\/shop.boga-solar.de\\\/en\\\/produkt\\\/k2-ac-terragrif\\\/#breadcrumb\"},\"inLanguage\":\"en-US\",\"potentialAction\":[{\"@type\":\"ReadAction\",\"target\":[\"https:\\\/\\\/shop.boga-solar.de\\\/en\\\/produkt\\\/k2-ac-terragrif\\\/\"]}]},{\"@type\":\"ImageObject\",\"inLanguage\":\"en-US\",\"@id\":\"https:\\\/\\\/shop.boga-solar.de\\\/en\\\/produkt\\\/k2-ac-terragrif\\\/#primaryimage\",\"url\":\"https:\\\/\\\/shop.boga-solar.de\\\/wp-content\\\/uploads\\\/2024\\\/09\\\/Bildschirmfoto_12-9-2024_132322_solarhandel24.de_.jpeg\",\"contentUrl\":\"https:\\\/\\\/shop.boga-solar.de\\\/wp-content\\\/uploads\\\/2024\\\/09\\\/Bildschirmfoto_12-9-2024_132322_solarhandel24.de_.jpeg\",\"width\":733,\"height\":728},{\"@type\":\"BreadcrumbList\",\"@id\":\"https:\\\/\\\/shop.boga-solar.de\\\/en\\\/produkt\\\/k2-ac-terragrif\\\/#breadcrumb\",\"itemListElement\":[{\"@type\":\"ListItem\",\"position\":1,\"name\":\"Startseite\",\"item\":\"https:\\\/\\\/shop.boga-solar.de\\\/en\\\/\"},{\"@type\":\"ListItem\",\"position\":2,\"name\":\"Shop\",\"item\":\"https:\\\/\\\/shop.boga-solar.de\\\/en\\\/shop\\\/\"},{\"@type\":\"ListItem\",\"position\":3,\"name\":\"K2 AC Terrace Grill K2SZ\"}]},{\"@type\":\"WebSite\",\"@id\":\"https:\\\/\\\/shop.boga-solar.de\\\/en\\\/#website\",\"url\":\"https:\\\/\\\/shop.boga-solar.de\\\/en\\\/\",\"name\":\"BOGA Solar GmbH\",\"description\":\"\",\"publisher\":{\"@id\":\"https:\\\/\\\/shop.boga-solar.de\\\/en\\\/#organization\"},\"potentialAction\":[{\"@type\":\"SearchAction\",\"target\":{\"@type\":\"EntryPoint\",\"urlTemplate\":\"https:\\\/\\\/shop.boga-solar.de\\\/en\\\/?s={search_term_string}\"},\"query-input\":{\"@type\":\"PropertyValueSpecification\",\"valueRequired\":true,\"valueName\":\"search_term_string\"}}],\"inLanguage\":\"en-US\"},{\"@type\":\"Organization\",\"@id\":\"https:\\\/\\\/shop.boga-solar.de\\\/en\\\/#organization\",\"name\":\"BOGA Trading\",\"url\":\"https:\\\/\\\/shop.boga-solar.de\\\/en\\\/\",\"logo\":{\"@type\":\"ImageObject\",\"inLanguage\":\"en-US\",\"@id\":\"https:\\\/\\\/shop.boga-solar.de\\\/en\\\/#\\\/schema\\\/logo\\\/image\\\/\",\"url\":\"https:\\\/\\\/shop.boga-solar.de\\\/wp-content\\\/uploads\\\/2024\\\/09\\\/logo-neu.svg\",\"contentUrl\":\"https:\\\/\\\/shop.boga-solar.de\\\/wp-content\\\/uploads\\\/2024\\\/09\\\/logo-neu.svg\",\"caption\":\"BOGA Trading\"},\"image\":{\"@id\":\"https:\\\/\\\/shop.boga-solar.de\\\/en\\\/#\\\/schema\\\/logo\\\/image\\\/\"}}]}<\/script>\n<!-- \/ Yoast SEO plugin. -->","yoast_head_json":{"title":"K2 AC Terragrif","description":"K2 AC Terragrif K2SZ bietet zuverl\u00e4ssigen Schutz f\u00fcr Ihre Solaranlage. Langlebige Klemme f\u00fcr effektive Erdung, einfach zu installieren.","robots":{"index":"index","follow":"follow","max-snippet":"max-snippet:-1","max-image-preview":"max-image-preview:large","max-video-preview":"max-video-preview:-1"},"canonical":"https:\/\/shop.boga-solar.de\/en\/produkt\/k2-ac-terragrif\/","og_locale":"en_US","og_type":"article","og_title":"K2 AC Terragrif","og_description":"K2 AC Terragrif K2SZ bietet zuverl\u00e4ssigen Schutz f\u00fcr Ihre Solaranlage. Langlebige Klemme f\u00fcr effektive Erdung, einfach zu installieren.","og_url":"https:\/\/shop.boga-solar.de\/en\/produkt\/k2-ac-terragrif\/","og_site_name":"BOGA Solar GmbH","article_modified_time":"2025-01-21T12:37:22+00:00","og_image":[{"width":733,"height":728,"url":"https:\/\/shop.boga-solar.de\/wp-content\/uploads\/2024\/09\/Bildschirmfoto_12-9-2024_132322_solarhandel24.de_.jpeg","type":"image\/jpeg"}],"twitter_card":"summary_large_image","twitter_misc":{"Est. reading time":"3 minutes"},"schema":{"@context":"https:\/\/schema.org","@graph":[{"@type":"WebPage","@id":"https:\/\/shop.boga-solar.de\/en\/produkt\/k2-ac-terragrif\/","url":"https:\/\/shop.boga-solar.de\/en\/produkt\/k2-ac-terragrif\/","name":"K2 AC Terragrif","isPartOf":{"@id":"https:\/\/shop.boga-solar.de\/en\/#website"},"primaryImageOfPage":{"@id":"https:\/\/shop.boga-solar.de\/en\/produkt\/k2-ac-terragrif\/#primaryimage"},"image":{"@id":"https:\/\/shop.boga-solar.de\/en\/produkt\/k2-ac-terragrif\/#primaryimage"},"thumbnailUrl":"https:\/\/shop.boga-solar.de\/wp-content\/uploads\/2024\/09\/Bildschirmfoto_12-9-2024_132322_solarhandel24.de_.jpeg","datePublished":"2024-09-12T11:23:32+00:00","dateModified":"2025-01-21T12:37:22+00:00","description":"K2 AC Terragrif K2SZ bietet zuverl\u00e4ssigen Schutz f\u00fcr Ihre Solaranlage. Langlebige Klemme f\u00fcr effektive Erdung, einfach zu installieren.","breadcrumb":{"@id":"https:\/\/shop.boga-solar.de\/en\/produkt\/k2-ac-terragrif\/#breadcrumb"},"inLanguage":"en-US","potentialAction":[{"@type":"ReadAction","target":["https:\/\/shop.boga-solar.de\/en\/produkt\/k2-ac-terragrif\/"]}]},{"@type":"ImageObject","inLanguage":"en-US","@id":"https:\/\/shop.boga-solar.de\/en\/produkt\/k2-ac-terragrif\/#primaryimage","url":"https:\/\/shop.boga-solar.de\/wp-content\/uploads\/2024\/09\/Bildschirmfoto_12-9-2024_132322_solarhandel24.de_.jpeg","contentUrl":"https:\/\/shop.boga-solar.de\/wp-content\/uploads\/2024\/09\/Bildschirmfoto_12-9-2024_132322_solarhandel24.de_.jpeg","width":733,"height":728},{"@type":"BreadcrumbList","@id":"https:\/\/shop.boga-solar.de\/en\/produkt\/k2-ac-terragrif\/#breadcrumb","itemListElement":[{"@type":"ListItem","position":1,"name":"Startseite","item":"https:\/\/shop.boga-solar.de\/en\/"},{"@type":"ListItem","position":2,"name":"Shop","item":"https:\/\/shop.boga-solar.de\/en\/shop\/"},{"@type":"ListItem","position":3,"name":"K2 AC Terrace Grill K2SZ"}]},{"@type":"WebSite","@id":"https:\/\/shop.boga-solar.de\/en\/#website","url":"https:\/\/shop.boga-solar.de\/en\/","name":"BOGA Solar GmbH","description":"","publisher":{"@id":"https:\/\/shop.boga-solar.de\/en\/#organization"},"potentialAction":[{"@type":"SearchAction","target":{"@type":"EntryPoint","urlTemplate":"https:\/\/shop.boga-solar.de\/en\/?s={search_term_string}"},"query-input":{"@type":"PropertyValueSpecification","valueRequired":true,"valueName":"search_term_string"}}],"inLanguage":"en-US"},{"@type":"Organization","@id":"https:\/\/shop.boga-solar.de\/en\/#organization","name":"BOGA Trading","url":"https:\/\/shop.boga-solar.de\/en\/","logo":{"@type":"ImageObject","inLanguage":"en-US","@id":"https:\/\/shop.boga-solar.de\/en\/#\/schema\/logo\/image\/","url":"https:\/\/shop.boga-solar.de\/wp-content\/uploads\/2024\/09\/logo-neu.svg","contentUrl":"https:\/\/shop.boga-solar.de\/wp-content\/uploads\/2024\/09\/logo-neu.svg","caption":"BOGA Trading"},"image":{"@id":"https:\/\/shop.boga-solar.de\/en\/#\/schema\/logo\/image\/"}}]}},"jetpack_sharing_enabled":true,"_links":{"self":[{"href":"https:\/\/shop.boga-solar.de\/en\/wp-json\/wp\/v2\/product\/10731","targetHints":{"allow":["GET"]}}],"collection":[{"href":"https:\/\/shop.boga-solar.de\/en\/wp-json\/wp\/v2\/product"}],"about":[{"href":"https:\/\/shop.boga-solar.de\/en\/wp-json\/wp\/v2\/types\/product"}],"wp:featuredmedia":[{"embeddable":true,"href":"https:\/\/shop.boga-solar.de\/en\/wp-json\/wp\/v2\/media\/10061"}],"wp:attachment":[{"href":"https:\/\/shop.boga-solar.de\/en\/wp-json\/wp\/v2\/media?parent=10731"}],"wp:term":[{"taxonomy":"product_brand","embeddable":true,"href":"https:\/\/shop.boga-solar.de\/en\/wp-json\/wp\/v2\/product_brand?post=10731"},{"taxonomy":"product_cat","embeddable":true,"href":"https:\/\/shop.boga-solar.de\/en\/wp-json\/wp\/v2\/product_cat?post=10731"},{"taxonomy":"product_tag","embeddable":true,"href":"https:\/\/shop.boga-solar.de\/en\/wp-json\/wp\/v2\/product_tag?post=10731"}],"curies":[{"name":"wp","href":"https:\/\/api.w.org\/{rel}","templated":true}]}}