{"id":10771,"date":"2024-08-30T11:35:17","date_gmt":"2024-08-30T09:35:17","guid":{"rendered":"https:\/\/shop.boga-solar.de\/?post_type=product&#038;p=10771"},"modified":"2025-03-15T12:08:05","modified_gmt":"2025-03-15T11:08:05","slug":"smartfox-smart-meter-praezise-energieueberwachung-aus-der-schweiz","status":"publish","type":"product","link":"https:\/\/shop.boga-solar.de\/en\/produkt\/smartfox-smart-meter-praezise-energieueberwachung-aus-der-schweiz\/","title":{"rendered":"Smartfox Smart Meter &#8211; Precise energy monitoring from Switzerland"},"content":{"rendered":"<div class=\"flex flex-grow flex-col gap-3 max-w-full\">\n<div class=\"min-h-[20px] flex flex-col items-start gap-3 overflow-x-auto whitespace-pre-wrap break-words\">\n<div class=\"markdown prose w-full break-words dark:prose-invert light\">\n<div class=\"flex flex-grow flex-col max-w-full\">\n<div class=\"min-h-[20px] text-message flex w-full flex-col items-end gap-2 whitespace-pre-wrap break-words [.text-message+&amp;]:mt-5 overflow-x-auto\" dir=\"auto\" data-message-author-role=\"assistant\" data-message-id=\"07c1af73-5171-47be-88e5-79fd1c10f738\">\n<div class=\"flex w-full flex-col gap-1 empty:hidden first:pt-[3px]\">\n<div class=\"markdown prose w-full break-words dark:prose-invert light\">\n<div class=\"flex max-w-full flex-col flex-grow\">\n<div class=\"min-h-[20px] text-message flex w-full flex-col items-end gap-2 whitespace-pre-wrap break-words [.text-message+&amp;]:mt-5 overflow-x-auto\" dir=\"auto\" data-message-author-role=\"assistant\" data-message-id=\"e6931fa8-56d2-47e6-b7c6-d8e79c087fc3\">\n<div class=\"flex w-full flex-col gap-1 empty:hidden first:pt-[3px]\">\n<div class=\"markdown prose w-full break-words dark:prose-invert light\">\n<div class=\"flex-1 overflow-hidden\">\n<div class=\"h-full\">\n<div class=\"react-scroll-to-bottom--css-jmgxh-79elbk h-full\">\n<div class=\"react-scroll-to-bottom--css-jmgxh-1n7m0yu\">\n<div class=\"flex flex-col text-sm md:pb-9\">\n<div class=\"w-full text-token-text-primary\" dir=\"auto\" data-testid=\"conversation-turn-25\" data-scroll-anchor=\"true\">\n<div class=\"text-base py-[18px] px-3 md:px-4 m-auto md:px-5 lg:px-1 xl:px-5\">\n<div class=\"mx-auto flex flex-1 gap-4 text-base md:gap-5 lg:gap-6 md:max-w-3xl lg:max-w-[40rem] xl:max-w-[48rem]\">\n<div class=\"group\/conversation-turn relative flex w-full min-w-0 flex-col agent-turn\">\n<div class=\"flex-col gap-1 md:gap-3\">\n<div class=\"flex max-w-full flex-col flex-grow\">\n<div class=\"min-h-[20px] text-message flex w-full flex-col items-end gap-2 whitespace-pre-wrap break-words [.text-message+&amp;]:mt-5 overflow-x-auto\" dir=\"auto\" data-message-author-role=\"assistant\" data-message-id=\"b1b4075c-36c9-4cea-8cfa-dac21ca9aa3b\">\n<div class=\"flex w-full flex-col gap-1 empty:hidden first:pt-[3px]\">\n<div class=\"markdown prose w-full break-words dark:prose-invert light\">\n<div class=\"flex max-w-full flex-col flex-grow\">\n<div class=\"min-h-[20px] text-message flex w-full flex-col items-end gap-2 whitespace-pre-wrap break-words [.text-message+&amp;]:mt-5 overflow-x-auto\" dir=\"auto\" data-message-author-role=\"assistant\" data-message-id=\"718d0a32-fafc-4a92-a79a-bda3716fbb7f\">\n<div class=\"flex w-full flex-col gap-1 empty:hidden first:pt-[3px]\">\n<div class=\"markdown prose w-full break-words dark:prose-invert light\">\n<div class=\"flex-shrink-0 flex flex-col relative items-end\">\n<div class=\"pt-0\">\n<div class=\"gizmo-bot-avatar flex h-8 w-8 items-center justify-center overflow-hidden rounded-full\">\n<div class=\"relative p-1 rounded-sm flex items-center justify-center bg-token-main-surface-primary text-token-text-primary h-8 w-8\">\n<div class=\"sc-dmctIk lgtOJR sc-hsWlPz ifAUPD\">\n<ul class=\"sc-jmpzUR tnbAp\" role=\"list\">\n<li class=\"sc-eDZJfc bVGnqT\">Smartfox Smart Meter &#8211; Precise energy monitoring from Switzerland<br \/>\nThe Smartfox Smart Meter is an intelligent energy meter that has been specially developed to allow precise monitoring and optimization of energy consumption. Made in Switzerland, this device guarantees the highest quality and reliability when measuring and managing electricity flows in households or commercial facilities.<\/p>\n<p>Features:<br \/>\nPrecise energy monitoring: Measures the power consumption and energy production of PV systems in real time.<br \/>\nIntegration: Easy to integrate into existing smart home systems or energy management systems.<br \/>\nData visualization: Displays detailed energy flows and consumption data via an intuitive user interface.<br \/>\nOptimisation: Helps to increase energy efficiency by maximising the self-consumption of solar energy.<br \/>\nSwiss quality: Developed and manufactured in Switzerland, known for precision and reliability.<br \/>\nThe Smartfox Smart Meter is the perfect solution for users who want to monitor and optimize their energy consumption in order to save costs in the long term and maximize the use of renewable energies.<\/li>\n<\/ul>\n<\/div>\n<\/div>\n<\/div>\n<\/div>\n<\/div>\n<\/div>\n<\/div>\n<\/div>\n<\/div>\n<\/div>\n<\/div>\n<\/div>\n<\/div>\n<\/div>\n<\/div>\n<\/div>\n<\/div>\n<\/div>\n<\/div>\n<\/div>\n<\/div>\n<\/div>\n<\/div>\n<\/div>\n<\/div>\n<\/div>\n<\/div>\n<\/div>\n<\/div>\n<\/div>\n<\/div>\n<\/div>\n<\/div>\n<\/div>\n","protected":false},"excerpt":{"rendered":"<p><strong>Mwst. entf\u00e4llt &amp; kostenlose Lieferung<\/strong><\/p>\n<div class=\"flex-shrink-0 flex flex-col relative items-end\">\n<div class=\"pt-0\">\n<div class=\"gizmo-bot-avatar flex h-8 w-8 items-center justify-center overflow-hidden rounded-full\">\n<div class=\"relative p-1 rounded-sm flex items-center justify-center bg-token-main-surface-primary text-token-text-primary h-8 w-8\">\n<div class=\"flex max-w-full flex-col flex-grow\">\n<div class=\"min-h-[20px] text-message flex w-full flex-col items-end gap-2 whitespace-pre-wrap break-words [.text-message+&amp;]:mt-5 overflow-x-auto\" dir=\"auto\" data-message-author-role=\"assistant\" data-message-id=\"ebb23216-8dc0-4957-abd8-c5da26098489\">\n<div class=\"flex w-full flex-col gap-1 empty:hidden first:pt-[3px]\">\n<div class=\"markdown prose w-full break-words dark:prose-invert light\">\n<div class=\"flex max-w-full flex-col flex-grow\">\n<div class=\"min-h-[20px] text-message flex w-full flex-col items-end gap-2 whitespace-pre-wrap break-words [.text-message+&amp;]:mt-5 overflow-x-auto\" dir=\"auto\" data-message-author-role=\"assistant\" data-message-id=\"ef80321e-c208-4489-9cff-a0751d9bf05a\">\n<div class=\"flex w-full flex-col gap-1 empty:hidden first:pt-[3px]\">\n<div class=\"markdown prose w-full break-words dark:prose-invert light\">\n<p>Der Smartfox Smart Meter ist ein hochpr\u00e4zises Messger\u00e4t aus der Schweiz, ideal f\u00fcr die exakte \u00dcberwachung Ihres Energieverbrauchs. Mit Echtzeit-Daten\u00fcberwachung, benutzerfreundlicher Bedienung und Fernsteuerungsoptionen bietet er umfassende Einblicke und Optimierungsm\u00f6glichkeiten f\u00fcr Haushalte und Unternehmen. Er unterst\u00fctzt die Integration in Smart Home Systeme und hilft, Energiekosten zu senken und Nachhaltigkeit zu f\u00f6rdern.<\/p>\n<\/div>\n<\/div>\n<\/div>\n<\/div>\n<\/div>\n<\/div>\n<\/div>\n<\/div>\n<\/div>\n<\/div>\n<\/div>\n<\/div>\n","protected":false},"featured_media":10014,"template":"","meta":{"_acf_changed":false},"product_brand":[],"product_cat":[381],"product_tag":[],"class_list":{"0":"post-10771","1":"product","2":"type-product","3":"status-publish","4":"has-post-thumbnail","6":"product_cat-energy-monitoring-and-accessories-en-2","7":"product_shipping_class-normalversand-799e-en","9":"first","10":"instock","11":"taxable","12":"shipping-taxable","13":"purchasable","14":"product-type-simple"},"acf":[],"yoast_head":"<!-- This site is optimized with the Yoast SEO plugin v27.5 - https:\/\/yoast.com\/product\/yoast-seo-wordpress\/ -->\n<title>Smartfox Smart Meter \u2013 Pr\u00e4zise Energie\u00fcberwachung<\/title>\n<meta name=\"description\" content=\"Der Smartfox Smart Meter aus der Schweiz bietet pr\u00e4zise Echtzeit-Energie\u00fcberwachung und einfache Bedienbarkeit. Reduzieren Sie Kosten\" \/>\n<meta name=\"robots\" content=\"index, follow, max-snippet:-1, max-image-preview:large, max-video-preview:-1\" \/>\n<link rel=\"canonical\" href=\"https:\/\/shop.boga-solar.de\/en\/produkt\/smartfox-smart-meter-praezise-energieueberwachung-aus-der-schweiz\/\" \/>\n<meta property=\"og:locale\" content=\"en_US\" \/>\n<meta property=\"og:type\" content=\"article\" \/>\n<meta property=\"og:title\" content=\"Smartfox Smart Meter \u2013 Pr\u00e4zise Energie\u00fcberwachung\" \/>\n<meta property=\"og:description\" content=\"Der Smartfox Smart Meter aus der Schweiz bietet pr\u00e4zise Echtzeit-Energie\u00fcberwachung und einfache Bedienbarkeit. Reduzieren Sie Kosten\" \/>\n<meta property=\"og:url\" content=\"https:\/\/shop.boga-solar.de\/en\/produkt\/smartfox-smart-meter-praezise-energieueberwachung-aus-der-schweiz\/\" \/>\n<meta property=\"og:site_name\" content=\"BOGA Solar GmbH\" \/>\n<meta property=\"article:modified_time\" content=\"2025-03-15T11:08:05+00:00\" \/>\n<meta property=\"og:image\" content=\"https:\/\/shop.boga-solar.de\/wp-content\/uploads\/2024\/08\/Smartfox-Energy-Meter-3ph-80a-RS485-S0-600x600-1.jpg\" \/>\n\t<meta property=\"og:image:width\" content=\"600\" \/>\n\t<meta property=\"og:image:height\" content=\"600\" \/>\n\t<meta property=\"og:image:type\" content=\"image\/jpeg\" \/>\n<meta name=\"twitter:card\" content=\"summary_large_image\" \/>\n<meta name=\"twitter:label1\" content=\"Est. reading time\" \/>\n\t<meta name=\"twitter:data1\" content=\"1 minute\" \/>\n<script type=\"application\/ld+json\" class=\"yoast-schema-graph\">{\"@context\":\"https:\\\/\\\/schema.org\",\"@graph\":[{\"@type\":\"WebPage\",\"@id\":\"https:\\\/\\\/shop.boga-solar.de\\\/en\\\/produkt\\\/smartfox-smart-meter-praezise-energieueberwachung-aus-der-schweiz\\\/\",\"url\":\"https:\\\/\\\/shop.boga-solar.de\\\/en\\\/produkt\\\/smartfox-smart-meter-praezise-energieueberwachung-aus-der-schweiz\\\/\",\"name\":\"Smartfox Smart Meter \u2013 Pr\u00e4zise Energie\u00fcberwachung\",\"isPartOf\":{\"@id\":\"https:\\\/\\\/shop.boga-solar.de\\\/en\\\/#website\"},\"primaryImageOfPage\":{\"@id\":\"https:\\\/\\\/shop.boga-solar.de\\\/en\\\/produkt\\\/smartfox-smart-meter-praezise-energieueberwachung-aus-der-schweiz\\\/#primaryimage\"},\"image\":{\"@id\":\"https:\\\/\\\/shop.boga-solar.de\\\/en\\\/produkt\\\/smartfox-smart-meter-praezise-energieueberwachung-aus-der-schweiz\\\/#primaryimage\"},\"thumbnailUrl\":\"https:\\\/\\\/shop.boga-solar.de\\\/wp-content\\\/uploads\\\/2024\\\/08\\\/Smartfox-Energy-Meter-3ph-80a-RS485-S0-600x600-1.jpg\",\"datePublished\":\"2024-08-30T09:35:17+00:00\",\"dateModified\":\"2025-03-15T11:08:05+00:00\",\"description\":\"Der Smartfox Smart Meter aus der Schweiz bietet pr\u00e4zise Echtzeit-Energie\u00fcberwachung und einfache Bedienbarkeit. Reduzieren Sie Kosten\",\"breadcrumb\":{\"@id\":\"https:\\\/\\\/shop.boga-solar.de\\\/en\\\/produkt\\\/smartfox-smart-meter-praezise-energieueberwachung-aus-der-schweiz\\\/#breadcrumb\"},\"inLanguage\":\"en-US\",\"potentialAction\":[{\"@type\":\"ReadAction\",\"target\":[\"https:\\\/\\\/shop.boga-solar.de\\\/en\\\/produkt\\\/smartfox-smart-meter-praezise-energieueberwachung-aus-der-schweiz\\\/\"]}]},{\"@type\":\"ImageObject\",\"inLanguage\":\"en-US\",\"@id\":\"https:\\\/\\\/shop.boga-solar.de\\\/en\\\/produkt\\\/smartfox-smart-meter-praezise-energieueberwachung-aus-der-schweiz\\\/#primaryimage\",\"url\":\"https:\\\/\\\/shop.boga-solar.de\\\/wp-content\\\/uploads\\\/2024\\\/08\\\/Smartfox-Energy-Meter-3ph-80a-RS485-S0-600x600-1.jpg\",\"contentUrl\":\"https:\\\/\\\/shop.boga-solar.de\\\/wp-content\\\/uploads\\\/2024\\\/08\\\/Smartfox-Energy-Meter-3ph-80a-RS485-S0-600x600-1.jpg\",\"width\":600,\"height\":600},{\"@type\":\"BreadcrumbList\",\"@id\":\"https:\\\/\\\/shop.boga-solar.de\\\/en\\\/produkt\\\/smartfox-smart-meter-praezise-energieueberwachung-aus-der-schweiz\\\/#breadcrumb\",\"itemListElement\":[{\"@type\":\"ListItem\",\"position\":1,\"name\":\"Startseite\",\"item\":\"https:\\\/\\\/shop.boga-solar.de\\\/en\\\/\"},{\"@type\":\"ListItem\",\"position\":2,\"name\":\"Shop\",\"item\":\"https:\\\/\\\/shop.boga-solar.de\\\/en\\\/shop\\\/\"},{\"@type\":\"ListItem\",\"position\":3,\"name\":\"Smartfox Smart Meter &#8211; Precise energy monitoring from Switzerland\"}]},{\"@type\":\"WebSite\",\"@id\":\"https:\\\/\\\/shop.boga-solar.de\\\/en\\\/#website\",\"url\":\"https:\\\/\\\/shop.boga-solar.de\\\/en\\\/\",\"name\":\"BOGA Solar GmbH\",\"description\":\"\",\"publisher\":{\"@id\":\"https:\\\/\\\/shop.boga-solar.de\\\/en\\\/#organization\"},\"potentialAction\":[{\"@type\":\"SearchAction\",\"target\":{\"@type\":\"EntryPoint\",\"urlTemplate\":\"https:\\\/\\\/shop.boga-solar.de\\\/en\\\/?s={search_term_string}\"},\"query-input\":{\"@type\":\"PropertyValueSpecification\",\"valueRequired\":true,\"valueName\":\"search_term_string\"}}],\"inLanguage\":\"en-US\"},{\"@type\":\"Organization\",\"@id\":\"https:\\\/\\\/shop.boga-solar.de\\\/en\\\/#organization\",\"name\":\"BOGA Trading\",\"url\":\"https:\\\/\\\/shop.boga-solar.de\\\/en\\\/\",\"logo\":{\"@type\":\"ImageObject\",\"inLanguage\":\"en-US\",\"@id\":\"https:\\\/\\\/shop.boga-solar.de\\\/en\\\/#\\\/schema\\\/logo\\\/image\\\/\",\"url\":\"https:\\\/\\\/shop.boga-solar.de\\\/wp-content\\\/uploads\\\/2024\\\/09\\\/logo-neu.svg\",\"contentUrl\":\"https:\\\/\\\/shop.boga-solar.de\\\/wp-content\\\/uploads\\\/2024\\\/09\\\/logo-neu.svg\",\"caption\":\"BOGA Trading\"},\"image\":{\"@id\":\"https:\\\/\\\/shop.boga-solar.de\\\/en\\\/#\\\/schema\\\/logo\\\/image\\\/\"}}]}<\/script>\n<!-- \/ Yoast SEO plugin. -->","yoast_head_json":{"title":"Smartfox Smart Meter \u2013 Pr\u00e4zise Energie\u00fcberwachung","description":"Der Smartfox Smart Meter aus der Schweiz bietet pr\u00e4zise Echtzeit-Energie\u00fcberwachung und einfache Bedienbarkeit. Reduzieren Sie Kosten","robots":{"index":"index","follow":"follow","max-snippet":"max-snippet:-1","max-image-preview":"max-image-preview:large","max-video-preview":"max-video-preview:-1"},"canonical":"https:\/\/shop.boga-solar.de\/en\/produkt\/smartfox-smart-meter-praezise-energieueberwachung-aus-der-schweiz\/","og_locale":"en_US","og_type":"article","og_title":"Smartfox Smart Meter \u2013 Pr\u00e4zise Energie\u00fcberwachung","og_description":"Der Smartfox Smart Meter aus der Schweiz bietet pr\u00e4zise Echtzeit-Energie\u00fcberwachung und einfache Bedienbarkeit. Reduzieren Sie Kosten","og_url":"https:\/\/shop.boga-solar.de\/en\/produkt\/smartfox-smart-meter-praezise-energieueberwachung-aus-der-schweiz\/","og_site_name":"BOGA Solar GmbH","article_modified_time":"2025-03-15T11:08:05+00:00","og_image":[{"width":600,"height":600,"url":"https:\/\/shop.boga-solar.de\/wp-content\/uploads\/2024\/08\/Smartfox-Energy-Meter-3ph-80a-RS485-S0-600x600-1.jpg","type":"image\/jpeg"}],"twitter_card":"summary_large_image","twitter_misc":{"Est. reading time":"1 minute"},"schema":{"@context":"https:\/\/schema.org","@graph":[{"@type":"WebPage","@id":"https:\/\/shop.boga-solar.de\/en\/produkt\/smartfox-smart-meter-praezise-energieueberwachung-aus-der-schweiz\/","url":"https:\/\/shop.boga-solar.de\/en\/produkt\/smartfox-smart-meter-praezise-energieueberwachung-aus-der-schweiz\/","name":"Smartfox Smart Meter \u2013 Pr\u00e4zise Energie\u00fcberwachung","isPartOf":{"@id":"https:\/\/shop.boga-solar.de\/en\/#website"},"primaryImageOfPage":{"@id":"https:\/\/shop.boga-solar.de\/en\/produkt\/smartfox-smart-meter-praezise-energieueberwachung-aus-der-schweiz\/#primaryimage"},"image":{"@id":"https:\/\/shop.boga-solar.de\/en\/produkt\/smartfox-smart-meter-praezise-energieueberwachung-aus-der-schweiz\/#primaryimage"},"thumbnailUrl":"https:\/\/shop.boga-solar.de\/wp-content\/uploads\/2024\/08\/Smartfox-Energy-Meter-3ph-80a-RS485-S0-600x600-1.jpg","datePublished":"2024-08-30T09:35:17+00:00","dateModified":"2025-03-15T11:08:05+00:00","description":"Der Smartfox Smart Meter aus der Schweiz bietet pr\u00e4zise Echtzeit-Energie\u00fcberwachung und einfache Bedienbarkeit. Reduzieren Sie Kosten","breadcrumb":{"@id":"https:\/\/shop.boga-solar.de\/en\/produkt\/smartfox-smart-meter-praezise-energieueberwachung-aus-der-schweiz\/#breadcrumb"},"inLanguage":"en-US","potentialAction":[{"@type":"ReadAction","target":["https:\/\/shop.boga-solar.de\/en\/produkt\/smartfox-smart-meter-praezise-energieueberwachung-aus-der-schweiz\/"]}]},{"@type":"ImageObject","inLanguage":"en-US","@id":"https:\/\/shop.boga-solar.de\/en\/produkt\/smartfox-smart-meter-praezise-energieueberwachung-aus-der-schweiz\/#primaryimage","url":"https:\/\/shop.boga-solar.de\/wp-content\/uploads\/2024\/08\/Smartfox-Energy-Meter-3ph-80a-RS485-S0-600x600-1.jpg","contentUrl":"https:\/\/shop.boga-solar.de\/wp-content\/uploads\/2024\/08\/Smartfox-Energy-Meter-3ph-80a-RS485-S0-600x600-1.jpg","width":600,"height":600},{"@type":"BreadcrumbList","@id":"https:\/\/shop.boga-solar.de\/en\/produkt\/smartfox-smart-meter-praezise-energieueberwachung-aus-der-schweiz\/#breadcrumb","itemListElement":[{"@type":"ListItem","position":1,"name":"Startseite","item":"https:\/\/shop.boga-solar.de\/en\/"},{"@type":"ListItem","position":2,"name":"Shop","item":"https:\/\/shop.boga-solar.de\/en\/shop\/"},{"@type":"ListItem","position":3,"name":"Smartfox Smart Meter &#8211; Precise energy monitoring from Switzerland"}]},{"@type":"WebSite","@id":"https:\/\/shop.boga-solar.de\/en\/#website","url":"https:\/\/shop.boga-solar.de\/en\/","name":"BOGA Solar GmbH","description":"","publisher":{"@id":"https:\/\/shop.boga-solar.de\/en\/#organization"},"potentialAction":[{"@type":"SearchAction","target":{"@type":"EntryPoint","urlTemplate":"https:\/\/shop.boga-solar.de\/en\/?s={search_term_string}"},"query-input":{"@type":"PropertyValueSpecification","valueRequired":true,"valueName":"search_term_string"}}],"inLanguage":"en-US"},{"@type":"Organization","@id":"https:\/\/shop.boga-solar.de\/en\/#organization","name":"BOGA Trading","url":"https:\/\/shop.boga-solar.de\/en\/","logo":{"@type":"ImageObject","inLanguage":"en-US","@id":"https:\/\/shop.boga-solar.de\/en\/#\/schema\/logo\/image\/","url":"https:\/\/shop.boga-solar.de\/wp-content\/uploads\/2024\/09\/logo-neu.svg","contentUrl":"https:\/\/shop.boga-solar.de\/wp-content\/uploads\/2024\/09\/logo-neu.svg","caption":"BOGA Trading"},"image":{"@id":"https:\/\/shop.boga-solar.de\/en\/#\/schema\/logo\/image\/"}}]}},"jetpack_sharing_enabled":true,"_links":{"self":[{"href":"https:\/\/shop.boga-solar.de\/en\/wp-json\/wp\/v2\/product\/10771","targetHints":{"allow":["GET"]}}],"collection":[{"href":"https:\/\/shop.boga-solar.de\/en\/wp-json\/wp\/v2\/product"}],"about":[{"href":"https:\/\/shop.boga-solar.de\/en\/wp-json\/wp\/v2\/types\/product"}],"wp:featuredmedia":[{"embeddable":true,"href":"https:\/\/shop.boga-solar.de\/en\/wp-json\/wp\/v2\/media\/10014"}],"wp:attachment":[{"href":"https:\/\/shop.boga-solar.de\/en\/wp-json\/wp\/v2\/media?parent=10771"}],"wp:term":[{"taxonomy":"product_brand","embeddable":true,"href":"https:\/\/shop.boga-solar.de\/en\/wp-json\/wp\/v2\/product_brand?post=10771"},{"taxonomy":"product_cat","embeddable":true,"href":"https:\/\/shop.boga-solar.de\/en\/wp-json\/wp\/v2\/product_cat?post=10771"},{"taxonomy":"product_tag","embeddable":true,"href":"https:\/\/shop.boga-solar.de\/en\/wp-json\/wp\/v2\/product_tag?post=10771"}],"curies":[{"name":"wp","href":"https:\/\/api.w.org\/{rel}","templated":true}]}}