{"id":10818,"date":"2024-08-21T09:27:56","date_gmt":"2024-08-21T07:27:56","guid":{"rendered":"https:\/\/shop.boga-solar.de\/produkt\/goodwe-gw25k-et-hybrid-wechselrichter-3-phasen-25-kw\/"},"modified":"2025-01-03T21:51:11","modified_gmt":"2025-01-03T20:51:11","slug":"goodwe-gw25k-et-hybrid-wechselrichter-3-phasen-25-kw","status":"publish","type":"product","link":"https:\/\/shop.boga-solar.de\/en\/produkt\/goodwe-gw25k-et-hybrid-wechselrichter-3-phasen-25-kw\/","title":{"rendered":"GoodWe GW25K-ET hybrid inverter (3 phase, 25 kW)"},"content":{"rendered":"<div class=\"flex flex-grow flex-col gap-3 max-w-full\">\n<div class=\"min-h-[20px] flex flex-col items-start gap-3 overflow-x-auto whitespace-pre-wrap break-words\">\n<div class=\"markdown prose w-full break-words dark:prose-invert light\">\n<div class=\"flex flex-grow flex-col max-w-full\">\n<div class=\"min-h-[20px] text-message flex w-full flex-col items-end gap-2 whitespace-pre-wrap break-words [.text-message+&amp;]:mt-5 overflow-x-auto\" dir=\"auto\" data-message-author-role=\"assistant\" data-message-id=\"07c1af73-5171-47be-88e5-79fd1c10f738\">\n<div class=\"flex w-full flex-col gap-1 empty:hidden first:pt-[3px]\">\n<div class=\"markdown prose w-full break-words dark:prose-invert light\">\n<div class=\"flex max-w-full flex-col flex-grow\">\n<div class=\"min-h-[20px] text-message flex w-full flex-col items-end gap-2 whitespace-pre-wrap break-words [.text-message+&amp;]:mt-5 overflow-x-auto\" dir=\"auto\" data-message-author-role=\"assistant\" data-message-id=\"e6931fa8-56d2-47e6-b7c6-d8e79c087fc3\">\n<div class=\"flex w-full flex-col gap-1 empty:hidden first:pt-[3px]\">\n<div class=\"markdown prose w-full break-words dark:prose-invert light\">\n<div class=\"flex-1 overflow-hidden\">\n<div class=\"h-full\">\n<div class=\"react-scroll-to-bottom--css-jmgxh-79elbk h-full\">\n<div class=\"react-scroll-to-bottom--css-jmgxh-1n7m0yu\">\n<div class=\"flex flex-col text-sm md:pb-9\">\n<div class=\"w-full text-token-text-primary\" dir=\"auto\" data-testid=\"conversation-turn-25\" data-scroll-anchor=\"true\">\n<div class=\"text-base py-[18px] px-3 md:px-4 m-auto md:px-5 lg:px-1 xl:px-5\">\n<div class=\"mx-auto flex flex-1 gap-4 text-base md:gap-5 lg:gap-6 md:max-w-3xl lg:max-w-[40rem] xl:max-w-[48rem]\">\n<div class=\"group\/conversation-turn relative flex w-full min-w-0 flex-col agent-turn\">\n<div class=\"flex-col gap-1 md:gap-3\">\n<div class=\"flex max-w-full flex-col flex-grow\">\n<div class=\"min-h-[20px] text-message flex w-full flex-col items-end gap-2 whitespace-pre-wrap break-words [.text-message+&amp;]:mt-5 overflow-x-auto\" dir=\"auto\" data-message-author-role=\"assistant\" data-message-id=\"b1b4075c-36c9-4cea-8cfa-dac21ca9aa3b\">\n<div class=\"flex w-full flex-col gap-1 empty:hidden first:pt-[3px]\">\n<div class=\"markdown prose w-full break-words dark:prose-invert light\">\n<div class=\"flex max-w-full flex-col flex-grow\">\n<div class=\"min-h-[20px] text-message flex w-full flex-col items-end gap-2 whitespace-pre-wrap break-words [.text-message+&amp;]:mt-5 overflow-x-auto\" dir=\"auto\" data-message-author-role=\"assistant\" data-message-id=\"718d0a32-fafc-4a92-a79a-bda3716fbb7f\">\n<div class=\"flex w-full flex-col gap-1 empty:hidden first:pt-[3px]\">\n<div class=\"markdown prose w-full break-words dark:prose-invert light\">\n<div class=\"translation-input translation-input__source transparent-border-left transparent-border-bottom translation-input--ltr error translation-input__source__active translation-input__source__nmt\">\n<div class=\"translation-input__main\">\n<div class=\"translation-input__main__textarea-and-sentences\">\n<div class=\"sentence-wrapper input-sentence-wrapper\" dir=\"ltr\"><span class=\"ng-star-inserted\" data-index=\"0\">GoodWe GW25K-ET Hybrid-Wechselrichter: Die leistungsstarke und flexible L\u00f6sung f\u00fcr gro\u00dfe Photovoltaikanlagen<\/p>\n<p><\/span><span class=\"ng-star-inserted\" data-index=\"1\">Der GoodWe GW25K-ET Hybrid-Wechselrichter bietet eine leistungsstarke und flexible L\u00f6sung f\u00fcr gro\u00dfe dreiphasige Photovoltaikanlagen. <\/span><span class=\"ng-star-inserted\" data-index=\"2\">Er eignet sich sowohl f\u00fcr gro\u00dfe private Haushalte als auch f\u00fcr kommerzielle und industrielle Anwendungen. <\/span><span class=\"ng-star-inserted\" data-index=\"3\">Mit einer Nennleistung von 25 kW ist dieser Wechselrichter ideal f\u00fcr Anlagen mit hohem Energiebedarf, die eine stabile sowie effiziente Energieversorgung erfordern.<\/p>\n<p><\/span><span class=\"ng-star-inserted\" data-index=\"4\">Hauptmerkmale<br \/>\n<\/span><span class=\"ng-star-inserted\" data-index=\"5\">Dreiphasige Leistung: Der GW25K-ET ist speziell f\u00fcr den Einsatz in dreiphasigen Stromnetzen konzipiert, wodurch die erzeugte Energie gleichm\u00e4\u00dfig verteilt wird. <\/span><span class=\"ng-star-inserted\" data-index=\"6\">Dies sorgt f\u00fcr eine durchgehend stabile Stromversorgung und eine gleichm\u00e4\u00dfige Verteilung der Last.<br \/>\n<\/span><span class=\"ng-star-inserted\" data-index=\"7\">Hybrid-Technologie: Dieser Wechselrichter kombiniert die Nutzung von Solarenergie, Batteriespeicherung und Netzstrom. <\/span><span class=\"ng-star-inserted\" data-index=\"8\">Dank dieser Hybrid-Funktionalit\u00e4t wird die Energie aus verschiedenen Quellen effizient genutzt, was den Eigenverbrauch maximiert und gleichzeitig die Energiekosten reduziert.<br \/>\n<\/span><span class=\"ng-star-inserted\" data-index=\"9\">Hohe Leistung: Mit einer Nennleistung von 25 kW unterst\u00fctzt der GW25K-ET gro\u00dfe Photovoltaikanlagen dabei, eine hohe Energieproduktion zu erreichen. <\/span><span class=\"ng-star-inserted\" data-index=\"10\">Diese Leistungsst\u00e4rke macht ihn ideal f\u00fcr Anlagen, die eine effiziente Nutzung der erzeugten Energie erfordern.<br \/>\n<\/span><span class=\"ng-star-inserted\" data-index=\"11\">Maximale Stromst\u00e4rke: Der Wechselrichter bietet eine maximale Stromst\u00e4rke von 16A pro Phase, was ihn besonders geeignet f\u00fcr leistungsstarke Solarmodule macht. <\/span><span class=\"ng-star-inserted\" data-index=\"12\">Dies verbessert die Effizienz der gesamten Anlage und sorgt f\u00fcr eine h\u00f6here Energieausbeute.<br \/>\n<\/span><span class=\"ng-star-inserted\" data-index=\"13\">Hoher Wirkungsgrad: Der GW25K-ET erreicht einen Wirkungsgrad von bis zu 98,2%, wodurch die erzeugte Energie optimal genutzt wird. <\/span><span class=\"ng-star-inserted\" data-index=\"14\">Dies maximiert nicht nur die Effizienz der gesamten Photovoltaikanlage, sondern reduziert auch Energieverluste.<br \/>\n<\/span><span class=\"ng-star-inserted\" data-index=\"15\">Energiespeicherkompatibilit\u00e4t: Der Wechselrichter ist vollst\u00e4ndig kompatibel mit Hochvolt-Batteriesystemen. <\/span><span class=\"ng-star-inserted\" data-index=\"16\">Dadurch wird die erzeugte Solarenergie effizient gespeich<\/span><\/div>\n<\/div>\n<p><button class=\"translation-input__main__close ng-star-inserted\" aria-label=\"L\u00f6schen\"><\/button><\/div>\n<div class=\"translation-input__bottom_controls ng-star-inserted\">\n<div class=\"translation-input__bottom_controls__btns-left\"><button class=\"app-pronounce ng-star-inserted\" aria-label=\"Zuh\u00f6ren\"><\/button><a class=\"acapela-link ng-star-inserted\" href=\"https:\/\/www.acapela-group.com\/\" target=\"_blank\" rel=\"noopener\"><img decoding=\"async\" src=\"https:\/\/cdn.reverso.net\/trans\/v2.21.4\/assets\/images\/acapela.gif\" alt=\"Acapela icon\" width=\"59px\" height=\"16px\" \/><\/a><\/div>\n<div class=\"translation-input__bottom_controls__btns-right\">\n<div class=\"translation-input__bottom_controls__keyboard-count\"><button class=\"button-keyboard ng-star-inserted\" aria-label=\"Virtuelle Tastatur\"><\/button><span class=\"characters-count error ng-star-inserted\" tabindex=\"0\" aria-label=\"3315 Zeichen von maximal 2000\">3315 \/ 2000<\/span><\/div>\n<\/div>\n<div class=\"accent-chars ng-star-inserted\"><button class=\"ng-star-inserted\">\u00e4<\/button><button class=\"ng-star-inserted\">\u00f6<\/button><button class=\"ng-star-inserted\">\u00fc<\/button><button class=\"ng-star-inserted\">\u00df<\/button><\/div>\n<\/div>\n<\/div>\n<div class=\"translation-input translation-input__target content-box-wrapper translation-input--ltr translation-input__target__nmt translation-input__target__over-limit\">\n<div class=\"translation-input__main translation-input__result\"><textarea class=\"ghost__textarea ghost__textarea__show ng-untouched ng-pristine ng-star-inserted\" dir=\"ltr\" spellcheck=\"false\" disabled=\"disabled\"><\/textarea><\/p>\n<div class=\"sentence-wrapper sentence-wrapper_target blur-gradient\"><span class=\"ng-star-inserted\" data-index=\"0\">GoodWe GW25K-ET Hybrid Inverter: the powerful and flexible solution for large photovoltaic systems<\/p>\n<p><\/span><span class=\"ng-star-inserted\" data-index=\"1\">The GoodWe GW25K-ET hybrid inverter provides a powerful and flexible solution for large three-phase photovoltaic systems. <\/span><span class=\"ng-star-inserted\" data-index=\"2\">It is suitable for large households as well as commercial and industrial applications. <\/span><span class=\"ng-star-inserted\" data-index=\"3\">With a rated power of 25 kW, this inverter is ideal for high-energy installations requiring a stable and efficient power supply.<\/p>\n<p><\/span><span class=\"ng-star-inserted\" data-index=\"4\">Main features<br \/>\n<\/span><span class=\"ng-star-inserted\" data-index=\"5\">Three-phase power: The GW25K-ET is specifically designed for use in three-phase grids, which distributes the energy generated evenly. <\/span><span class=\"ng-star-inserted\" data-index=\"6\">This ensures a stable power supply throughout and an even distribution of the load.<br \/>\n<\/span><span class=\"ng-star-inserted\" data-index=\"7\">Hybrid technology: This inverter combines the use of solar energy, battery storage and mains power. <\/span><span class=\"ng-star-inserted\" data-index=\"8\">Thanks to this hybrid functionality, energy from different sources is used efficiently, which maximizes self-consumption while reducing energy costs.<br \/>\n<\/span><span class=\"ng-star-inserted\" data-index=\"9\">High performance: With a rated power of 25 kW, the GW25K-ET helps large photovoltaic systems to achieve high energy production. <\/span><span class=\"ng-star-inserted\" data-index=\"10\">This performance makes it ideal for installations that require efficient use of the energy generated.<br \/>\n<\/span><span class=\"ng-star-inserted\" data-index=\"11\">Maximum current: The inverter offers a maximum current of 16A per phase, making it particularly suitable for high-performance solar modules. <\/span><span class=\"ng-star-inserted\" data-index=\"12\">This improves the efficiency of the entire plant and ensures a higher energy yield.<br \/>\n<\/span><span class=\"ng-star-inserted\" data-index=\"13\">High efficiency: The GW25K-ET achieves an efficiency of up to 98.2%, making optimum use of the energy generated. <\/span><span class=\"ng-star-inserted\" data-index=\"14\">This not only maximizes the efficiency of the entire photovoltaic system, but also reduces energy losses.<\/span><\/div>\n<\/div>\n<\/div>\n<\/div>\n<\/div>\n<\/div>\n<\/div>\n<\/div>\n<\/div>\n<\/div>\n<\/div>\n<\/div>\n<\/div>\n<\/div>\n<\/div>\n<\/div>\n<\/div>\n<\/div>\n<\/div>\n<\/div>\n<\/div>\n<\/div>\n<\/div>\n<\/div>\n<\/div>\n<\/div>\n<\/div>\n<\/div>\n<\/div>\n<\/div>\n<\/div>\n<\/div>\n","protected":false},"excerpt":{"rendered":"<p>VAT &amp; free delivery<\/p>\n<p>GoodWe GW25K-ET is a high-performance three-phase hybrid inverter with a rated power of 25 kW, ideal for large photovoltaic systems. This inverter combines PV generation, battery storage and mains power to enable maximum energy efficiency and cost savings. With a maximum current of 16A, high compatibility with high-voltage batteries, automatic emergency power function and comprehensive safety features, it is a reliable and efficient solution for sustainable energy supply in demanding applications.<\/p>\n","protected":false},"featured_media":9989,"template":"","meta":{"_acf_changed":false},"product_brand":[],"product_cat":[365,362],"product_tag":[],"class_list":{"0":"post-10818","1":"product","2":"type-product","3":"status-publish","4":"has-post-thumbnail","6":"product_cat-goodwe-inverters","7":"product_cat-inverters-en-2","8":"product_shipping_class-normalversand-799e-en","10":"first","11":"instock","12":"taxable","13":"shipping-taxable","14":"purchasable","15":"product-type-simple"},"acf":[],"yoast_head":"<!-- This site is optimized with the Yoast SEO plugin v27.5 - https:\/\/yoast.com\/product\/yoast-seo-wordpress\/ -->\n<title>GoodWe GW25K-ET Hybrid-Wechselrichter<\/title>\n<meta name=\"description\" content=\"GoodWe GW25K-ET Hybrid-Wechselrichter (3-Phasen, 25 kW)\u25ba Sichere Bezahlung \u2713 Geld-Zur\u00fcck-Garantie \u2713 Schnelle Lieferung \u2713 Jetzt kaufen\" \/>\n<meta name=\"robots\" content=\"index, follow, max-snippet:-1, max-image-preview:large, max-video-preview:-1\" \/>\n<link rel=\"canonical\" href=\"https:\/\/shop.boga-solar.de\/en\/produkt\/goodwe-gw25k-et-hybrid-wechselrichter-3-phasen-25-kw\/\" \/>\n<meta property=\"og:locale\" content=\"en_US\" \/>\n<meta property=\"og:type\" content=\"article\" \/>\n<meta property=\"og:title\" content=\"GoodWe GW25K-ET Hybrid-Wechselrichter\" \/>\n<meta property=\"og:description\" content=\"GoodWe GW25K-ET Hybrid-Wechselrichter (3-Phasen, 25 kW)\u25ba Sichere Bezahlung \u2713 Geld-Zur\u00fcck-Garantie \u2713 Schnelle Lieferung \u2713 Jetzt kaufen\" \/>\n<meta property=\"og:url\" content=\"https:\/\/shop.boga-solar.de\/en\/produkt\/goodwe-gw25k-et-hybrid-wechselrichter-3-phasen-25-kw\/\" \/>\n<meta property=\"og:site_name\" content=\"BOGA Solar GmbH\" \/>\n<meta property=\"article:modified_time\" content=\"2025-01-03T20:51:11+00:00\" \/>\n<meta property=\"og:image\" content=\"https:\/\/shop.boga-solar.de\/wp-content\/uploads\/2024\/08\/Goodwe1.jpg\" \/>\n\t<meta property=\"og:image:width\" content=\"640\" \/>\n\t<meta property=\"og:image:height\" content=\"640\" \/>\n\t<meta property=\"og:image:type\" content=\"image\/jpeg\" \/>\n<meta name=\"twitter:card\" content=\"summary_large_image\" \/>\n<meta name=\"twitter:label1\" content=\"Est. reading time\" \/>\n\t<meta name=\"twitter:data1\" content=\"3 minutes\" \/>\n<script type=\"application\/ld+json\" class=\"yoast-schema-graph\">{\"@context\":\"https:\\\/\\\/schema.org\",\"@graph\":[{\"@type\":\"WebPage\",\"@id\":\"https:\\\/\\\/shop.boga-solar.de\\\/en\\\/produkt\\\/goodwe-gw25k-et-hybrid-wechselrichter-3-phasen-25-kw\\\/\",\"url\":\"https:\\\/\\\/shop.boga-solar.de\\\/en\\\/produkt\\\/goodwe-gw25k-et-hybrid-wechselrichter-3-phasen-25-kw\\\/\",\"name\":\"GoodWe GW25K-ET Hybrid-Wechselrichter\",\"isPartOf\":{\"@id\":\"https:\\\/\\\/shop.boga-solar.de\\\/en\\\/#website\"},\"primaryImageOfPage\":{\"@id\":\"https:\\\/\\\/shop.boga-solar.de\\\/en\\\/produkt\\\/goodwe-gw25k-et-hybrid-wechselrichter-3-phasen-25-kw\\\/#primaryimage\"},\"image\":{\"@id\":\"https:\\\/\\\/shop.boga-solar.de\\\/en\\\/produkt\\\/goodwe-gw25k-et-hybrid-wechselrichter-3-phasen-25-kw\\\/#primaryimage\"},\"thumbnailUrl\":\"https:\\\/\\\/shop.boga-solar.de\\\/wp-content\\\/uploads\\\/2024\\\/08\\\/Goodwe1.jpg\",\"datePublished\":\"2024-08-21T07:27:56+00:00\",\"dateModified\":\"2025-01-03T20:51:11+00:00\",\"description\":\"GoodWe GW25K-ET Hybrid-Wechselrichter (3-Phasen, 25 kW)\u25ba Sichere Bezahlung \u2713 Geld-Zur\u00fcck-Garantie \u2713 Schnelle Lieferung \u2713 Jetzt kaufen\",\"breadcrumb\":{\"@id\":\"https:\\\/\\\/shop.boga-solar.de\\\/en\\\/produkt\\\/goodwe-gw25k-et-hybrid-wechselrichter-3-phasen-25-kw\\\/#breadcrumb\"},\"inLanguage\":\"en-US\",\"potentialAction\":[{\"@type\":\"ReadAction\",\"target\":[\"https:\\\/\\\/shop.boga-solar.de\\\/en\\\/produkt\\\/goodwe-gw25k-et-hybrid-wechselrichter-3-phasen-25-kw\\\/\"]}]},{\"@type\":\"ImageObject\",\"inLanguage\":\"en-US\",\"@id\":\"https:\\\/\\\/shop.boga-solar.de\\\/en\\\/produkt\\\/goodwe-gw25k-et-hybrid-wechselrichter-3-phasen-25-kw\\\/#primaryimage\",\"url\":\"https:\\\/\\\/shop.boga-solar.de\\\/wp-content\\\/uploads\\\/2024\\\/08\\\/Goodwe1.jpg\",\"contentUrl\":\"https:\\\/\\\/shop.boga-solar.de\\\/wp-content\\\/uploads\\\/2024\\\/08\\\/Goodwe1.jpg\",\"width\":640,\"height\":640},{\"@type\":\"BreadcrumbList\",\"@id\":\"https:\\\/\\\/shop.boga-solar.de\\\/en\\\/produkt\\\/goodwe-gw25k-et-hybrid-wechselrichter-3-phasen-25-kw\\\/#breadcrumb\",\"itemListElement\":[{\"@type\":\"ListItem\",\"position\":1,\"name\":\"Startseite\",\"item\":\"https:\\\/\\\/shop.boga-solar.de\\\/en\\\/\"},{\"@type\":\"ListItem\",\"position\":2,\"name\":\"Shop\",\"item\":\"https:\\\/\\\/shop.boga-solar.de\\\/en\\\/shop\\\/\"},{\"@type\":\"ListItem\",\"position\":3,\"name\":\"GoodWe GW25K-ET hybrid inverter (3 phase, 25 kW)\"}]},{\"@type\":\"WebSite\",\"@id\":\"https:\\\/\\\/shop.boga-solar.de\\\/en\\\/#website\",\"url\":\"https:\\\/\\\/shop.boga-solar.de\\\/en\\\/\",\"name\":\"BOGA Solar GmbH\",\"description\":\"\",\"publisher\":{\"@id\":\"https:\\\/\\\/shop.boga-solar.de\\\/en\\\/#organization\"},\"potentialAction\":[{\"@type\":\"SearchAction\",\"target\":{\"@type\":\"EntryPoint\",\"urlTemplate\":\"https:\\\/\\\/shop.boga-solar.de\\\/en\\\/?s={search_term_string}\"},\"query-input\":{\"@type\":\"PropertyValueSpecification\",\"valueRequired\":true,\"valueName\":\"search_term_string\"}}],\"inLanguage\":\"en-US\"},{\"@type\":\"Organization\",\"@id\":\"https:\\\/\\\/shop.boga-solar.de\\\/en\\\/#organization\",\"name\":\"BOGA Trading\",\"url\":\"https:\\\/\\\/shop.boga-solar.de\\\/en\\\/\",\"logo\":{\"@type\":\"ImageObject\",\"inLanguage\":\"en-US\",\"@id\":\"https:\\\/\\\/shop.boga-solar.de\\\/en\\\/#\\\/schema\\\/logo\\\/image\\\/\",\"url\":\"https:\\\/\\\/shop.boga-solar.de\\\/wp-content\\\/uploads\\\/2024\\\/09\\\/logo-neu.svg\",\"contentUrl\":\"https:\\\/\\\/shop.boga-solar.de\\\/wp-content\\\/uploads\\\/2024\\\/09\\\/logo-neu.svg\",\"caption\":\"BOGA Trading\"},\"image\":{\"@id\":\"https:\\\/\\\/shop.boga-solar.de\\\/en\\\/#\\\/schema\\\/logo\\\/image\\\/\"}}]}<\/script>\n<!-- \/ Yoast SEO plugin. -->","yoast_head_json":{"title":"GoodWe GW25K-ET Hybrid-Wechselrichter","description":"GoodWe GW25K-ET Hybrid-Wechselrichter (3-Phasen, 25 kW)\u25ba Sichere Bezahlung \u2713 Geld-Zur\u00fcck-Garantie \u2713 Schnelle Lieferung \u2713 Jetzt kaufen","robots":{"index":"index","follow":"follow","max-snippet":"max-snippet:-1","max-image-preview":"max-image-preview:large","max-video-preview":"max-video-preview:-1"},"canonical":"https:\/\/shop.boga-solar.de\/en\/produkt\/goodwe-gw25k-et-hybrid-wechselrichter-3-phasen-25-kw\/","og_locale":"en_US","og_type":"article","og_title":"GoodWe GW25K-ET Hybrid-Wechselrichter","og_description":"GoodWe GW25K-ET Hybrid-Wechselrichter (3-Phasen, 25 kW)\u25ba Sichere Bezahlung \u2713 Geld-Zur\u00fcck-Garantie \u2713 Schnelle Lieferung \u2713 Jetzt kaufen","og_url":"https:\/\/shop.boga-solar.de\/en\/produkt\/goodwe-gw25k-et-hybrid-wechselrichter-3-phasen-25-kw\/","og_site_name":"BOGA Solar GmbH","article_modified_time":"2025-01-03T20:51:11+00:00","og_image":[{"width":640,"height":640,"url":"https:\/\/shop.boga-solar.de\/wp-content\/uploads\/2024\/08\/Goodwe1.jpg","type":"image\/jpeg"}],"twitter_card":"summary_large_image","twitter_misc":{"Est. reading time":"3 minutes"},"schema":{"@context":"https:\/\/schema.org","@graph":[{"@type":"WebPage","@id":"https:\/\/shop.boga-solar.de\/en\/produkt\/goodwe-gw25k-et-hybrid-wechselrichter-3-phasen-25-kw\/","url":"https:\/\/shop.boga-solar.de\/en\/produkt\/goodwe-gw25k-et-hybrid-wechselrichter-3-phasen-25-kw\/","name":"GoodWe GW25K-ET Hybrid-Wechselrichter","isPartOf":{"@id":"https:\/\/shop.boga-solar.de\/en\/#website"},"primaryImageOfPage":{"@id":"https:\/\/shop.boga-solar.de\/en\/produkt\/goodwe-gw25k-et-hybrid-wechselrichter-3-phasen-25-kw\/#primaryimage"},"image":{"@id":"https:\/\/shop.boga-solar.de\/en\/produkt\/goodwe-gw25k-et-hybrid-wechselrichter-3-phasen-25-kw\/#primaryimage"},"thumbnailUrl":"https:\/\/shop.boga-solar.de\/wp-content\/uploads\/2024\/08\/Goodwe1.jpg","datePublished":"2024-08-21T07:27:56+00:00","dateModified":"2025-01-03T20:51:11+00:00","description":"GoodWe GW25K-ET Hybrid-Wechselrichter (3-Phasen, 25 kW)\u25ba Sichere Bezahlung \u2713 Geld-Zur\u00fcck-Garantie \u2713 Schnelle Lieferung \u2713 Jetzt kaufen","breadcrumb":{"@id":"https:\/\/shop.boga-solar.de\/en\/produkt\/goodwe-gw25k-et-hybrid-wechselrichter-3-phasen-25-kw\/#breadcrumb"},"inLanguage":"en-US","potentialAction":[{"@type":"ReadAction","target":["https:\/\/shop.boga-solar.de\/en\/produkt\/goodwe-gw25k-et-hybrid-wechselrichter-3-phasen-25-kw\/"]}]},{"@type":"ImageObject","inLanguage":"en-US","@id":"https:\/\/shop.boga-solar.de\/en\/produkt\/goodwe-gw25k-et-hybrid-wechselrichter-3-phasen-25-kw\/#primaryimage","url":"https:\/\/shop.boga-solar.de\/wp-content\/uploads\/2024\/08\/Goodwe1.jpg","contentUrl":"https:\/\/shop.boga-solar.de\/wp-content\/uploads\/2024\/08\/Goodwe1.jpg","width":640,"height":640},{"@type":"BreadcrumbList","@id":"https:\/\/shop.boga-solar.de\/en\/produkt\/goodwe-gw25k-et-hybrid-wechselrichter-3-phasen-25-kw\/#breadcrumb","itemListElement":[{"@type":"ListItem","position":1,"name":"Startseite","item":"https:\/\/shop.boga-solar.de\/en\/"},{"@type":"ListItem","position":2,"name":"Shop","item":"https:\/\/shop.boga-solar.de\/en\/shop\/"},{"@type":"ListItem","position":3,"name":"GoodWe GW25K-ET hybrid inverter (3 phase, 25 kW)"}]},{"@type":"WebSite","@id":"https:\/\/shop.boga-solar.de\/en\/#website","url":"https:\/\/shop.boga-solar.de\/en\/","name":"BOGA Solar GmbH","description":"","publisher":{"@id":"https:\/\/shop.boga-solar.de\/en\/#organization"},"potentialAction":[{"@type":"SearchAction","target":{"@type":"EntryPoint","urlTemplate":"https:\/\/shop.boga-solar.de\/en\/?s={search_term_string}"},"query-input":{"@type":"PropertyValueSpecification","valueRequired":true,"valueName":"search_term_string"}}],"inLanguage":"en-US"},{"@type":"Organization","@id":"https:\/\/shop.boga-solar.de\/en\/#organization","name":"BOGA Trading","url":"https:\/\/shop.boga-solar.de\/en\/","logo":{"@type":"ImageObject","inLanguage":"en-US","@id":"https:\/\/shop.boga-solar.de\/en\/#\/schema\/logo\/image\/","url":"https:\/\/shop.boga-solar.de\/wp-content\/uploads\/2024\/09\/logo-neu.svg","contentUrl":"https:\/\/shop.boga-solar.de\/wp-content\/uploads\/2024\/09\/logo-neu.svg","caption":"BOGA Trading"},"image":{"@id":"https:\/\/shop.boga-solar.de\/en\/#\/schema\/logo\/image\/"}}]}},"jetpack_sharing_enabled":true,"_links":{"self":[{"href":"https:\/\/shop.boga-solar.de\/en\/wp-json\/wp\/v2\/product\/10818","targetHints":{"allow":["GET"]}}],"collection":[{"href":"https:\/\/shop.boga-solar.de\/en\/wp-json\/wp\/v2\/product"}],"about":[{"href":"https:\/\/shop.boga-solar.de\/en\/wp-json\/wp\/v2\/types\/product"}],"wp:featuredmedia":[{"embeddable":true,"href":"https:\/\/shop.boga-solar.de\/en\/wp-json\/wp\/v2\/media\/9989"}],"wp:attachment":[{"href":"https:\/\/shop.boga-solar.de\/en\/wp-json\/wp\/v2\/media?parent=10818"}],"wp:term":[{"taxonomy":"product_brand","embeddable":true,"href":"https:\/\/shop.boga-solar.de\/en\/wp-json\/wp\/v2\/product_brand?post=10818"},{"taxonomy":"product_cat","embeddable":true,"href":"https:\/\/shop.boga-solar.de\/en\/wp-json\/wp\/v2\/product_cat?post=10818"},{"taxonomy":"product_tag","embeddable":true,"href":"https:\/\/shop.boga-solar.de\/en\/wp-json\/wp\/v2\/product_tag?post=10818"}],"curies":[{"name":"wp","href":"https:\/\/api.w.org\/{rel}","templated":true}]}}