{"id":11025,"date":"2024-04-17T21:33:37","date_gmt":"2024-04-17T19:33:37","guid":{"rendered":"https:\/\/shop.boga-solar.de\/produkt\/trapez-kurzschiene-hoch-gesamthoehe-60-mm-laenge-040m\/"},"modified":"2025-01-07T21:20:26","modified_gmt":"2025-01-07T20:20:26","slug":"trapez-kurzschiene-hoch-gesamthoehe-60-mm-laenge-040m","status":"publish","type":"product","link":"https:\/\/shop.boga-solar.de\/en\/produkt\/trapez-kurzschiene-hoch-gesamthoehe-60-mm-laenge-040m\/","title":{"rendered":"Trapezoid short rail high (total height 60 mm \/ length 0.40m)"},"content":{"rendered":"<div class=\"flex-1 overflow-hidden\">\n<div class=\"react-scroll-to-bottom--css-nnitt-79elbk h-full\">\n<div class=\"react-scroll-to-bottom--css-nnitt-1n7m0yu\">\n<div class=\"flex flex-col text-sm pb-9\">\n<div class=\"w-full text-token-text-primary\" dir=\"auto\" data-testid=\"conversation-turn-23\">\n<div class=\"px-4 py-2 justify-center text-base md:gap-6 m-auto\">\n<div class=\"flex flex-1 text-base mx-auto gap-3 juice:gap-4 juice:md:gap-6 md:px-5 lg:px-1 xl:px-5 md:max-w-3xl lg:max-w-[40rem] xl:max-w-[48rem]\">\n<div class=\"relative flex w-full flex-col agent-turn\">\n<div class=\"flex-col gap-1 md:gap-3\">\n<div class=\"flex flex-grow flex-col max-w-full\">\n<div class=\"min-h-[20px] text-message flex flex-col items-start gap-3 whitespace-pre-wrap break-words [.text-message+&amp;]:mt-5 overflow-x-auto\" dir=\"auto\" data-message-author-role=\"assistant\" data-message-id=\"822ab530-4173-4e8b-8a50-fb40f3ff00b0\">\n<div class=\"markdown prose w-full break-words dark:prose-invert dark\">\n<div class=\"flex-1 overflow-hidden\">\n<div class=\"react-scroll-to-bottom--css-nnitt-79elbk h-full\">\n<div class=\"react-scroll-to-bottom--css-nnitt-1n7m0yu\">\n<div class=\"flex flex-col text-sm pb-9\">\n<div class=\"w-full text-token-text-primary\" dir=\"auto\" data-testid=\"conversation-turn-25\">\n<div class=\"px-4 py-2 justify-center text-base md:gap-6 m-auto\">\n<div class=\"flex flex-1 text-base mx-auto gap-3 juice:gap-4 juice:md:gap-6 md:px-5 lg:px-1 xl:px-5 md:max-w-3xl lg:max-w-[40rem] xl:max-w-[48rem]\">\n<div class=\"relative flex w-full flex-col agent-turn\">\n<div class=\"flex-col gap-1 md:gap-3\">\n<div class=\"flex flex-grow flex-col max-w-full\">\n<div class=\"min-h-[20px] text-message flex flex-col items-start gap-3 whitespace-pre-wrap break-words [.text-message+&amp;]:mt-5 overflow-x-auto\" dir=\"auto\" data-message-author-role=\"assistant\" data-message-id=\"92c2c337-86f9-4daf-b27b-792f1e37517d\">\n<div class=\"markdown prose w-full break-words dark:prose-invert dark\"><span class=\"ng-star-inserted hovered\" data-index=\"0\">Technical details and application:<\/p>\n<p><\/span><span class=\"ng-star-inserted\" data-index=\"1\">Our trapezoid mounting rail is designed for direct mounting on trapezoidal sheets from bead to bead. <\/span><span class=\"ng-star-inserted\" data-index=\"2\">The middle version has a height of 60 mm and is pre-assembled in different lengths. <\/span><span class=\"ng-star-inserted\" data-index=\"3\">Part of the surface is completely EPDM coated, and the rail is 24-hole. <\/span><span class=\"ng-star-inserted\" data-index=\"4\">For the secure fastening of the profiles, we recommend our construction-approved drilling screws or rivets.<\/p>\n<p><\/span><span class=\"ng-star-inserted\" data-index=\"5\">Mounting system: Roof series<br \/>\n<\/span><span class=\"ng-star-inserted\" data-index=\"6\">Width: 90 mm<br \/>\n<\/span><span class=\"ng-star-inserted\" data-index=\"7\">Height: 60 mm<br \/>\n<\/span><span class=\"ng-star-inserted\" data-index=\"8\">Length: depending on the version<br \/>\n<\/span><span class=\"ng-star-inserted\" data-index=\"9\">Surface: aluminium blank<br \/>\n<\/span><span class=\"ng-star-inserted\" data-index=\"10\">Material: aluminium EN AW 6063-T6<br \/>\n<\/span><span class=\"ng-star-inserted\" data-index=\"11\">Minimum order quantity: 1 piece<br \/>\n<\/span><span class=\"ng-star-inserted\" data-index=\"12\">Packing unit: 72 pieces per carton<br \/>\n<\/span><span class=\"ng-star-inserted\" data-index=\"13\">Weight: 1,047 kg per meter<br \/>\n<\/span><span class=\"ng-star-inserted\" data-index=\"14\">When using the mounting material for photovoltaic systems, it is important to consider several aspects:<\/p>\n<p><\/span><span class=\"ng-star-inserted\" data-index=\"15\">Depending on the type of roof and the chosen mounting system, you should select the appropriate fastening element accordingly. <\/span><span class=\"ng-star-inserted\" data-index=\"16\">For example, stick screws with adapter plate are used in particular for corrugated sheet or fibre cement roofs, while fastening hooks are recommended for beaver tail or bitumen roofs. <\/span><span class=\"ng-star-inserted\" data-index=\"17\">Folded metal roofs are best secured with fixing clamps, while mounting frames are ideal for flat roofs.<br \/>\n<\/span><span class=\"ng-star-inserted\" data-index=\"18\">To securely fix the mounting rail, insert the hammer head screw into the lower profile chamber (groove). <\/span><span class=\"ng-star-inserted\" data-index=\"19\">Then turn it 90 degrees counter-clockwise and fix it with an adapter plate and a locking nut. <\/span><span class=\"ng-star-inserted\" data-index=\"20\">Tighten all components to ensure a stable connection.<br \/>\n<\/span><span class=\"ng-star-inserted\" data-index=\"21\">For the installation of the solar modules, use the end clamp at the end of the series and between two modules the middle clamp on the rail construction. <\/span><span class=\"ng-star-inserted\" data-index=\"22\">To do this, first slide the slot into the upper profile chamber (groove) of the mounting profile. <\/span><span class=\"ng-star-inserted\" data-index=\"23\">Then secure the module clamp to the slot using a cylinder head screw and a spring ring.<\/span><\/div>\n<\/div>\n<\/div>\n<\/div>\n<\/div>\n<\/div>\n<\/div>\n<\/div>\n<\/div>\n<\/div>\n<\/div>\n<\/div>\n<\/div>\n<\/div>\n<\/div>\n<\/div>\n<\/div>\n<\/div>\n<\/div>\n<\/div>\n<\/div>\n<\/div>\n<\/div>\n<\/div>\n","protected":false},"excerpt":{"rendered":"<p>VAT &amp; plus shipping costs, as forwarding shipment necessary<\/p>\n<p>Short rail in different lengths for direct mounting on trapezoidal sheet<br \/>\nFlat version with 60 mm height<br \/>\nDepending on the version, completely glued with EPDM and perforated<br \/>\nWe can also cut your desired lengths from our stock lengths. Select the number of full profile lengths you need for your desired length and the number of cuts required with the article Desired Profile Length &#8211; Cutting Costs<br \/>\nAll further information, as well as cutting costs can be found on the article page Desired length profiles &#8211; cutting costs<\/p>\n<div class=\"woocommerce-product-details__short-description\">\n<div class=\"woocommerce-product-details__short-description\">\n<div class=\"woocommerce-product-details__short-description\">\n<div class=\"woocommerce-product-details__short-description\">\n<div class=\"woocommerce-product-details__short-description\">\n<div class=\"woocommerce-product-details__short-description\">\n<div class=\"woocommerce-product-details__short-description\">\n<div class=\"woocommerce-product-details__short-description\"><\/div>\n<\/div>\n<\/div>\n<\/div>\n<\/div>\n<\/div>\n<\/div>\n<\/div>\n","protected":false},"featured_media":9653,"template":"","meta":{"_acf_changed":false},"product_brand":[],"product_cat":[340,298,299,297,352],"product_tag":[],"class_list":{"0":"post-11025","1":"product","2":"type-product","3":"status-publish","4":"has-post-thumbnail","6":"product_cat-profile-systems","7":"product_cat-short-rails-high-beads","8":"product_cat-short-rails-high-beads-en","9":"product_cat-trapezoidal-sheet-fastening","10":"product_cat-trapezoidal-sheeting-profiles","11":"product_shipping_class-normalversand-799e-en","13":"first","14":"instock","15":"taxable","16":"shipping-taxable","17":"purchasable","18":"product-type-simple"},"acf":[],"yoast_head":"<!-- This site is optimized with the Yoast SEO plugin v27.5 - https:\/\/yoast.com\/product\/yoast-seo-wordpress\/ -->\n<title>Trapezblech-Kurzschiene-hoch H\u00f6he 0,06m L\u00e4nge 0,40m<\/title>\n<meta name=\"description\" content=\"Trapez Kurzschiene (hoch) H\u00f6he 0,06m L\u00e4nge 0,40m \u25ba Sichere Bezahlung \u2713 Geld-Zur\u00fcck-Garantie \u2713 Schnelle Lieferung \u2713 Jetzt kaufen\" \/>\n<meta name=\"robots\" content=\"index, follow, max-snippet:-1, max-image-preview:large, max-video-preview:-1\" \/>\n<link rel=\"canonical\" href=\"https:\/\/shop.boga-solar.de\/en\/produkt\/trapez-kurzschiene-hoch-gesamthoehe-60-mm-laenge-040m\/\" \/>\n<meta property=\"og:locale\" content=\"en_US\" \/>\n<meta property=\"og:type\" content=\"article\" \/>\n<meta property=\"og:title\" content=\"Trapezblech-Kurzschiene-hoch H\u00f6he 0,06m L\u00e4nge 0,40m\" \/>\n<meta property=\"og:description\" content=\"Trapez Kurzschiene (hoch) H\u00f6he 0,06m L\u00e4nge 0,40m \u25ba Sichere Bezahlung \u2713 Geld-Zur\u00fcck-Garantie \u2713 Schnelle Lieferung \u2713 Jetzt kaufen\" \/>\n<meta property=\"og:url\" content=\"https:\/\/shop.boga-solar.de\/en\/produkt\/trapez-kurzschiene-hoch-gesamthoehe-60-mm-laenge-040m\/\" \/>\n<meta property=\"og:site_name\" content=\"BOGA Solar GmbH\" \/>\n<meta property=\"article:modified_time\" content=\"2025-01-07T20:20:26+00:00\" \/>\n<meta property=\"og:image\" content=\"https:\/\/shop.boga-solar.de\/wp-content\/uploads\/2024\/04\/Roof-Trapez_Kurzschiene-hoch_beklebt_gelocht-Gesamthaehe-60-mm.jpg\" \/>\n\t<meta property=\"og:image:width\" content=\"2400\" \/>\n\t<meta property=\"og:image:height\" content=\"1400\" \/>\n\t<meta property=\"og:image:type\" content=\"image\/jpeg\" \/>\n<meta name=\"twitter:card\" content=\"summary_large_image\" \/>\n<meta name=\"twitter:label1\" content=\"Est. reading time\" \/>\n\t<meta name=\"twitter:data1\" content=\"2 minutes\" \/>\n<script type=\"application\/ld+json\" class=\"yoast-schema-graph\">{\"@context\":\"https:\\\/\\\/schema.org\",\"@graph\":[{\"@type\":\"WebPage\",\"@id\":\"https:\\\/\\\/shop.boga-solar.de\\\/en\\\/produkt\\\/trapez-kurzschiene-hoch-gesamthoehe-60-mm-laenge-040m\\\/\",\"url\":\"https:\\\/\\\/shop.boga-solar.de\\\/en\\\/produkt\\\/trapez-kurzschiene-hoch-gesamthoehe-60-mm-laenge-040m\\\/\",\"name\":\"Trapezblech-Kurzschiene-hoch H\u00f6he 0,06m L\u00e4nge 0,40m\",\"isPartOf\":{\"@id\":\"https:\\\/\\\/shop.boga-solar.de\\\/en\\\/#website\"},\"primaryImageOfPage\":{\"@id\":\"https:\\\/\\\/shop.boga-solar.de\\\/en\\\/produkt\\\/trapez-kurzschiene-hoch-gesamthoehe-60-mm-laenge-040m\\\/#primaryimage\"},\"image\":{\"@id\":\"https:\\\/\\\/shop.boga-solar.de\\\/en\\\/produkt\\\/trapez-kurzschiene-hoch-gesamthoehe-60-mm-laenge-040m\\\/#primaryimage\"},\"thumbnailUrl\":\"https:\\\/\\\/shop.boga-solar.de\\\/wp-content\\\/uploads\\\/2024\\\/04\\\/Roof-Trapez_Kurzschiene-hoch_beklebt_gelocht-Gesamthaehe-60-mm.jpg\",\"datePublished\":\"2024-04-17T19:33:37+00:00\",\"dateModified\":\"2025-01-07T20:20:26+00:00\",\"description\":\"Trapez Kurzschiene (hoch) H\u00f6he 0,06m L\u00e4nge 0,40m \u25ba Sichere Bezahlung \u2713 Geld-Zur\u00fcck-Garantie \u2713 Schnelle Lieferung \u2713 Jetzt kaufen\",\"breadcrumb\":{\"@id\":\"https:\\\/\\\/shop.boga-solar.de\\\/en\\\/produkt\\\/trapez-kurzschiene-hoch-gesamthoehe-60-mm-laenge-040m\\\/#breadcrumb\"},\"inLanguage\":\"en-US\",\"potentialAction\":[{\"@type\":\"ReadAction\",\"target\":[\"https:\\\/\\\/shop.boga-solar.de\\\/en\\\/produkt\\\/trapez-kurzschiene-hoch-gesamthoehe-60-mm-laenge-040m\\\/\"]}]},{\"@type\":\"ImageObject\",\"inLanguage\":\"en-US\",\"@id\":\"https:\\\/\\\/shop.boga-solar.de\\\/en\\\/produkt\\\/trapez-kurzschiene-hoch-gesamthoehe-60-mm-laenge-040m\\\/#primaryimage\",\"url\":\"https:\\\/\\\/shop.boga-solar.de\\\/wp-content\\\/uploads\\\/2024\\\/04\\\/Roof-Trapez_Kurzschiene-hoch_beklebt_gelocht-Gesamthaehe-60-mm.jpg\",\"contentUrl\":\"https:\\\/\\\/shop.boga-solar.de\\\/wp-content\\\/uploads\\\/2024\\\/04\\\/Roof-Trapez_Kurzschiene-hoch_beklebt_gelocht-Gesamthaehe-60-mm.jpg\",\"width\":2400,\"height\":1400,\"caption\":\"Trapezblechbefestigung\"},{\"@type\":\"BreadcrumbList\",\"@id\":\"https:\\\/\\\/shop.boga-solar.de\\\/en\\\/produkt\\\/trapez-kurzschiene-hoch-gesamthoehe-60-mm-laenge-040m\\\/#breadcrumb\",\"itemListElement\":[{\"@type\":\"ListItem\",\"position\":1,\"name\":\"Startseite\",\"item\":\"https:\\\/\\\/shop.boga-solar.de\\\/en\\\/\"},{\"@type\":\"ListItem\",\"position\":2,\"name\":\"Shop\",\"item\":\"https:\\\/\\\/shop.boga-solar.de\\\/en\\\/shop\\\/\"},{\"@type\":\"ListItem\",\"position\":3,\"name\":\"Trapezoid short rail high (total height 60 mm \\\/ length 0.40m)\"}]},{\"@type\":\"WebSite\",\"@id\":\"https:\\\/\\\/shop.boga-solar.de\\\/en\\\/#website\",\"url\":\"https:\\\/\\\/shop.boga-solar.de\\\/en\\\/\",\"name\":\"BOGA Solar GmbH\",\"description\":\"\",\"publisher\":{\"@id\":\"https:\\\/\\\/shop.boga-solar.de\\\/en\\\/#organization\"},\"potentialAction\":[{\"@type\":\"SearchAction\",\"target\":{\"@type\":\"EntryPoint\",\"urlTemplate\":\"https:\\\/\\\/shop.boga-solar.de\\\/en\\\/?s={search_term_string}\"},\"query-input\":{\"@type\":\"PropertyValueSpecification\",\"valueRequired\":true,\"valueName\":\"search_term_string\"}}],\"inLanguage\":\"en-US\"},{\"@type\":\"Organization\",\"@id\":\"https:\\\/\\\/shop.boga-solar.de\\\/en\\\/#organization\",\"name\":\"BOGA Trading\",\"url\":\"https:\\\/\\\/shop.boga-solar.de\\\/en\\\/\",\"logo\":{\"@type\":\"ImageObject\",\"inLanguage\":\"en-US\",\"@id\":\"https:\\\/\\\/shop.boga-solar.de\\\/en\\\/#\\\/schema\\\/logo\\\/image\\\/\",\"url\":\"https:\\\/\\\/shop.boga-solar.de\\\/wp-content\\\/uploads\\\/2024\\\/09\\\/logo-neu.svg\",\"contentUrl\":\"https:\\\/\\\/shop.boga-solar.de\\\/wp-content\\\/uploads\\\/2024\\\/09\\\/logo-neu.svg\",\"caption\":\"BOGA Trading\"},\"image\":{\"@id\":\"https:\\\/\\\/shop.boga-solar.de\\\/en\\\/#\\\/schema\\\/logo\\\/image\\\/\"}}]}<\/script>\n<!-- \/ Yoast SEO plugin. -->","yoast_head_json":{"title":"Trapezblech-Kurzschiene-hoch H\u00f6he 0,06m L\u00e4nge 0,40m","description":"Trapez Kurzschiene (hoch) H\u00f6he 0,06m L\u00e4nge 0,40m \u25ba Sichere Bezahlung \u2713 Geld-Zur\u00fcck-Garantie \u2713 Schnelle Lieferung \u2713 Jetzt kaufen","robots":{"index":"index","follow":"follow","max-snippet":"max-snippet:-1","max-image-preview":"max-image-preview:large","max-video-preview":"max-video-preview:-1"},"canonical":"https:\/\/shop.boga-solar.de\/en\/produkt\/trapez-kurzschiene-hoch-gesamthoehe-60-mm-laenge-040m\/","og_locale":"en_US","og_type":"article","og_title":"Trapezblech-Kurzschiene-hoch H\u00f6he 0,06m L\u00e4nge 0,40m","og_description":"Trapez Kurzschiene (hoch) H\u00f6he 0,06m L\u00e4nge 0,40m \u25ba Sichere Bezahlung \u2713 Geld-Zur\u00fcck-Garantie \u2713 Schnelle Lieferung \u2713 Jetzt kaufen","og_url":"https:\/\/shop.boga-solar.de\/en\/produkt\/trapez-kurzschiene-hoch-gesamthoehe-60-mm-laenge-040m\/","og_site_name":"BOGA Solar GmbH","article_modified_time":"2025-01-07T20:20:26+00:00","og_image":[{"width":2400,"height":1400,"url":"https:\/\/shop.boga-solar.de\/wp-content\/uploads\/2024\/04\/Roof-Trapez_Kurzschiene-hoch_beklebt_gelocht-Gesamthaehe-60-mm.jpg","type":"image\/jpeg"}],"twitter_card":"summary_large_image","twitter_misc":{"Est. reading time":"2 minutes"},"schema":{"@context":"https:\/\/schema.org","@graph":[{"@type":"WebPage","@id":"https:\/\/shop.boga-solar.de\/en\/produkt\/trapez-kurzschiene-hoch-gesamthoehe-60-mm-laenge-040m\/","url":"https:\/\/shop.boga-solar.de\/en\/produkt\/trapez-kurzschiene-hoch-gesamthoehe-60-mm-laenge-040m\/","name":"Trapezblech-Kurzschiene-hoch H\u00f6he 0,06m L\u00e4nge 0,40m","isPartOf":{"@id":"https:\/\/shop.boga-solar.de\/en\/#website"},"primaryImageOfPage":{"@id":"https:\/\/shop.boga-solar.de\/en\/produkt\/trapez-kurzschiene-hoch-gesamthoehe-60-mm-laenge-040m\/#primaryimage"},"image":{"@id":"https:\/\/shop.boga-solar.de\/en\/produkt\/trapez-kurzschiene-hoch-gesamthoehe-60-mm-laenge-040m\/#primaryimage"},"thumbnailUrl":"https:\/\/shop.boga-solar.de\/wp-content\/uploads\/2024\/04\/Roof-Trapez_Kurzschiene-hoch_beklebt_gelocht-Gesamthaehe-60-mm.jpg","datePublished":"2024-04-17T19:33:37+00:00","dateModified":"2025-01-07T20:20:26+00:00","description":"Trapez Kurzschiene (hoch) H\u00f6he 0,06m L\u00e4nge 0,40m \u25ba Sichere Bezahlung \u2713 Geld-Zur\u00fcck-Garantie \u2713 Schnelle Lieferung \u2713 Jetzt kaufen","breadcrumb":{"@id":"https:\/\/shop.boga-solar.de\/en\/produkt\/trapez-kurzschiene-hoch-gesamthoehe-60-mm-laenge-040m\/#breadcrumb"},"inLanguage":"en-US","potentialAction":[{"@type":"ReadAction","target":["https:\/\/shop.boga-solar.de\/en\/produkt\/trapez-kurzschiene-hoch-gesamthoehe-60-mm-laenge-040m\/"]}]},{"@type":"ImageObject","inLanguage":"en-US","@id":"https:\/\/shop.boga-solar.de\/en\/produkt\/trapez-kurzschiene-hoch-gesamthoehe-60-mm-laenge-040m\/#primaryimage","url":"https:\/\/shop.boga-solar.de\/wp-content\/uploads\/2024\/04\/Roof-Trapez_Kurzschiene-hoch_beklebt_gelocht-Gesamthaehe-60-mm.jpg","contentUrl":"https:\/\/shop.boga-solar.de\/wp-content\/uploads\/2024\/04\/Roof-Trapez_Kurzschiene-hoch_beklebt_gelocht-Gesamthaehe-60-mm.jpg","width":2400,"height":1400,"caption":"Trapezblechbefestigung"},{"@type":"BreadcrumbList","@id":"https:\/\/shop.boga-solar.de\/en\/produkt\/trapez-kurzschiene-hoch-gesamthoehe-60-mm-laenge-040m\/#breadcrumb","itemListElement":[{"@type":"ListItem","position":1,"name":"Startseite","item":"https:\/\/shop.boga-solar.de\/en\/"},{"@type":"ListItem","position":2,"name":"Shop","item":"https:\/\/shop.boga-solar.de\/en\/shop\/"},{"@type":"ListItem","position":3,"name":"Trapezoid short rail high (total height 60 mm \/ length 0.40m)"}]},{"@type":"WebSite","@id":"https:\/\/shop.boga-solar.de\/en\/#website","url":"https:\/\/shop.boga-solar.de\/en\/","name":"BOGA Solar GmbH","description":"","publisher":{"@id":"https:\/\/shop.boga-solar.de\/en\/#organization"},"potentialAction":[{"@type":"SearchAction","target":{"@type":"EntryPoint","urlTemplate":"https:\/\/shop.boga-solar.de\/en\/?s={search_term_string}"},"query-input":{"@type":"PropertyValueSpecification","valueRequired":true,"valueName":"search_term_string"}}],"inLanguage":"en-US"},{"@type":"Organization","@id":"https:\/\/shop.boga-solar.de\/en\/#organization","name":"BOGA Trading","url":"https:\/\/shop.boga-solar.de\/en\/","logo":{"@type":"ImageObject","inLanguage":"en-US","@id":"https:\/\/shop.boga-solar.de\/en\/#\/schema\/logo\/image\/","url":"https:\/\/shop.boga-solar.de\/wp-content\/uploads\/2024\/09\/logo-neu.svg","contentUrl":"https:\/\/shop.boga-solar.de\/wp-content\/uploads\/2024\/09\/logo-neu.svg","caption":"BOGA Trading"},"image":{"@id":"https:\/\/shop.boga-solar.de\/en\/#\/schema\/logo\/image\/"}}]}},"jetpack_sharing_enabled":true,"_links":{"self":[{"href":"https:\/\/shop.boga-solar.de\/en\/wp-json\/wp\/v2\/product\/11025","targetHints":{"allow":["GET"]}}],"collection":[{"href":"https:\/\/shop.boga-solar.de\/en\/wp-json\/wp\/v2\/product"}],"about":[{"href":"https:\/\/shop.boga-solar.de\/en\/wp-json\/wp\/v2\/types\/product"}],"wp:featuredmedia":[{"embeddable":true,"href":"https:\/\/shop.boga-solar.de\/en\/wp-json\/wp\/v2\/media\/9653"}],"wp:attachment":[{"href":"https:\/\/shop.boga-solar.de\/en\/wp-json\/wp\/v2\/media?parent=11025"}],"wp:term":[{"taxonomy":"product_brand","embeddable":true,"href":"https:\/\/shop.boga-solar.de\/en\/wp-json\/wp\/v2\/product_brand?post=11025"},{"taxonomy":"product_cat","embeddable":true,"href":"https:\/\/shop.boga-solar.de\/en\/wp-json\/wp\/v2\/product_cat?post=11025"},{"taxonomy":"product_tag","embeddable":true,"href":"https:\/\/shop.boga-solar.de\/en\/wp-json\/wp\/v2\/product_tag?post=11025"}],"curies":[{"name":"wp","href":"https:\/\/api.w.org\/{rel}","templated":true}]}}