{"id":11026,"date":"2024-04-17T21:22:57","date_gmt":"2024-04-17T19:22:57","guid":{"rendered":"https:\/\/shop.boga-solar.de\/produkt\/trapez-kurzschiene-hoch\/"},"modified":"2025-01-07T21:20:50","modified_gmt":"2025-01-07T20:20:50","slug":"trapez-kurzschiene-hoch","status":"publish","type":"product","link":"https:\/\/shop.boga-solar.de\/en\/produkt\/trapez-kurzschiene-hoch\/","title":{"rendered":"Trapezoid short rail high (total height 60 mm \/ length 0.265m)"},"content":{"rendered":"<div class=\"flex-1 overflow-hidden\">\n<div class=\"react-scroll-to-bottom--css-nnitt-79elbk h-full\">\n<div class=\"react-scroll-to-bottom--css-nnitt-1n7m0yu\">\n<div class=\"flex flex-col text-sm pb-9\">\n<div class=\"w-full text-token-text-primary\" dir=\"auto\" data-testid=\"conversation-turn-23\">\n<div class=\"px-4 py-2 justify-center text-base md:gap-6 m-auto\">\n<div class=\"flex flex-1 text-base mx-auto gap-3 juice:gap-4 juice:md:gap-6 md:px-5 lg:px-1 xl:px-5 md:max-w-3xl lg:max-w-[40rem] xl:max-w-[48rem]\">\n<div class=\"relative flex w-full flex-col agent-turn\">\n<div class=\"flex-col gap-1 md:gap-3\">\n<div class=\"flex flex-grow flex-col max-w-full\">\n<div class=\"min-h-[20px] text-message flex flex-col items-start gap-3 whitespace-pre-wrap break-words [.text-message+&amp;]:mt-5 overflow-x-auto\" dir=\"auto\" data-message-author-role=\"assistant\" data-message-id=\"822ab530-4173-4e8b-8a50-fb40f3ff00b0\">\n<div class=\"markdown prose w-full break-words dark:prose-invert dark\">\n<div class=\"flex-1 overflow-hidden\">\n<div class=\"react-scroll-to-bottom--css-nnitt-79elbk h-full\">\n<div class=\"react-scroll-to-bottom--css-nnitt-1n7m0yu\">\n<div class=\"flex flex-col text-sm pb-9\">\n<div class=\"w-full text-token-text-primary\" dir=\"auto\" data-testid=\"conversation-turn-25\">\n<div class=\"px-4 py-2 justify-center text-base md:gap-6 m-auto\">\n<div class=\"flex flex-1 text-base mx-auto gap-3 juice:gap-4 juice:md:gap-6 md:px-5 lg:px-1 xl:px-5 md:max-w-3xl lg:max-w-[40rem] xl:max-w-[48rem]\">\n<div class=\"relative flex w-full flex-col agent-turn\">\n<div class=\"flex-col gap-1 md:gap-3\">\n<div class=\"flex flex-grow flex-col max-w-full\">\n<div class=\"min-h-[20px] text-message flex flex-col items-start gap-3 whitespace-pre-wrap break-words [.text-message+&amp;]:mt-5 overflow-x-auto\" dir=\"auto\" data-message-author-role=\"assistant\" data-message-id=\"92c2c337-86f9-4daf-b27b-792f1e37517d\">\n<div class=\"markdown prose w-full break-words dark:prose-invert dark\">\n<div class=\"translation-input translation-input__source transparent-border-left transparent-border-bottom translation-input--ltr error translation-input__source__active translation-input__source__nmt\">\n<div class=\"translation-input__main\">\n<div class=\"translation-input__main__textarea-and-sentences\">\n<div class=\"sentence-wrapper input-sentence-wrapper\" dir=\"ltr\"><span class=\"ng-star-inserted\" data-index=\"0\">Technische Details und Anwendung:<\/p>\n<p><\/span><span class=\"ng-star-inserted\" data-index=\"1\">Unsere Trapez-Montageschiene ist konzipiert f\u00fcr die direkte Montage auf Trapezblechen von Sicke zu Sicke. <\/span><span class=\"ng-star-inserted\" data-index=\"2\">Die mittlere Version verf\u00fcgt \u00fcber eine H\u00f6he von 60 mm und ist in verschiedenen L\u00e4ngen vorkonfektioniert. <\/span><span class=\"ng-star-inserted\" data-index=\"3\">Ein Teil der Oberfl\u00e4che ist vollst\u00e4ndig mit EPDM beschichtet, und die Schiene ist 24-fach gelocht. <\/span><span class=\"ng-star-inserted\" data-index=\"4\">F\u00fcr die sichere Befestigung der Profile empfehlen wir unsere bauaufsichtlich zugelassenen Bohrschrauben oder Niete.<\/p>\n<p><\/span><span class=\"ng-star-inserted\" data-index=\"5\">Montagesystem: Roof-Serie<br \/>\n<\/span><span class=\"ng-star-inserted\" data-index=\"6\">Breite: 90 mm<br \/>\n<\/span><span class=\"ng-star-inserted\" data-index=\"7\">H\u00f6he: 60 mm<br \/>\n<\/span><span class=\"ng-star-inserted\" data-index=\"8\">L\u00e4nge: Je nach Ausf\u00fchrung<br \/>\n<\/span><span class=\"ng-star-inserted\" data-index=\"9\">Oberfl\u00e4che: Aluminium blank<br \/>\n<\/span><span class=\"ng-star-inserted\" data-index=\"10\">Material: Aluminium EN AW 6063-T6<br \/>\n<\/span><span class=\"ng-star-inserted\" data-index=\"11\">Mindestabnahmemenge: 1 St\u00fcck<br \/>\n<\/span><span class=\"ng-star-inserted\" data-index=\"12\">Verpackungseinheit: 72 St\u00fcck pro Karton<br \/>\n<\/span><span class=\"ng-star-inserted\" data-index=\"13\">Gewicht: 1,047 kg pro Meter<br \/>\n<\/span><span class=\"ng-star-inserted\" data-index=\"14\">Bei der Verwendung des Befestigungsmaterials f\u00fcr Photovoltaik-Anlagen ist es wichtig, verschiedene Aspekte zu beachten:<\/p>\n<p><\/span><span class=\"ng-star-inserted\" data-index=\"15\">Je nach Art des Daches und des gew\u00e4hlten Montagesystems sollten Sie das passende Befestigungselement entsprechend ausw\u00e4hlen. <\/span><span class=\"ng-star-inserted\" data-index=\"16\">Beispielsweise kommen Stockschrauben mit Adapterplatte insbesondere bei Wellblech- oder Faserzementd\u00e4chern zum Einsatz, w\u00e4hrend f\u00fcr Biberschwanz- oder Bitumend\u00e4cher Befestigungshaken empfohlen werden. <\/span><span class=\"ng-star-inserted\" data-index=\"17\">Blechd\u00e4cher mit Falz lassen sich am besten mit Befestigungsklemmen sichern, w\u00e4hrend Montagegestelle ideal f\u00fcr Flachd\u00e4cher sind.<br \/>\n<\/span><span class=\"ng-star-inserted\" data-index=\"18\">Um die Montageschiene sicher zu befestigen, legen Sie die Hammerkopfschraube in die untere Profilkammer (Nut) ein. <\/span><span class=\"ng-star-inserted\" data-index=\"19\">Anschlie\u00dfend drehen Sie sie um 90 Grad gegen den Uhrzeigersinn und befestigen sie mit einer Adapterplatte und einer Bundmutter mit Sperrverzahnung. <\/span><span class=\"ng-star-inserted\" data-index=\"20\">Ziehen Sie alle Komponenten fest an, um eine stabile Verbindung zu gew\u00e4hrleisten.<br \/>\n<\/span><span class=\"ng-star-inserted\" data-index=\"21\">F\u00fcr die Montage der Solarmodule verwenden Sie am Ende der Reihe die Endklemme und zwischen zwei Modulen die Mittelklemme auf der Schienenkonstruktion. <\/span><span class=\"ng-star-inserted\" data-index=\"22\">Hierf\u00fcr schieben Sie zun\u00e4chst den Nutenstein in die obere Profilkammer (Nut) des Montageprofils. <\/span><span class=\"ng-star-inserted\" data-index=\"23\">Anschlie\u00dfend befestigen Sie die Modulklemme mithilfe einer Zylinderkopfschraube und einem Federring sicher am Nutenstein.<br \/>\n<\/span><span class=\"ng-star-inserted\" data-index=\"24\">Es ist von <\/span><\/div>\n<\/div>\n<p><button class=\"translation-input__main__close ng-star-inserted\" aria-label=\"L\u00f6schen\"><\/button><\/div>\n<div class=\"translation-input__bottom_controls ng-star-inserted\">\n<div class=\"translation-input__bottom_controls__btns-left\"><button class=\"app-pronounce ng-star-inserted\" aria-label=\"Zuh\u00f6ren\"><\/button><a class=\"acapela-link ng-star-inserted\" href=\"https:\/\/www.acapela-group.com\/\" target=\"_blank\" rel=\"noopener\"><img decoding=\"async\" src=\"https:\/\/cdn.reverso.net\/trans\/v2.21.4\/assets\/images\/acapela.gif\" alt=\"Acapela icon\" width=\"59px\" height=\"16px\" \/><\/a><\/div>\n<div class=\"translation-input__bottom_controls__btns-right\">\n<div class=\"translation-input__bottom_controls__keyboard-count\"><button class=\"button-keyboard ng-star-inserted\" aria-label=\"Virtuelle Tastatur\"><\/button><span class=\"characters-count error ng-star-inserted\" tabindex=\"0\" aria-label=\"2283 Zeichen von maximal 2000\">2283 \/ 2000<\/span><\/div>\n<\/div>\n<div class=\"accent-chars ng-star-inserted\"><button class=\"ng-star-inserted\">\u00e4<\/button><button class=\"ng-star-inserted\">\u00f6<\/button><button class=\"ng-star-inserted\">\u00fc<\/button><button class=\"ng-star-inserted\">\u00df<\/button><\/div>\n<\/div>\n<\/div>\n<div class=\"translation-input translation-input__target content-box-wrapper translation-input--ltr translation-input__target__nmt translation-input__target__over-limit\">\n<div class=\"translation-input__main translation-input__result\"><textarea class=\"ghost__textarea ghost__textarea__show ng-untouched ng-pristine ng-star-inserted\" dir=\"ltr\" spellcheck=\"false\" disabled=\"disabled\"><\/textarea><\/p>\n<div class=\"sentence-wrapper sentence-wrapper_target ng-star-inserted blur-gradient\"><span class=\"ng-star-inserted\" data-index=\"0\">Technical details and application:<\/p>\n<p><\/span><span class=\"ng-star-inserted\" data-index=\"1\">Our trapezoid mounting rail is designed for direct mounting on trapezoidal sheets from bead to bead. <\/span><span class=\"ng-star-inserted\" data-index=\"2\">The middle version has a height of 60 mm and is pre-assembled in different lengths. <\/span><span class=\"ng-star-inserted\" data-index=\"3\">Part of the surface is completely EPDM coated, and the rail is 24-hole. <\/span><span class=\"ng-star-inserted\" data-index=\"4\">For the secure fastening of the profiles, we recommend our construction-approved drilling screws or rivets.<\/p>\n<p><\/span><span class=\"ng-star-inserted\" data-index=\"5\">Mounting system: Roof series<br \/>\n<\/span><span class=\"ng-star-inserted\" data-index=\"6\">Width: 90 mm<br \/>\n<\/span><span class=\"ng-star-inserted\" data-index=\"7\">Height: 60 mm<br \/>\n<\/span><span class=\"ng-star-inserted\" data-index=\"8\">Length: depending on the version<br \/>\n<\/span><span class=\"ng-star-inserted\" data-index=\"9\">Surface: aluminium blank<br \/>\n<\/span><span class=\"ng-star-inserted\" data-index=\"10\">Material: aluminium EN AW 6063-T6<br \/>\n<\/span><span class=\"ng-star-inserted\" data-index=\"11\">Minimum order quantity: 1 piece<br \/>\n<\/span><span class=\"ng-star-inserted\" data-index=\"12\">Packing unit: 72 pieces per carton<br \/>\n<\/span><span class=\"ng-star-inserted\" data-index=\"13\">Weight: 1,047 kg per meter<br \/>\n<\/span><span class=\"ng-star-inserted\" data-index=\"14\">When using the mounting material for photovoltaic systems, it is important to consider several aspects:<\/p>\n<p><\/span><span class=\"ng-star-inserted\" data-index=\"15\">Depending on the type of roof and the chosen mounting system, you should select the appropriate fastening element accordingly. <\/span><span class=\"ng-star-inserted\" data-index=\"16\">For example, stick screws with adapter plate are used in particular for corrugated sheet or fibre cement roofs, while fastening hooks are recommended for beaver tail or bitumen roofs. <\/span><span class=\"ng-star-inserted\" data-index=\"17\">Folded metal roofs are best secured with fixing clamps, while mounting frames are ideal for flat roofs.<br \/>\n<\/span><span class=\"ng-star-inserted\" data-index=\"18\">To securely fix the mounting rail, insert the hammer head screw into the lower profile chamber (groove). <\/span><span class=\"ng-star-inserted\" data-index=\"19\">Then turn it 90 degrees counter-clockwise and fix it with an adapter plate and a locking nut. <\/span><span class=\"ng-star-inserted\" data-index=\"20\">Tighten all components to ensure a stable connection.<br \/>\n<\/span><span class=\"ng-star-inserted\" data-index=\"21\">For the installation of the solar modules, use the end clamp at the end of the series and between two modules the middle clamp on the rail construction. <\/span><span class=\"ng-star-inserted\" data-index=\"22\">To do this, first slide the slot into the upper profile chamber (groove) of the mounting profile. <\/span><span class=\"ng-star-inserted\" data-index=\"23\">Then secure the module clamp to the slot using a cylinder head screw and a spring ring.<\/span><\/div>\n<\/div>\n<\/div>\n<\/div>\n<\/div>\n<\/div>\n<\/div>\n<\/div>\n<\/div>\n<\/div>\n<\/div>\n<\/div>\n<\/div>\n<\/div>\n<\/div>\n<\/div>\n<\/div>\n<\/div>\n<\/div>\n<\/div>\n<\/div>\n<\/div>\n<\/div>\n<\/div>\n<\/div>\n<\/div>\n<\/div>\n","protected":false},"excerpt":{"rendered":"<p>VAT &amp; plus shipping costs, as forwarding shipment necessary<\/p>\n<p>Short rail in different lengths for direct mounting on trapezoidal sheet<br \/>\nFlat version with 60 mm height<br \/>\nDepending on the version, completely glued with EPDM and perforated<br \/>\nWe can also cut your desired lengths from our stock lengths. Select the number of full profile lengths you need for your desired length and the number of cuts required with the article Desired Profile Length &#8211; Cutting Costs<br \/>\nAll further information, as well as cutting costs can be found on the article page Desired length profiles &#8211; cutting costs<\/p>\n<div class=\"woocommerce-product-details__short-description\">\n<div class=\"woocommerce-product-details__short-description\">\n<div class=\"woocommerce-product-details__short-description\">\n<div class=\"woocommerce-product-details__short-description\">\n<div class=\"woocommerce-product-details__short-description\">\n<div class=\"woocommerce-product-details__short-description\"><\/div>\n<\/div>\n<\/div>\n<\/div>\n<\/div>\n<\/div>\n","protected":false},"featured_media":9650,"template":"","meta":{"_acf_changed":false},"product_brand":[],"product_cat":[340,297,392,300],"product_tag":[],"class_list":{"0":"post-11026","1":"product","2":"type-product","3":"status-publish","4":"has-post-thumbnail","6":"product_cat-profile-systems","7":"product_cat-trapezoidal-sheet-fastening","8":"product_cat-trapezoidal-sheet-metal-facade","9":"product_cat-trapezoidal-sheet-pv-mounting-systems-6-m-rails","10":"product_shipping_class-normalversand-799e-en","12":"first","13":"instock","14":"taxable","15":"shipping-taxable","16":"purchasable","17":"product-type-simple"},"acf":[],"yoast_head":"<!-- This site is optimized with the Yoast SEO plugin v27.6 - https:\/\/yoast.com\/product\/yoast-seo-wordpress\/ -->\n<title>Trapezblech-Kurzschiene-mittel H\u00f6he 0,06m L\u00e4nge 0,265m<\/title>\n<meta name=\"description\" content=\"Trapez Kurzschiene hoch H\u00f6he 0,06m L\u00e4nge 0,265m \u25ba Sichere Bezahlung \u2713 Geld-Zur\u00fcck-Garantie \u2713 Schnelle Lieferung \u2713 Jetzt kaufen\" \/>\n<meta name=\"robots\" content=\"index, follow, max-snippet:-1, max-image-preview:large, max-video-preview:-1\" \/>\n<link rel=\"canonical\" href=\"https:\/\/shop.boga-solar.de\/en\/produkt\/trapez-kurzschiene-hoch\/\" \/>\n<meta property=\"og:locale\" content=\"en_US\" \/>\n<meta property=\"og:type\" content=\"article\" \/>\n<meta property=\"og:title\" content=\"Trapezblech-Kurzschiene-mittel H\u00f6he 0,06m L\u00e4nge 0,265m\" \/>\n<meta property=\"og:description\" content=\"Trapez Kurzschiene hoch H\u00f6he 0,06m L\u00e4nge 0,265m \u25ba Sichere Bezahlung \u2713 Geld-Zur\u00fcck-Garantie \u2713 Schnelle Lieferung \u2713 Jetzt kaufen\" \/>\n<meta property=\"og:url\" content=\"https:\/\/shop.boga-solar.de\/en\/produkt\/trapez-kurzschiene-hoch\/\" \/>\n<meta property=\"og:site_name\" content=\"BOGA Solar GmbH\" \/>\n<meta property=\"article:modified_time\" content=\"2025-01-07T20:20:50+00:00\" \/>\n<meta property=\"og:image\" content=\"https:\/\/shop.boga-solar.de\/wp-content\/uploads\/2024\/04\/Roof-Trapez_Kurzschiene_beklebt-Gesamthaehe-60-mm.jpg\" \/>\n\t<meta property=\"og:image:width\" content=\"2400\" \/>\n\t<meta property=\"og:image:height\" content=\"1400\" \/>\n\t<meta property=\"og:image:type\" content=\"image\/jpeg\" \/>\n<meta name=\"twitter:card\" content=\"summary_large_image\" \/>\n<meta name=\"twitter:label1\" content=\"Est. reading time\" \/>\n\t<meta name=\"twitter:data1\" content=\"2 minutes\" \/>\n<script type=\"application\/ld+json\" class=\"yoast-schema-graph\">{\"@context\":\"https:\\\/\\\/schema.org\",\"@graph\":[{\"@type\":\"WebPage\",\"@id\":\"https:\\\/\\\/shop.boga-solar.de\\\/en\\\/produkt\\\/trapez-kurzschiene-hoch\\\/\",\"url\":\"https:\\\/\\\/shop.boga-solar.de\\\/en\\\/produkt\\\/trapez-kurzschiene-hoch\\\/\",\"name\":\"Trapezblech-Kurzschiene-mittel H\u00f6he 0,06m L\u00e4nge 0,265m\",\"isPartOf\":{\"@id\":\"https:\\\/\\\/shop.boga-solar.de\\\/en\\\/#website\"},\"primaryImageOfPage\":{\"@id\":\"https:\\\/\\\/shop.boga-solar.de\\\/en\\\/produkt\\\/trapez-kurzschiene-hoch\\\/#primaryimage\"},\"image\":{\"@id\":\"https:\\\/\\\/shop.boga-solar.de\\\/en\\\/produkt\\\/trapez-kurzschiene-hoch\\\/#primaryimage\"},\"thumbnailUrl\":\"https:\\\/\\\/shop.boga-solar.de\\\/wp-content\\\/uploads\\\/2024\\\/04\\\/Roof-Trapez_Kurzschiene_beklebt-Gesamthaehe-60-mm.jpg\",\"datePublished\":\"2024-04-17T19:22:57+00:00\",\"dateModified\":\"2025-01-07T20:20:50+00:00\",\"description\":\"Trapez Kurzschiene hoch H\u00f6he 0,06m L\u00e4nge 0,265m \u25ba Sichere Bezahlung \u2713 Geld-Zur\u00fcck-Garantie \u2713 Schnelle Lieferung \u2713 Jetzt kaufen\",\"breadcrumb\":{\"@id\":\"https:\\\/\\\/shop.boga-solar.de\\\/en\\\/produkt\\\/trapez-kurzschiene-hoch\\\/#breadcrumb\"},\"inLanguage\":\"en-US\",\"potentialAction\":[{\"@type\":\"ReadAction\",\"target\":[\"https:\\\/\\\/shop.boga-solar.de\\\/en\\\/produkt\\\/trapez-kurzschiene-hoch\\\/\"]}]},{\"@type\":\"ImageObject\",\"inLanguage\":\"en-US\",\"@id\":\"https:\\\/\\\/shop.boga-solar.de\\\/en\\\/produkt\\\/trapez-kurzschiene-hoch\\\/#primaryimage\",\"url\":\"https:\\\/\\\/shop.boga-solar.de\\\/wp-content\\\/uploads\\\/2024\\\/04\\\/Roof-Trapez_Kurzschiene_beklebt-Gesamthaehe-60-mm.jpg\",\"contentUrl\":\"https:\\\/\\\/shop.boga-solar.de\\\/wp-content\\\/uploads\\\/2024\\\/04\\\/Roof-Trapez_Kurzschiene_beklebt-Gesamthaehe-60-mm.jpg\",\"width\":2400,\"height\":1400},{\"@type\":\"BreadcrumbList\",\"@id\":\"https:\\\/\\\/shop.boga-solar.de\\\/en\\\/produkt\\\/trapez-kurzschiene-hoch\\\/#breadcrumb\",\"itemListElement\":[{\"@type\":\"ListItem\",\"position\":1,\"name\":\"Startseite\",\"item\":\"https:\\\/\\\/shop.boga-solar.de\\\/en\\\/\"},{\"@type\":\"ListItem\",\"position\":2,\"name\":\"Shop\",\"item\":\"https:\\\/\\\/shop.boga-solar.de\\\/en\\\/shop\\\/\"},{\"@type\":\"ListItem\",\"position\":3,\"name\":\"Trapezoid short rail high (total height 60 mm \\\/ length 0.265m)\"}]},{\"@type\":\"WebSite\",\"@id\":\"https:\\\/\\\/shop.boga-solar.de\\\/en\\\/#website\",\"url\":\"https:\\\/\\\/shop.boga-solar.de\\\/en\\\/\",\"name\":\"BOGA Solar GmbH\",\"description\":\"\",\"publisher\":{\"@id\":\"https:\\\/\\\/shop.boga-solar.de\\\/en\\\/#organization\"},\"potentialAction\":[{\"@type\":\"SearchAction\",\"target\":{\"@type\":\"EntryPoint\",\"urlTemplate\":\"https:\\\/\\\/shop.boga-solar.de\\\/en\\\/?s={search_term_string}\"},\"query-input\":{\"@type\":\"PropertyValueSpecification\",\"valueRequired\":true,\"valueName\":\"search_term_string\"}}],\"inLanguage\":\"en-US\"},{\"@type\":\"Organization\",\"@id\":\"https:\\\/\\\/shop.boga-solar.de\\\/en\\\/#organization\",\"name\":\"BOGA Trading\",\"url\":\"https:\\\/\\\/shop.boga-solar.de\\\/en\\\/\",\"logo\":{\"@type\":\"ImageObject\",\"inLanguage\":\"en-US\",\"@id\":\"https:\\\/\\\/shop.boga-solar.de\\\/en\\\/#\\\/schema\\\/logo\\\/image\\\/\",\"url\":\"https:\\\/\\\/shop.boga-solar.de\\\/wp-content\\\/uploads\\\/2024\\\/09\\\/logo-neu.svg\",\"contentUrl\":\"https:\\\/\\\/shop.boga-solar.de\\\/wp-content\\\/uploads\\\/2024\\\/09\\\/logo-neu.svg\",\"caption\":\"BOGA Trading\"},\"image\":{\"@id\":\"https:\\\/\\\/shop.boga-solar.de\\\/en\\\/#\\\/schema\\\/logo\\\/image\\\/\"}}]}<\/script>\n<!-- \/ Yoast SEO plugin. -->","yoast_head_json":{"title":"Trapezblech-Kurzschiene-mittel H\u00f6he 0,06m L\u00e4nge 0,265m","description":"Trapez Kurzschiene hoch H\u00f6he 0,06m L\u00e4nge 0,265m \u25ba Sichere Bezahlung \u2713 Geld-Zur\u00fcck-Garantie \u2713 Schnelle Lieferung \u2713 Jetzt kaufen","robots":{"index":"index","follow":"follow","max-snippet":"max-snippet:-1","max-image-preview":"max-image-preview:large","max-video-preview":"max-video-preview:-1"},"canonical":"https:\/\/shop.boga-solar.de\/en\/produkt\/trapez-kurzschiene-hoch\/","og_locale":"en_US","og_type":"article","og_title":"Trapezblech-Kurzschiene-mittel H\u00f6he 0,06m L\u00e4nge 0,265m","og_description":"Trapez Kurzschiene hoch H\u00f6he 0,06m L\u00e4nge 0,265m \u25ba Sichere Bezahlung \u2713 Geld-Zur\u00fcck-Garantie \u2713 Schnelle Lieferung \u2713 Jetzt kaufen","og_url":"https:\/\/shop.boga-solar.de\/en\/produkt\/trapez-kurzschiene-hoch\/","og_site_name":"BOGA Solar GmbH","article_modified_time":"2025-01-07T20:20:50+00:00","og_image":[{"width":2400,"height":1400,"url":"https:\/\/shop.boga-solar.de\/wp-content\/uploads\/2024\/04\/Roof-Trapez_Kurzschiene_beklebt-Gesamthaehe-60-mm.jpg","type":"image\/jpeg"}],"twitter_card":"summary_large_image","twitter_misc":{"Est. reading time":"2 minutes"},"schema":{"@context":"https:\/\/schema.org","@graph":[{"@type":"WebPage","@id":"https:\/\/shop.boga-solar.de\/en\/produkt\/trapez-kurzschiene-hoch\/","url":"https:\/\/shop.boga-solar.de\/en\/produkt\/trapez-kurzschiene-hoch\/","name":"Trapezblech-Kurzschiene-mittel H\u00f6he 0,06m L\u00e4nge 0,265m","isPartOf":{"@id":"https:\/\/shop.boga-solar.de\/en\/#website"},"primaryImageOfPage":{"@id":"https:\/\/shop.boga-solar.de\/en\/produkt\/trapez-kurzschiene-hoch\/#primaryimage"},"image":{"@id":"https:\/\/shop.boga-solar.de\/en\/produkt\/trapez-kurzschiene-hoch\/#primaryimage"},"thumbnailUrl":"https:\/\/shop.boga-solar.de\/wp-content\/uploads\/2024\/04\/Roof-Trapez_Kurzschiene_beklebt-Gesamthaehe-60-mm.jpg","datePublished":"2024-04-17T19:22:57+00:00","dateModified":"2025-01-07T20:20:50+00:00","description":"Trapez Kurzschiene hoch H\u00f6he 0,06m L\u00e4nge 0,265m \u25ba Sichere Bezahlung \u2713 Geld-Zur\u00fcck-Garantie \u2713 Schnelle Lieferung \u2713 Jetzt kaufen","breadcrumb":{"@id":"https:\/\/shop.boga-solar.de\/en\/produkt\/trapez-kurzschiene-hoch\/#breadcrumb"},"inLanguage":"en-US","potentialAction":[{"@type":"ReadAction","target":["https:\/\/shop.boga-solar.de\/en\/produkt\/trapez-kurzschiene-hoch\/"]}]},{"@type":"ImageObject","inLanguage":"en-US","@id":"https:\/\/shop.boga-solar.de\/en\/produkt\/trapez-kurzschiene-hoch\/#primaryimage","url":"https:\/\/shop.boga-solar.de\/wp-content\/uploads\/2024\/04\/Roof-Trapez_Kurzschiene_beklebt-Gesamthaehe-60-mm.jpg","contentUrl":"https:\/\/shop.boga-solar.de\/wp-content\/uploads\/2024\/04\/Roof-Trapez_Kurzschiene_beklebt-Gesamthaehe-60-mm.jpg","width":2400,"height":1400},{"@type":"BreadcrumbList","@id":"https:\/\/shop.boga-solar.de\/en\/produkt\/trapez-kurzschiene-hoch\/#breadcrumb","itemListElement":[{"@type":"ListItem","position":1,"name":"Startseite","item":"https:\/\/shop.boga-solar.de\/en\/"},{"@type":"ListItem","position":2,"name":"Shop","item":"https:\/\/shop.boga-solar.de\/en\/shop\/"},{"@type":"ListItem","position":3,"name":"Trapezoid short rail high (total height 60 mm \/ length 0.265m)"}]},{"@type":"WebSite","@id":"https:\/\/shop.boga-solar.de\/en\/#website","url":"https:\/\/shop.boga-solar.de\/en\/","name":"BOGA Solar GmbH","description":"","publisher":{"@id":"https:\/\/shop.boga-solar.de\/en\/#organization"},"potentialAction":[{"@type":"SearchAction","target":{"@type":"EntryPoint","urlTemplate":"https:\/\/shop.boga-solar.de\/en\/?s={search_term_string}"},"query-input":{"@type":"PropertyValueSpecification","valueRequired":true,"valueName":"search_term_string"}}],"inLanguage":"en-US"},{"@type":"Organization","@id":"https:\/\/shop.boga-solar.de\/en\/#organization","name":"BOGA Trading","url":"https:\/\/shop.boga-solar.de\/en\/","logo":{"@type":"ImageObject","inLanguage":"en-US","@id":"https:\/\/shop.boga-solar.de\/en\/#\/schema\/logo\/image\/","url":"https:\/\/shop.boga-solar.de\/wp-content\/uploads\/2024\/09\/logo-neu.svg","contentUrl":"https:\/\/shop.boga-solar.de\/wp-content\/uploads\/2024\/09\/logo-neu.svg","caption":"BOGA Trading"},"image":{"@id":"https:\/\/shop.boga-solar.de\/en\/#\/schema\/logo\/image\/"}}]}},"jetpack_sharing_enabled":true,"_links":{"self":[{"href":"https:\/\/shop.boga-solar.de\/en\/wp-json\/wp\/v2\/product\/11026","targetHints":{"allow":["GET"]}}],"collection":[{"href":"https:\/\/shop.boga-solar.de\/en\/wp-json\/wp\/v2\/product"}],"about":[{"href":"https:\/\/shop.boga-solar.de\/en\/wp-json\/wp\/v2\/types\/product"}],"wp:featuredmedia":[{"embeddable":true,"href":"https:\/\/shop.boga-solar.de\/en\/wp-json\/wp\/v2\/media\/9650"}],"wp:attachment":[{"href":"https:\/\/shop.boga-solar.de\/en\/wp-json\/wp\/v2\/media?parent=11026"}],"wp:term":[{"taxonomy":"product_brand","embeddable":true,"href":"https:\/\/shop.boga-solar.de\/en\/wp-json\/wp\/v2\/product_brand?post=11026"},{"taxonomy":"product_cat","embeddable":true,"href":"https:\/\/shop.boga-solar.de\/en\/wp-json\/wp\/v2\/product_cat?post=11026"},{"taxonomy":"product_tag","embeddable":true,"href":"https:\/\/shop.boga-solar.de\/en\/wp-json\/wp\/v2\/product_tag?post=11026"}],"curies":[{"name":"wp","href":"https:\/\/api.w.org\/{rel}","templated":true}]}}