{"id":11027,"date":"2024-04-17T21:20:54","date_gmt":"2024-04-17T19:20:54","guid":{"rendered":"https:\/\/shop.boga-solar.de\/produkt\/trapezblech-kurzschiene-mittel-gesamthoehe-25-mm-laenge-040m\/"},"modified":"2025-01-07T21:21:13","modified_gmt":"2025-01-07T20:21:13","slug":"trapezblech-kurzschiene-mittel-gesamthoehe-25-mm-laenge-040m","status":"publish","type":"product","link":"https:\/\/shop.boga-solar.de\/en\/produkt\/trapezblech-kurzschiene-mittel-gesamthoehe-25-mm-laenge-040m\/","title":{"rendered":"Trapezoidal sheet metal short rail medium (total height 25 mm \/ length 0.40m)"},"content":{"rendered":"<p><span class=\"ng-star-inserted\" data-index=\"0\">Technical details and application:<\/p>\n<p><\/span><span class=\"ng-star-inserted\" data-index=\"1\">Our trapezoid mounting rails provide direct fastening on trapezoidal sheets from bead to bead. <\/span><span class=\"ng-star-inserted\" data-index=\"2\">This medium version has a height of 25 mm and is available pre-assembled in different lengths. <\/span><span class=\"ng-star-inserted\" data-index=\"3\">Some variants are already partially fully covered with EPDM and have 24 holes for easy installation. <\/span><span class=\"ng-star-inserted\" data-index=\"4\">We recommend our construction-approved drilling screws or rivets for fastening.<\/p>\n<p><\/span><span class=\"ng-star-inserted\" data-index=\"5\">Mounting system: Trapezoid series<br \/>\n<\/span><span class=\"ng-star-inserted\" data-index=\"6\">Width: 90 mm<br \/>\n<\/span><span class=\"ng-star-inserted\" data-index=\"7\">Height: 25 mm<br \/>\n<\/span><span class=\"ng-star-inserted\" data-index=\"8\">Material: aluminium EN AW 6063-T6<br \/>\n<\/span><span class=\"ng-star-inserted\" data-index=\"9\">Minimum order quantity: 1 piece<br \/>\n<\/span><span class=\"ng-star-inserted\" data-index=\"10\">Packing unit: 75 pieces per carton<br \/>\n<\/span><span class=\"ng-star-inserted\" data-index=\"11\">Weight: 0.774 kg\/m<br \/>\n<\/span><span class=\"ng-star-inserted\" data-index=\"12\">When using the mounting material for photovoltaic systems, it is important to consider several aspects:<\/p>\n<p><\/span><span class=\"ng-star-inserted\" data-index=\"13\">Depending on the type of roof and the chosen mounting system, you should select the appropriate fastening element accordingly. <\/span><span class=\"ng-star-inserted\" data-index=\"14\">For example, stick screws with adapter plate are used in particular for corrugated sheet or fibre cement roofs, while fastening hooks are recommended for beaver tail or bitumen roofs. <\/span><span class=\"ng-star-inserted\" data-index=\"15\">Folded metal roofs are best secured with fixing clamps, while mounting frames are ideal for flat roofs.<br \/>\n<\/span><span class=\"ng-star-inserted\" data-index=\"16\">To securely fix the mounting rail, insert the hammer head screw into the lower profile chamber (groove). <\/span><span class=\"ng-star-inserted\" data-index=\"17\">Then turn it 90 degrees counter-clockwise and fix it with an adapter plate and a locking nut. <\/span><span class=\"ng-star-inserted\" data-index=\"18\">Tighten all components to ensure a stable connection.<br \/>\n<\/span><span class=\"ng-star-inserted\" data-index=\"19\">For the installation of the solar modules, use the end clamp at the end of the series and between two modules the middle clamp on the rail construction. <\/span><span class=\"ng-star-inserted\" data-index=\"20\">To do this, first slide the slot into the upper profile chamber (groove) of the mounting profile. <\/span><span class=\"ng-star-inserted\" data-index=\"21\">Then secure the module clamp to the slot using a cylinder head screw and a spring ring.<\/span><\/p>\n","protected":false},"excerpt":{"rendered":"<p>VAT &amp; plus shipping costs, as forwarding shipment necessary<\/p>\n<p>Short rail in different lengths for direct mounting on trapezoidal sheet<br \/>\nFlat version with 25 mm height<br \/>\nDepending on the version, completely glued with EPDM and perforated<br \/>\nWe can also cut your desired lengths from our stock lengths. Select the number of full profile lengths you need for your desired length and the number of cuts required with the article Desired Profile Length &#8211; Cutting Costs<br \/>\nAll further information, as well as cutting costs can be found on the article page Desired length profiles &#8211; cutting costs<\/p>\n<div class=\"woocommerce-product-details__short-description\">\n<div class=\"woocommerce-product-details__short-description\">\n<div class=\"woocommerce-product-details__short-description\">\n<div class=\"woocommerce-product-details__short-description\">\n<div class=\"woocommerce-product-details__short-description\">\n<div class=\"woocommerce-product-details__short-description\"><\/div>\n<\/div>\n<\/div>\n<\/div>\n<\/div>\n<\/div>\n","protected":false},"featured_media":9646,"template":"","meta":{"_acf_changed":false},"product_brand":[],"product_cat":[340,299,297,392],"product_tag":[],"class_list":{"0":"post-11027","1":"product","2":"type-product","3":"status-publish","4":"has-post-thumbnail","6":"product_cat-profile-systems","7":"product_cat-short-rails-high-beads-en","8":"product_cat-trapezoidal-sheet-fastening","9":"product_cat-trapezoidal-sheet-metal-facade","10":"product_shipping_class-normalversand-799e-en","12":"first","13":"instock","14":"taxable","15":"shipping-taxable","16":"purchasable","17":"product-type-simple"},"acf":[],"yoast_head":"<!-- This site is optimized with the Yoast SEO plugin v27.6 - https:\/\/yoast.com\/product\/yoast-seo-wordpress\/ -->\n<title>Trapezblech Kurzschiene (mittel) H\u00f6he 0,025m L\u00e4nge 0,40m<\/title>\n<meta name=\"description\" content=\"Trapezblech Kurzschiene (mittel) H\u00f6he 0,025m L\u00e4nge 0,40m \u25ba Sichere Bezahlung \u2713 Geld-Zur\u00fcck-Garantie \u2713 Schnelle Lieferung \u2713 Jetzt kaufen\" \/>\n<meta name=\"robots\" content=\"index, follow, max-snippet:-1, max-image-preview:large, max-video-preview:-1\" \/>\n<link rel=\"canonical\" href=\"https:\/\/shop.boga-solar.de\/en\/produkt\/trapezblech-kurzschiene-mittel-gesamthoehe-25-mm-laenge-040m\/\" \/>\n<meta property=\"og:locale\" content=\"en_US\" \/>\n<meta property=\"og:type\" content=\"article\" \/>\n<meta property=\"og:title\" content=\"Trapezblech Kurzschiene (mittel) H\u00f6he 0,025m L\u00e4nge 0,40m\" \/>\n<meta property=\"og:description\" content=\"Trapezblech Kurzschiene (mittel) H\u00f6he 0,025m L\u00e4nge 0,40m \u25ba Sichere Bezahlung \u2713 Geld-Zur\u00fcck-Garantie \u2713 Schnelle Lieferung \u2713 Jetzt kaufen\" \/>\n<meta property=\"og:url\" content=\"https:\/\/shop.boga-solar.de\/en\/produkt\/trapezblech-kurzschiene-mittel-gesamthoehe-25-mm-laenge-040m\/\" \/>\n<meta property=\"og:site_name\" content=\"BOGA Solar GmbH\" \/>\n<meta property=\"article:modified_time\" content=\"2025-01-07T20:21:13+00:00\" \/>\n<meta property=\"og:image\" content=\"https:\/\/shop.boga-solar.de\/wp-content\/uploads\/2024\/04\/Roof-Trapez_Kurzschiene-mittel-beklebt-Gesamthaehe-25-mm_online.jpg\" \/>\n\t<meta property=\"og:image:width\" content=\"2400\" \/>\n\t<meta property=\"og:image:height\" content=\"1400\" \/>\n\t<meta property=\"og:image:type\" content=\"image\/jpeg\" \/>\n<meta name=\"twitter:card\" content=\"summary_large_image\" \/>\n<meta name=\"twitter:label1\" content=\"Est. reading time\" \/>\n\t<meta name=\"twitter:data1\" content=\"2 minutes\" \/>\n<script type=\"application\/ld+json\" class=\"yoast-schema-graph\">{\"@context\":\"https:\\\/\\\/schema.org\",\"@graph\":[{\"@type\":\"WebPage\",\"@id\":\"https:\\\/\\\/shop.boga-solar.de\\\/en\\\/produkt\\\/trapezblech-kurzschiene-mittel-gesamthoehe-25-mm-laenge-040m\\\/\",\"url\":\"https:\\\/\\\/shop.boga-solar.de\\\/en\\\/produkt\\\/trapezblech-kurzschiene-mittel-gesamthoehe-25-mm-laenge-040m\\\/\",\"name\":\"Trapezblech Kurzschiene (mittel) H\u00f6he 0,025m L\u00e4nge 0,40m\",\"isPartOf\":{\"@id\":\"https:\\\/\\\/shop.boga-solar.de\\\/en\\\/#website\"},\"primaryImageOfPage\":{\"@id\":\"https:\\\/\\\/shop.boga-solar.de\\\/en\\\/produkt\\\/trapezblech-kurzschiene-mittel-gesamthoehe-25-mm-laenge-040m\\\/#primaryimage\"},\"image\":{\"@id\":\"https:\\\/\\\/shop.boga-solar.de\\\/en\\\/produkt\\\/trapezblech-kurzschiene-mittel-gesamthoehe-25-mm-laenge-040m\\\/#primaryimage\"},\"thumbnailUrl\":\"https:\\\/\\\/shop.boga-solar.de\\\/wp-content\\\/uploads\\\/2024\\\/04\\\/Roof-Trapez_Kurzschiene-mittel-beklebt-Gesamthaehe-25-mm_online.jpg\",\"datePublished\":\"2024-04-17T19:20:54+00:00\",\"dateModified\":\"2025-01-07T20:21:13+00:00\",\"description\":\"Trapezblech Kurzschiene (mittel) H\u00f6he 0,025m L\u00e4nge 0,40m \u25ba Sichere Bezahlung \u2713 Geld-Zur\u00fcck-Garantie \u2713 Schnelle Lieferung \u2713 Jetzt kaufen\",\"breadcrumb\":{\"@id\":\"https:\\\/\\\/shop.boga-solar.de\\\/en\\\/produkt\\\/trapezblech-kurzschiene-mittel-gesamthoehe-25-mm-laenge-040m\\\/#breadcrumb\"},\"inLanguage\":\"en-US\",\"potentialAction\":[{\"@type\":\"ReadAction\",\"target\":[\"https:\\\/\\\/shop.boga-solar.de\\\/en\\\/produkt\\\/trapezblech-kurzschiene-mittel-gesamthoehe-25-mm-laenge-040m\\\/\"]}]},{\"@type\":\"ImageObject\",\"inLanguage\":\"en-US\",\"@id\":\"https:\\\/\\\/shop.boga-solar.de\\\/en\\\/produkt\\\/trapezblech-kurzschiene-mittel-gesamthoehe-25-mm-laenge-040m\\\/#primaryimage\",\"url\":\"https:\\\/\\\/shop.boga-solar.de\\\/wp-content\\\/uploads\\\/2024\\\/04\\\/Roof-Trapez_Kurzschiene-mittel-beklebt-Gesamthaehe-25-mm_online.jpg\",\"contentUrl\":\"https:\\\/\\\/shop.boga-solar.de\\\/wp-content\\\/uploads\\\/2024\\\/04\\\/Roof-Trapez_Kurzschiene-mittel-beklebt-Gesamthaehe-25-mm_online.jpg\",\"width\":2400,\"height\":1400},{\"@type\":\"BreadcrumbList\",\"@id\":\"https:\\\/\\\/shop.boga-solar.de\\\/en\\\/produkt\\\/trapezblech-kurzschiene-mittel-gesamthoehe-25-mm-laenge-040m\\\/#breadcrumb\",\"itemListElement\":[{\"@type\":\"ListItem\",\"position\":1,\"name\":\"Startseite\",\"item\":\"https:\\\/\\\/shop.boga-solar.de\\\/en\\\/\"},{\"@type\":\"ListItem\",\"position\":2,\"name\":\"Shop\",\"item\":\"https:\\\/\\\/shop.boga-solar.de\\\/en\\\/shop\\\/\"},{\"@type\":\"ListItem\",\"position\":3,\"name\":\"Trapezoidal sheet metal short rail medium (total height 25 mm \\\/ length 0.40m)\"}]},{\"@type\":\"WebSite\",\"@id\":\"https:\\\/\\\/shop.boga-solar.de\\\/en\\\/#website\",\"url\":\"https:\\\/\\\/shop.boga-solar.de\\\/en\\\/\",\"name\":\"BOGA Solar GmbH\",\"description\":\"\",\"publisher\":{\"@id\":\"https:\\\/\\\/shop.boga-solar.de\\\/en\\\/#organization\"},\"potentialAction\":[{\"@type\":\"SearchAction\",\"target\":{\"@type\":\"EntryPoint\",\"urlTemplate\":\"https:\\\/\\\/shop.boga-solar.de\\\/en\\\/?s={search_term_string}\"},\"query-input\":{\"@type\":\"PropertyValueSpecification\",\"valueRequired\":true,\"valueName\":\"search_term_string\"}}],\"inLanguage\":\"en-US\"},{\"@type\":\"Organization\",\"@id\":\"https:\\\/\\\/shop.boga-solar.de\\\/en\\\/#organization\",\"name\":\"BOGA Trading\",\"url\":\"https:\\\/\\\/shop.boga-solar.de\\\/en\\\/\",\"logo\":{\"@type\":\"ImageObject\",\"inLanguage\":\"en-US\",\"@id\":\"https:\\\/\\\/shop.boga-solar.de\\\/en\\\/#\\\/schema\\\/logo\\\/image\\\/\",\"url\":\"https:\\\/\\\/shop.boga-solar.de\\\/wp-content\\\/uploads\\\/2024\\\/09\\\/logo-neu.svg\",\"contentUrl\":\"https:\\\/\\\/shop.boga-solar.de\\\/wp-content\\\/uploads\\\/2024\\\/09\\\/logo-neu.svg\",\"caption\":\"BOGA Trading\"},\"image\":{\"@id\":\"https:\\\/\\\/shop.boga-solar.de\\\/en\\\/#\\\/schema\\\/logo\\\/image\\\/\"}}]}<\/script>\n<!-- \/ Yoast SEO plugin. -->","yoast_head_json":{"title":"Trapezblech Kurzschiene (mittel) H\u00f6he 0,025m L\u00e4nge 0,40m","description":"Trapezblech Kurzschiene (mittel) H\u00f6he 0,025m L\u00e4nge 0,40m \u25ba Sichere Bezahlung \u2713 Geld-Zur\u00fcck-Garantie \u2713 Schnelle Lieferung \u2713 Jetzt kaufen","robots":{"index":"index","follow":"follow","max-snippet":"max-snippet:-1","max-image-preview":"max-image-preview:large","max-video-preview":"max-video-preview:-1"},"canonical":"https:\/\/shop.boga-solar.de\/en\/produkt\/trapezblech-kurzschiene-mittel-gesamthoehe-25-mm-laenge-040m\/","og_locale":"en_US","og_type":"article","og_title":"Trapezblech Kurzschiene (mittel) H\u00f6he 0,025m L\u00e4nge 0,40m","og_description":"Trapezblech Kurzschiene (mittel) H\u00f6he 0,025m L\u00e4nge 0,40m \u25ba Sichere Bezahlung \u2713 Geld-Zur\u00fcck-Garantie \u2713 Schnelle Lieferung \u2713 Jetzt kaufen","og_url":"https:\/\/shop.boga-solar.de\/en\/produkt\/trapezblech-kurzschiene-mittel-gesamthoehe-25-mm-laenge-040m\/","og_site_name":"BOGA Solar GmbH","article_modified_time":"2025-01-07T20:21:13+00:00","og_image":[{"width":2400,"height":1400,"url":"https:\/\/shop.boga-solar.de\/wp-content\/uploads\/2024\/04\/Roof-Trapez_Kurzschiene-mittel-beklebt-Gesamthaehe-25-mm_online.jpg","type":"image\/jpeg"}],"twitter_card":"summary_large_image","twitter_misc":{"Est. reading time":"2 minutes"},"schema":{"@context":"https:\/\/schema.org","@graph":[{"@type":"WebPage","@id":"https:\/\/shop.boga-solar.de\/en\/produkt\/trapezblech-kurzschiene-mittel-gesamthoehe-25-mm-laenge-040m\/","url":"https:\/\/shop.boga-solar.de\/en\/produkt\/trapezblech-kurzschiene-mittel-gesamthoehe-25-mm-laenge-040m\/","name":"Trapezblech Kurzschiene (mittel) H\u00f6he 0,025m L\u00e4nge 0,40m","isPartOf":{"@id":"https:\/\/shop.boga-solar.de\/en\/#website"},"primaryImageOfPage":{"@id":"https:\/\/shop.boga-solar.de\/en\/produkt\/trapezblech-kurzschiene-mittel-gesamthoehe-25-mm-laenge-040m\/#primaryimage"},"image":{"@id":"https:\/\/shop.boga-solar.de\/en\/produkt\/trapezblech-kurzschiene-mittel-gesamthoehe-25-mm-laenge-040m\/#primaryimage"},"thumbnailUrl":"https:\/\/shop.boga-solar.de\/wp-content\/uploads\/2024\/04\/Roof-Trapez_Kurzschiene-mittel-beklebt-Gesamthaehe-25-mm_online.jpg","datePublished":"2024-04-17T19:20:54+00:00","dateModified":"2025-01-07T20:21:13+00:00","description":"Trapezblech Kurzschiene (mittel) H\u00f6he 0,025m L\u00e4nge 0,40m \u25ba Sichere Bezahlung \u2713 Geld-Zur\u00fcck-Garantie \u2713 Schnelle Lieferung \u2713 Jetzt kaufen","breadcrumb":{"@id":"https:\/\/shop.boga-solar.de\/en\/produkt\/trapezblech-kurzschiene-mittel-gesamthoehe-25-mm-laenge-040m\/#breadcrumb"},"inLanguage":"en-US","potentialAction":[{"@type":"ReadAction","target":["https:\/\/shop.boga-solar.de\/en\/produkt\/trapezblech-kurzschiene-mittel-gesamthoehe-25-mm-laenge-040m\/"]}]},{"@type":"ImageObject","inLanguage":"en-US","@id":"https:\/\/shop.boga-solar.de\/en\/produkt\/trapezblech-kurzschiene-mittel-gesamthoehe-25-mm-laenge-040m\/#primaryimage","url":"https:\/\/shop.boga-solar.de\/wp-content\/uploads\/2024\/04\/Roof-Trapez_Kurzschiene-mittel-beklebt-Gesamthaehe-25-mm_online.jpg","contentUrl":"https:\/\/shop.boga-solar.de\/wp-content\/uploads\/2024\/04\/Roof-Trapez_Kurzschiene-mittel-beklebt-Gesamthaehe-25-mm_online.jpg","width":2400,"height":1400},{"@type":"BreadcrumbList","@id":"https:\/\/shop.boga-solar.de\/en\/produkt\/trapezblech-kurzschiene-mittel-gesamthoehe-25-mm-laenge-040m\/#breadcrumb","itemListElement":[{"@type":"ListItem","position":1,"name":"Startseite","item":"https:\/\/shop.boga-solar.de\/en\/"},{"@type":"ListItem","position":2,"name":"Shop","item":"https:\/\/shop.boga-solar.de\/en\/shop\/"},{"@type":"ListItem","position":3,"name":"Trapezoidal sheet metal short rail medium (total height 25 mm \/ length 0.40m)"}]},{"@type":"WebSite","@id":"https:\/\/shop.boga-solar.de\/en\/#website","url":"https:\/\/shop.boga-solar.de\/en\/","name":"BOGA Solar GmbH","description":"","publisher":{"@id":"https:\/\/shop.boga-solar.de\/en\/#organization"},"potentialAction":[{"@type":"SearchAction","target":{"@type":"EntryPoint","urlTemplate":"https:\/\/shop.boga-solar.de\/en\/?s={search_term_string}"},"query-input":{"@type":"PropertyValueSpecification","valueRequired":true,"valueName":"search_term_string"}}],"inLanguage":"en-US"},{"@type":"Organization","@id":"https:\/\/shop.boga-solar.de\/en\/#organization","name":"BOGA Trading","url":"https:\/\/shop.boga-solar.de\/en\/","logo":{"@type":"ImageObject","inLanguage":"en-US","@id":"https:\/\/shop.boga-solar.de\/en\/#\/schema\/logo\/image\/","url":"https:\/\/shop.boga-solar.de\/wp-content\/uploads\/2024\/09\/logo-neu.svg","contentUrl":"https:\/\/shop.boga-solar.de\/wp-content\/uploads\/2024\/09\/logo-neu.svg","caption":"BOGA Trading"},"image":{"@id":"https:\/\/shop.boga-solar.de\/en\/#\/schema\/logo\/image\/"}}]}},"jetpack_sharing_enabled":true,"_links":{"self":[{"href":"https:\/\/shop.boga-solar.de\/en\/wp-json\/wp\/v2\/product\/11027","targetHints":{"allow":["GET"]}}],"collection":[{"href":"https:\/\/shop.boga-solar.de\/en\/wp-json\/wp\/v2\/product"}],"about":[{"href":"https:\/\/shop.boga-solar.de\/en\/wp-json\/wp\/v2\/types\/product"}],"wp:featuredmedia":[{"embeddable":true,"href":"https:\/\/shop.boga-solar.de\/en\/wp-json\/wp\/v2\/media\/9646"}],"wp:attachment":[{"href":"https:\/\/shop.boga-solar.de\/en\/wp-json\/wp\/v2\/media?parent=11027"}],"wp:term":[{"taxonomy":"product_brand","embeddable":true,"href":"https:\/\/shop.boga-solar.de\/en\/wp-json\/wp\/v2\/product_brand?post=11027"},{"taxonomy":"product_cat","embeddable":true,"href":"https:\/\/shop.boga-solar.de\/en\/wp-json\/wp\/v2\/product_cat?post=11027"},{"taxonomy":"product_tag","embeddable":true,"href":"https:\/\/shop.boga-solar.de\/en\/wp-json\/wp\/v2\/product_tag?post=11027"}],"curies":[{"name":"wp","href":"https:\/\/api.w.org\/{rel}","templated":true}]}}