{"id":11135,"date":"2024-04-13T14:15:08","date_gmt":"2024-04-13T12:15:08","guid":{"rendered":"https:\/\/shop.boga-solar.de\/produkt\/basic-rundfalzklemme-fuer-kalzipdaecher\/"},"modified":"2025-01-30T18:09:45","modified_gmt":"2025-01-30T17:09:45","slug":"basic-rundfalzklemme-fuer-kalzipdaecher","status":"publish","type":"product","link":"https:\/\/shop.boga-solar.de\/en\/produkt\/basic-rundfalzklemme-fuer-kalzipdaecher\/","title":{"rendered":"Basic round folding clamp for calcite roofs"},"content":{"rendered":"<p>Technical details and application:<\/p>\n<p>The round-seam clamp is a robust and versatile fastening solution, specially developed for mounting on calcite roofs. Their design ensures a secure connection between solar modules or other mounting components and our mounting profiles.<\/p>\n<p>Application examples:<\/p>\n<p>Photovoltaic installations: The round-folding clamp is ideal for mounting solar modules on calcite roofs, both for private and commercial PV systems.<br \/>\nAntenna and satellite dish mounting: It can also be used for the secure attachment of antennas and satellite dishes to calcite roofs, ensuring a stable and reliable installation.<br \/>\nAdvertising signs and banners: For the attachment of advertising signs or banners on calcite roofs, the round-seam clamp offers a simple and safe solution.<br \/>\nThe round-seam clamp for calcite roofs is the ideal choice for a reliable and robust fastening solution that meets the requirements of various applications.<\/p>\n<p>Product features and benefits:<\/p>\n<p>Universal adjustment: The round-seam clamp fits perfectly to various mounting profiles and allows easy installation on calcite roofs.<br \/>\nHigh stability: Made of high-quality material, the round pleated clamp provides reliable fastening that can withstand even extreme weather conditions.<br \/>\nFlexibility: With the option between hex head screws M10x25 or hammer head screws and locking teeth nuts M10, the round-seam clamp offers flexible mounting options for different application scenarios.<\/p>\n","protected":false},"excerpt":{"rendered":"<p>VAT is not applicable &amp; plus shipping costs<\/p>\n<p>Properties<br \/>\nMaximum stability, durability and weather resistance due to stainless steel<br \/>\nangled with round hole<br \/>\nfor M10 screw connection<\/p>\n","protected":false},"featured_media":9541,"template":"","meta":{"_acf_changed":false},"product_brand":[],"product_cat":[294,285],"product_tag":[],"class_list":{"0":"post-11135","1":"product","2":"type-product","3":"status-publish","4":"has-post-thumbnail","6":"product_cat-fold-clamps","7":"product_cat-roof-mountings","8":"product_shipping_class-normalversand-799e-en","10":"first","11":"instock","12":"taxable","13":"shipping-taxable","14":"purchasable","15":"product-type-simple"},"acf":[],"yoast_head":"<!-- This site is optimized with the Yoast SEO plugin v27.6 - https:\/\/yoast.com\/product\/yoast-seo-wordpress\/ -->\n<title>Basic Rundfalzklemme f\u00fcr Kalzipd\u00e4cher<\/title>\n<meta name=\"description\" content=\"Basic Rundfalzklemme f\u00fcr Kalzipd\u00e4cher \u25ba Sichere Bezahlung \u2713 Geld-Zur\u00fcck-Garantie \u2713 Schnelle Lieferung \u2713 Jetzt kaufen\" \/>\n<meta name=\"robots\" content=\"index, follow, max-snippet:-1, max-image-preview:large, max-video-preview:-1\" \/>\n<link rel=\"canonical\" href=\"https:\/\/shop.boga-solar.de\/en\/produkt\/basic-rundfalzklemme-fuer-kalzipdaecher\/\" \/>\n<meta property=\"og:locale\" content=\"en_US\" \/>\n<meta property=\"og:type\" content=\"article\" \/>\n<meta property=\"og:title\" content=\"Basic Rundfalzklemme f\u00fcr Kalzipd\u00e4cher\" \/>\n<meta property=\"og:description\" content=\"Basic Rundfalzklemme f\u00fcr Kalzipd\u00e4cher \u25ba Sichere Bezahlung \u2713 Geld-Zur\u00fcck-Garantie \u2713 Schnelle Lieferung \u2713 Jetzt kaufen\" \/>\n<meta property=\"og:url\" content=\"https:\/\/shop.boga-solar.de\/en\/produkt\/basic-rundfalzklemme-fuer-kalzipdaecher\/\" \/>\n<meta property=\"og:site_name\" content=\"BOGA Solar GmbH\" \/>\n<meta property=\"article:modified_time\" content=\"2025-01-30T17:09:45+00:00\" \/>\n<meta property=\"og:image\" content=\"https:\/\/shop.boga-solar.de\/wp-content\/uploads\/2024\/04\/Basic_Rundfalzklemmen__online.jpg\" \/>\n\t<meta property=\"og:image:width\" content=\"2400\" \/>\n\t<meta property=\"og:image:height\" content=\"1400\" \/>\n\t<meta property=\"og:image:type\" content=\"image\/jpeg\" \/>\n<meta name=\"twitter:card\" content=\"summary_large_image\" \/>\n<meta name=\"twitter:label1\" content=\"Est. reading time\" \/>\n\t<meta name=\"twitter:data1\" content=\"2 minutes\" \/>\n<script type=\"application\/ld+json\" class=\"yoast-schema-graph\">{\"@context\":\"https:\\\/\\\/schema.org\",\"@graph\":[{\"@type\":\"WebPage\",\"@id\":\"https:\\\/\\\/shop.boga-solar.de\\\/en\\\/produkt\\\/basic-rundfalzklemme-fuer-kalzipdaecher\\\/\",\"url\":\"https:\\\/\\\/shop.boga-solar.de\\\/en\\\/produkt\\\/basic-rundfalzklemme-fuer-kalzipdaecher\\\/\",\"name\":\"Basic Rundfalzklemme f\u00fcr Kalzipd\u00e4cher\",\"isPartOf\":{\"@id\":\"https:\\\/\\\/shop.boga-solar.de\\\/en\\\/#website\"},\"primaryImageOfPage\":{\"@id\":\"https:\\\/\\\/shop.boga-solar.de\\\/en\\\/produkt\\\/basic-rundfalzklemme-fuer-kalzipdaecher\\\/#primaryimage\"},\"image\":{\"@id\":\"https:\\\/\\\/shop.boga-solar.de\\\/en\\\/produkt\\\/basic-rundfalzklemme-fuer-kalzipdaecher\\\/#primaryimage\"},\"thumbnailUrl\":\"https:\\\/\\\/shop.boga-solar.de\\\/wp-content\\\/uploads\\\/2024\\\/04\\\/Basic_Rundfalzklemmen__online.jpg\",\"datePublished\":\"2024-04-13T12:15:08+00:00\",\"dateModified\":\"2025-01-30T17:09:45+00:00\",\"description\":\"Basic Rundfalzklemme f\u00fcr Kalzipd\u00e4cher \u25ba Sichere Bezahlung \u2713 Geld-Zur\u00fcck-Garantie \u2713 Schnelle Lieferung \u2713 Jetzt kaufen\",\"breadcrumb\":{\"@id\":\"https:\\\/\\\/shop.boga-solar.de\\\/en\\\/produkt\\\/basic-rundfalzklemme-fuer-kalzipdaecher\\\/#breadcrumb\"},\"inLanguage\":\"en-US\",\"potentialAction\":[{\"@type\":\"ReadAction\",\"target\":[\"https:\\\/\\\/shop.boga-solar.de\\\/en\\\/produkt\\\/basic-rundfalzklemme-fuer-kalzipdaecher\\\/\"]}]},{\"@type\":\"ImageObject\",\"inLanguage\":\"en-US\",\"@id\":\"https:\\\/\\\/shop.boga-solar.de\\\/en\\\/produkt\\\/basic-rundfalzklemme-fuer-kalzipdaecher\\\/#primaryimage\",\"url\":\"https:\\\/\\\/shop.boga-solar.de\\\/wp-content\\\/uploads\\\/2024\\\/04\\\/Basic_Rundfalzklemmen__online.jpg\",\"contentUrl\":\"https:\\\/\\\/shop.boga-solar.de\\\/wp-content\\\/uploads\\\/2024\\\/04\\\/Basic_Rundfalzklemmen__online.jpg\",\"width\":2400,\"height\":1400},{\"@type\":\"BreadcrumbList\",\"@id\":\"https:\\\/\\\/shop.boga-solar.de\\\/en\\\/produkt\\\/basic-rundfalzklemme-fuer-kalzipdaecher\\\/#breadcrumb\",\"itemListElement\":[{\"@type\":\"ListItem\",\"position\":1,\"name\":\"Startseite\",\"item\":\"https:\\\/\\\/shop.boga-solar.de\\\/en\\\/\"},{\"@type\":\"ListItem\",\"position\":2,\"name\":\"Shop\",\"item\":\"https:\\\/\\\/shop.boga-solar.de\\\/en\\\/shop\\\/\"},{\"@type\":\"ListItem\",\"position\":3,\"name\":\"Basic round folding clamp for calcite roofs\"}]},{\"@type\":\"WebSite\",\"@id\":\"https:\\\/\\\/shop.boga-solar.de\\\/en\\\/#website\",\"url\":\"https:\\\/\\\/shop.boga-solar.de\\\/en\\\/\",\"name\":\"BOGA Solar GmbH\",\"description\":\"\",\"publisher\":{\"@id\":\"https:\\\/\\\/shop.boga-solar.de\\\/en\\\/#organization\"},\"potentialAction\":[{\"@type\":\"SearchAction\",\"target\":{\"@type\":\"EntryPoint\",\"urlTemplate\":\"https:\\\/\\\/shop.boga-solar.de\\\/en\\\/?s={search_term_string}\"},\"query-input\":{\"@type\":\"PropertyValueSpecification\",\"valueRequired\":true,\"valueName\":\"search_term_string\"}}],\"inLanguage\":\"en-US\"},{\"@type\":\"Organization\",\"@id\":\"https:\\\/\\\/shop.boga-solar.de\\\/en\\\/#organization\",\"name\":\"BOGA Trading\",\"url\":\"https:\\\/\\\/shop.boga-solar.de\\\/en\\\/\",\"logo\":{\"@type\":\"ImageObject\",\"inLanguage\":\"en-US\",\"@id\":\"https:\\\/\\\/shop.boga-solar.de\\\/en\\\/#\\\/schema\\\/logo\\\/image\\\/\",\"url\":\"https:\\\/\\\/shop.boga-solar.de\\\/wp-content\\\/uploads\\\/2024\\\/09\\\/logo-neu.svg\",\"contentUrl\":\"https:\\\/\\\/shop.boga-solar.de\\\/wp-content\\\/uploads\\\/2024\\\/09\\\/logo-neu.svg\",\"caption\":\"BOGA Trading\"},\"image\":{\"@id\":\"https:\\\/\\\/shop.boga-solar.de\\\/en\\\/#\\\/schema\\\/logo\\\/image\\\/\"}}]}<\/script>\n<!-- \/ Yoast SEO plugin. -->","yoast_head_json":{"title":"Basic Rundfalzklemme f\u00fcr Kalzipd\u00e4cher","description":"Basic Rundfalzklemme f\u00fcr Kalzipd\u00e4cher \u25ba Sichere Bezahlung \u2713 Geld-Zur\u00fcck-Garantie \u2713 Schnelle Lieferung \u2713 Jetzt kaufen","robots":{"index":"index","follow":"follow","max-snippet":"max-snippet:-1","max-image-preview":"max-image-preview:large","max-video-preview":"max-video-preview:-1"},"canonical":"https:\/\/shop.boga-solar.de\/en\/produkt\/basic-rundfalzklemme-fuer-kalzipdaecher\/","og_locale":"en_US","og_type":"article","og_title":"Basic Rundfalzklemme f\u00fcr Kalzipd\u00e4cher","og_description":"Basic Rundfalzklemme f\u00fcr Kalzipd\u00e4cher \u25ba Sichere Bezahlung \u2713 Geld-Zur\u00fcck-Garantie \u2713 Schnelle Lieferung \u2713 Jetzt kaufen","og_url":"https:\/\/shop.boga-solar.de\/en\/produkt\/basic-rundfalzklemme-fuer-kalzipdaecher\/","og_site_name":"BOGA Solar GmbH","article_modified_time":"2025-01-30T17:09:45+00:00","og_image":[{"width":2400,"height":1400,"url":"https:\/\/shop.boga-solar.de\/wp-content\/uploads\/2024\/04\/Basic_Rundfalzklemmen__online.jpg","type":"image\/jpeg"}],"twitter_card":"summary_large_image","twitter_misc":{"Est. reading time":"2 minutes"},"schema":{"@context":"https:\/\/schema.org","@graph":[{"@type":"WebPage","@id":"https:\/\/shop.boga-solar.de\/en\/produkt\/basic-rundfalzklemme-fuer-kalzipdaecher\/","url":"https:\/\/shop.boga-solar.de\/en\/produkt\/basic-rundfalzklemme-fuer-kalzipdaecher\/","name":"Basic Rundfalzklemme f\u00fcr Kalzipd\u00e4cher","isPartOf":{"@id":"https:\/\/shop.boga-solar.de\/en\/#website"},"primaryImageOfPage":{"@id":"https:\/\/shop.boga-solar.de\/en\/produkt\/basic-rundfalzklemme-fuer-kalzipdaecher\/#primaryimage"},"image":{"@id":"https:\/\/shop.boga-solar.de\/en\/produkt\/basic-rundfalzklemme-fuer-kalzipdaecher\/#primaryimage"},"thumbnailUrl":"https:\/\/shop.boga-solar.de\/wp-content\/uploads\/2024\/04\/Basic_Rundfalzklemmen__online.jpg","datePublished":"2024-04-13T12:15:08+00:00","dateModified":"2025-01-30T17:09:45+00:00","description":"Basic Rundfalzklemme f\u00fcr Kalzipd\u00e4cher \u25ba Sichere Bezahlung \u2713 Geld-Zur\u00fcck-Garantie \u2713 Schnelle Lieferung \u2713 Jetzt kaufen","breadcrumb":{"@id":"https:\/\/shop.boga-solar.de\/en\/produkt\/basic-rundfalzklemme-fuer-kalzipdaecher\/#breadcrumb"},"inLanguage":"en-US","potentialAction":[{"@type":"ReadAction","target":["https:\/\/shop.boga-solar.de\/en\/produkt\/basic-rundfalzklemme-fuer-kalzipdaecher\/"]}]},{"@type":"ImageObject","inLanguage":"en-US","@id":"https:\/\/shop.boga-solar.de\/en\/produkt\/basic-rundfalzklemme-fuer-kalzipdaecher\/#primaryimage","url":"https:\/\/shop.boga-solar.de\/wp-content\/uploads\/2024\/04\/Basic_Rundfalzklemmen__online.jpg","contentUrl":"https:\/\/shop.boga-solar.de\/wp-content\/uploads\/2024\/04\/Basic_Rundfalzklemmen__online.jpg","width":2400,"height":1400},{"@type":"BreadcrumbList","@id":"https:\/\/shop.boga-solar.de\/en\/produkt\/basic-rundfalzklemme-fuer-kalzipdaecher\/#breadcrumb","itemListElement":[{"@type":"ListItem","position":1,"name":"Startseite","item":"https:\/\/shop.boga-solar.de\/en\/"},{"@type":"ListItem","position":2,"name":"Shop","item":"https:\/\/shop.boga-solar.de\/en\/shop\/"},{"@type":"ListItem","position":3,"name":"Basic round folding clamp for calcite roofs"}]},{"@type":"WebSite","@id":"https:\/\/shop.boga-solar.de\/en\/#website","url":"https:\/\/shop.boga-solar.de\/en\/","name":"BOGA Solar GmbH","description":"","publisher":{"@id":"https:\/\/shop.boga-solar.de\/en\/#organization"},"potentialAction":[{"@type":"SearchAction","target":{"@type":"EntryPoint","urlTemplate":"https:\/\/shop.boga-solar.de\/en\/?s={search_term_string}"},"query-input":{"@type":"PropertyValueSpecification","valueRequired":true,"valueName":"search_term_string"}}],"inLanguage":"en-US"},{"@type":"Organization","@id":"https:\/\/shop.boga-solar.de\/en\/#organization","name":"BOGA Trading","url":"https:\/\/shop.boga-solar.de\/en\/","logo":{"@type":"ImageObject","inLanguage":"en-US","@id":"https:\/\/shop.boga-solar.de\/en\/#\/schema\/logo\/image\/","url":"https:\/\/shop.boga-solar.de\/wp-content\/uploads\/2024\/09\/logo-neu.svg","contentUrl":"https:\/\/shop.boga-solar.de\/wp-content\/uploads\/2024\/09\/logo-neu.svg","caption":"BOGA Trading"},"image":{"@id":"https:\/\/shop.boga-solar.de\/en\/#\/schema\/logo\/image\/"}}]}},"jetpack_sharing_enabled":true,"_links":{"self":[{"href":"https:\/\/shop.boga-solar.de\/en\/wp-json\/wp\/v2\/product\/11135","targetHints":{"allow":["GET"]}}],"collection":[{"href":"https:\/\/shop.boga-solar.de\/en\/wp-json\/wp\/v2\/product"}],"about":[{"href":"https:\/\/shop.boga-solar.de\/en\/wp-json\/wp\/v2\/types\/product"}],"wp:featuredmedia":[{"embeddable":true,"href":"https:\/\/shop.boga-solar.de\/en\/wp-json\/wp\/v2\/media\/9541"}],"wp:attachment":[{"href":"https:\/\/shop.boga-solar.de\/en\/wp-json\/wp\/v2\/media?parent=11135"}],"wp:term":[{"taxonomy":"product_brand","embeddable":true,"href":"https:\/\/shop.boga-solar.de\/en\/wp-json\/wp\/v2\/product_brand?post=11135"},{"taxonomy":"product_cat","embeddable":true,"href":"https:\/\/shop.boga-solar.de\/en\/wp-json\/wp\/v2\/product_cat?post=11135"},{"taxonomy":"product_tag","embeddable":true,"href":"https:\/\/shop.boga-solar.de\/en\/wp-json\/wp\/v2\/product_tag?post=11135"}],"curies":[{"name":"wp","href":"https:\/\/api.w.org\/{rel}","templated":true}]}}