{"id":11136,"date":"2024-04-13T14:08:45","date_gmt":"2024-04-13T12:08:45","guid":{"rendered":"https:\/\/shop.boga-solar.de\/produkt\/dachfalzklemme-fuer-stehfalz-blechdaecher-1-schraube\/"},"modified":"2025-01-30T18:10:06","modified_gmt":"2025-01-30T17:10:06","slug":"dachfalzklemme-fuer-stehfalz-blechdaecher-1-schraube","status":"publish","type":"product","link":"https:\/\/shop.boga-solar.de\/en\/produkt\/dachfalzklemme-fuer-stehfalz-blechdaecher-1-schraube\/","title":{"rendered":"Roof clamp for standing seam sheet metal roofs &#8211; 1 screw"},"content":{"rendered":"<p>Technical details and application:<\/p>\n<p>The clamp for mounting on sheet metal roofs with standing seam plays an important role in the installation of the photovoltaic system. Your main task is to fix the mounting rails on sloping roofs made of sheet metal with standing sheet metal seam. It forms the basis for the assembly rail construction on which the solar modules are mounted. By using stainless steel as material, it guarantees optimum weather resistance, durability and stability for the entire photovoltaic system.<\/p>\n<p>Technical data (Roof Crimp Clamp for Standing Seam Sheet Metal Roofs):<br \/>\nMaterial stainless steel V2A<br \/>\nMounting clamp pre-assembled<\/p>\n<p>Fold width \/ fold thickness<\/p>\n<p>1x clamp with adapter plate, 1x screw, 1x nut<\/p>\n<p>to 3.5mm<\/p>\n<p>Long hole for M10 screws<br \/>\nWeight 0.36kg<\/p>\n<p>&nbsp;<\/p>\n<p>Overview of use (clamp for fastening on sheet metal roofs with standing seam):<\/p>\n<p>Place the sheet metal clamp on the fold and fasten it temporarily. You can later align and screw them in during the installation of the profile rails. Then insert the hammer head screw into the lower profile chamber (groove) of the mounting rail and turn it 90 degrees counter-clockwise. Attach the screw through the adapter plate with the locking nut.<\/p>\n<p>For the mounting of the solar modules, use the end clamp at the beginning and end of a module series as well as the middle clamp between two modules on the rail construction. To do this, slide the slot into the upper profile chamber (groove) of the mounting profile and screw the module clamp with the cylinder head screw and a spring ring.<\/p>\n<p>Assembly requires qualified professionals. Especially work on the roof should be carried out by experienced roofers.<\/p>\n","protected":false},"excerpt":{"rendered":"<p>VAT is not applicable &amp; plus shipping costs<\/p>\n<p>This mounting clamp is used for mounting photovoltaic systems on sloping roofs made of sheet metal with standing sheet metal seam.<\/p>\n<p>Properties<br \/>\nMaximum stability, durability and weather resistance due to stainless steel<br \/>\nfor standing seams up to 3.5 mm<br \/>\nin different versions<\/p>\n","protected":false},"featured_media":9540,"template":"","meta":{"_acf_changed":false},"product_brand":[],"product_cat":[294,285],"product_tag":[],"class_list":{"0":"post-11136","1":"product","2":"type-product","3":"status-publish","4":"has-post-thumbnail","6":"product_cat-fold-clamps","7":"product_cat-roof-mountings","8":"product_shipping_class-normalversand-799e-en","10":"first","11":"instock","12":"taxable","13":"shipping-taxable","14":"purchasable","15":"product-type-simple"},"acf":[],"yoast_head":"<!-- This site is optimized with the Yoast SEO plugin v27.6 - https:\/\/yoast.com\/product\/yoast-seo-wordpress\/ -->\n<title>Dachfalzklemme f\u00fcr Stehfalz Blechd\u00e4cher 1 Schraube<\/title>\n<meta name=\"description\" content=\"Dachfalzklemme f\u00fcr Stehfalz Blechd\u00e4cher 1 Schraube \u25ba Sichere Bezahlung \u2713 Geld-Zur\u00fcck-Garantie \u2713 Schnelle Lieferung \u2713 Jetzt kaufen\" \/>\n<meta name=\"robots\" content=\"index, follow, max-snippet:-1, max-image-preview:large, max-video-preview:-1\" \/>\n<link rel=\"canonical\" href=\"https:\/\/shop.boga-solar.de\/en\/produkt\/dachfalzklemme-fuer-stehfalz-blechdaecher-1-schraube\/\" \/>\n<meta property=\"og:locale\" content=\"en_US\" \/>\n<meta property=\"og:type\" content=\"article\" \/>\n<meta property=\"og:title\" content=\"Dachfalzklemme f\u00fcr Stehfalz Blechd\u00e4cher 1 Schraube\" \/>\n<meta property=\"og:description\" content=\"Dachfalzklemme f\u00fcr Stehfalz Blechd\u00e4cher 1 Schraube \u25ba Sichere Bezahlung \u2713 Geld-Zur\u00fcck-Garantie \u2713 Schnelle Lieferung \u2713 Jetzt kaufen\" \/>\n<meta property=\"og:url\" content=\"https:\/\/shop.boga-solar.de\/en\/produkt\/dachfalzklemme-fuer-stehfalz-blechdaecher-1-schraube\/\" \/>\n<meta property=\"og:site_name\" content=\"BOGA Solar GmbH\" \/>\n<meta property=\"article:modified_time\" content=\"2025-01-30T17:10:06+00:00\" \/>\n<meta property=\"og:image\" content=\"https:\/\/shop.boga-solar.de\/wp-content\/uploads\/2024\/04\/Basic_Falzklemme_1_online.jpg\" \/>\n\t<meta property=\"og:image:width\" content=\"2400\" \/>\n\t<meta property=\"og:image:height\" content=\"1400\" \/>\n\t<meta property=\"og:image:type\" content=\"image\/jpeg\" \/>\n<meta name=\"twitter:card\" content=\"summary_large_image\" \/>\n<meta name=\"twitter:label1\" content=\"Est. reading time\" \/>\n\t<meta name=\"twitter:data1\" content=\"2 minutes\" \/>\n<script type=\"application\/ld+json\" class=\"yoast-schema-graph\">{\"@context\":\"https:\\\/\\\/schema.org\",\"@graph\":[{\"@type\":\"WebPage\",\"@id\":\"https:\\\/\\\/shop.boga-solar.de\\\/en\\\/produkt\\\/dachfalzklemme-fuer-stehfalz-blechdaecher-1-schraube\\\/\",\"url\":\"https:\\\/\\\/shop.boga-solar.de\\\/en\\\/produkt\\\/dachfalzklemme-fuer-stehfalz-blechdaecher-1-schraube\\\/\",\"name\":\"Dachfalzklemme f\u00fcr Stehfalz Blechd\u00e4cher 1 Schraube\",\"isPartOf\":{\"@id\":\"https:\\\/\\\/shop.boga-solar.de\\\/en\\\/#website\"},\"primaryImageOfPage\":{\"@id\":\"https:\\\/\\\/shop.boga-solar.de\\\/en\\\/produkt\\\/dachfalzklemme-fuer-stehfalz-blechdaecher-1-schraube\\\/#primaryimage\"},\"image\":{\"@id\":\"https:\\\/\\\/shop.boga-solar.de\\\/en\\\/produkt\\\/dachfalzklemme-fuer-stehfalz-blechdaecher-1-schraube\\\/#primaryimage\"},\"thumbnailUrl\":\"https:\\\/\\\/shop.boga-solar.de\\\/wp-content\\\/uploads\\\/2024\\\/04\\\/Basic_Falzklemme_1_online.jpg\",\"datePublished\":\"2024-04-13T12:08:45+00:00\",\"dateModified\":\"2025-01-30T17:10:06+00:00\",\"description\":\"Dachfalzklemme f\u00fcr Stehfalz Blechd\u00e4cher 1 Schraube \u25ba Sichere Bezahlung \u2713 Geld-Zur\u00fcck-Garantie \u2713 Schnelle Lieferung \u2713 Jetzt kaufen\",\"breadcrumb\":{\"@id\":\"https:\\\/\\\/shop.boga-solar.de\\\/en\\\/produkt\\\/dachfalzklemme-fuer-stehfalz-blechdaecher-1-schraube\\\/#breadcrumb\"},\"inLanguage\":\"en-US\",\"potentialAction\":[{\"@type\":\"ReadAction\",\"target\":[\"https:\\\/\\\/shop.boga-solar.de\\\/en\\\/produkt\\\/dachfalzklemme-fuer-stehfalz-blechdaecher-1-schraube\\\/\"]}]},{\"@type\":\"ImageObject\",\"inLanguage\":\"en-US\",\"@id\":\"https:\\\/\\\/shop.boga-solar.de\\\/en\\\/produkt\\\/dachfalzklemme-fuer-stehfalz-blechdaecher-1-schraube\\\/#primaryimage\",\"url\":\"https:\\\/\\\/shop.boga-solar.de\\\/wp-content\\\/uploads\\\/2024\\\/04\\\/Basic_Falzklemme_1_online.jpg\",\"contentUrl\":\"https:\\\/\\\/shop.boga-solar.de\\\/wp-content\\\/uploads\\\/2024\\\/04\\\/Basic_Falzklemme_1_online.jpg\",\"width\":2400,\"height\":1400},{\"@type\":\"BreadcrumbList\",\"@id\":\"https:\\\/\\\/shop.boga-solar.de\\\/en\\\/produkt\\\/dachfalzklemme-fuer-stehfalz-blechdaecher-1-schraube\\\/#breadcrumb\",\"itemListElement\":[{\"@type\":\"ListItem\",\"position\":1,\"name\":\"Startseite\",\"item\":\"https:\\\/\\\/shop.boga-solar.de\\\/en\\\/\"},{\"@type\":\"ListItem\",\"position\":2,\"name\":\"Shop\",\"item\":\"https:\\\/\\\/shop.boga-solar.de\\\/en\\\/shop\\\/\"},{\"@type\":\"ListItem\",\"position\":3,\"name\":\"Roof clamp for standing seam sheet metal roofs &#8211; 1 screw\"}]},{\"@type\":\"WebSite\",\"@id\":\"https:\\\/\\\/shop.boga-solar.de\\\/en\\\/#website\",\"url\":\"https:\\\/\\\/shop.boga-solar.de\\\/en\\\/\",\"name\":\"BOGA Solar GmbH\",\"description\":\"\",\"publisher\":{\"@id\":\"https:\\\/\\\/shop.boga-solar.de\\\/en\\\/#organization\"},\"potentialAction\":[{\"@type\":\"SearchAction\",\"target\":{\"@type\":\"EntryPoint\",\"urlTemplate\":\"https:\\\/\\\/shop.boga-solar.de\\\/en\\\/?s={search_term_string}\"},\"query-input\":{\"@type\":\"PropertyValueSpecification\",\"valueRequired\":true,\"valueName\":\"search_term_string\"}}],\"inLanguage\":\"en-US\"},{\"@type\":\"Organization\",\"@id\":\"https:\\\/\\\/shop.boga-solar.de\\\/en\\\/#organization\",\"name\":\"BOGA Trading\",\"url\":\"https:\\\/\\\/shop.boga-solar.de\\\/en\\\/\",\"logo\":{\"@type\":\"ImageObject\",\"inLanguage\":\"en-US\",\"@id\":\"https:\\\/\\\/shop.boga-solar.de\\\/en\\\/#\\\/schema\\\/logo\\\/image\\\/\",\"url\":\"https:\\\/\\\/shop.boga-solar.de\\\/wp-content\\\/uploads\\\/2024\\\/09\\\/logo-neu.svg\",\"contentUrl\":\"https:\\\/\\\/shop.boga-solar.de\\\/wp-content\\\/uploads\\\/2024\\\/09\\\/logo-neu.svg\",\"caption\":\"BOGA Trading\"},\"image\":{\"@id\":\"https:\\\/\\\/shop.boga-solar.de\\\/en\\\/#\\\/schema\\\/logo\\\/image\\\/\"}}]}<\/script>\n<!-- \/ Yoast SEO plugin. -->","yoast_head_json":{"title":"Dachfalzklemme f\u00fcr Stehfalz Blechd\u00e4cher 1 Schraube","description":"Dachfalzklemme f\u00fcr Stehfalz Blechd\u00e4cher 1 Schraube \u25ba Sichere Bezahlung \u2713 Geld-Zur\u00fcck-Garantie \u2713 Schnelle Lieferung \u2713 Jetzt kaufen","robots":{"index":"index","follow":"follow","max-snippet":"max-snippet:-1","max-image-preview":"max-image-preview:large","max-video-preview":"max-video-preview:-1"},"canonical":"https:\/\/shop.boga-solar.de\/en\/produkt\/dachfalzklemme-fuer-stehfalz-blechdaecher-1-schraube\/","og_locale":"en_US","og_type":"article","og_title":"Dachfalzklemme f\u00fcr Stehfalz Blechd\u00e4cher 1 Schraube","og_description":"Dachfalzklemme f\u00fcr Stehfalz Blechd\u00e4cher 1 Schraube \u25ba Sichere Bezahlung \u2713 Geld-Zur\u00fcck-Garantie \u2713 Schnelle Lieferung \u2713 Jetzt kaufen","og_url":"https:\/\/shop.boga-solar.de\/en\/produkt\/dachfalzklemme-fuer-stehfalz-blechdaecher-1-schraube\/","og_site_name":"BOGA Solar GmbH","article_modified_time":"2025-01-30T17:10:06+00:00","og_image":[{"width":2400,"height":1400,"url":"https:\/\/shop.boga-solar.de\/wp-content\/uploads\/2024\/04\/Basic_Falzklemme_1_online.jpg","type":"image\/jpeg"}],"twitter_card":"summary_large_image","twitter_misc":{"Est. reading time":"2 minutes"},"schema":{"@context":"https:\/\/schema.org","@graph":[{"@type":"WebPage","@id":"https:\/\/shop.boga-solar.de\/en\/produkt\/dachfalzklemme-fuer-stehfalz-blechdaecher-1-schraube\/","url":"https:\/\/shop.boga-solar.de\/en\/produkt\/dachfalzklemme-fuer-stehfalz-blechdaecher-1-schraube\/","name":"Dachfalzklemme f\u00fcr Stehfalz Blechd\u00e4cher 1 Schraube","isPartOf":{"@id":"https:\/\/shop.boga-solar.de\/en\/#website"},"primaryImageOfPage":{"@id":"https:\/\/shop.boga-solar.de\/en\/produkt\/dachfalzklemme-fuer-stehfalz-blechdaecher-1-schraube\/#primaryimage"},"image":{"@id":"https:\/\/shop.boga-solar.de\/en\/produkt\/dachfalzklemme-fuer-stehfalz-blechdaecher-1-schraube\/#primaryimage"},"thumbnailUrl":"https:\/\/shop.boga-solar.de\/wp-content\/uploads\/2024\/04\/Basic_Falzklemme_1_online.jpg","datePublished":"2024-04-13T12:08:45+00:00","dateModified":"2025-01-30T17:10:06+00:00","description":"Dachfalzklemme f\u00fcr Stehfalz Blechd\u00e4cher 1 Schraube \u25ba Sichere Bezahlung \u2713 Geld-Zur\u00fcck-Garantie \u2713 Schnelle Lieferung \u2713 Jetzt kaufen","breadcrumb":{"@id":"https:\/\/shop.boga-solar.de\/en\/produkt\/dachfalzklemme-fuer-stehfalz-blechdaecher-1-schraube\/#breadcrumb"},"inLanguage":"en-US","potentialAction":[{"@type":"ReadAction","target":["https:\/\/shop.boga-solar.de\/en\/produkt\/dachfalzklemme-fuer-stehfalz-blechdaecher-1-schraube\/"]}]},{"@type":"ImageObject","inLanguage":"en-US","@id":"https:\/\/shop.boga-solar.de\/en\/produkt\/dachfalzklemme-fuer-stehfalz-blechdaecher-1-schraube\/#primaryimage","url":"https:\/\/shop.boga-solar.de\/wp-content\/uploads\/2024\/04\/Basic_Falzklemme_1_online.jpg","contentUrl":"https:\/\/shop.boga-solar.de\/wp-content\/uploads\/2024\/04\/Basic_Falzklemme_1_online.jpg","width":2400,"height":1400},{"@type":"BreadcrumbList","@id":"https:\/\/shop.boga-solar.de\/en\/produkt\/dachfalzklemme-fuer-stehfalz-blechdaecher-1-schraube\/#breadcrumb","itemListElement":[{"@type":"ListItem","position":1,"name":"Startseite","item":"https:\/\/shop.boga-solar.de\/en\/"},{"@type":"ListItem","position":2,"name":"Shop","item":"https:\/\/shop.boga-solar.de\/en\/shop\/"},{"@type":"ListItem","position":3,"name":"Roof clamp for standing seam sheet metal roofs &#8211; 1 screw"}]},{"@type":"WebSite","@id":"https:\/\/shop.boga-solar.de\/en\/#website","url":"https:\/\/shop.boga-solar.de\/en\/","name":"BOGA Solar GmbH","description":"","publisher":{"@id":"https:\/\/shop.boga-solar.de\/en\/#organization"},"potentialAction":[{"@type":"SearchAction","target":{"@type":"EntryPoint","urlTemplate":"https:\/\/shop.boga-solar.de\/en\/?s={search_term_string}"},"query-input":{"@type":"PropertyValueSpecification","valueRequired":true,"valueName":"search_term_string"}}],"inLanguage":"en-US"},{"@type":"Organization","@id":"https:\/\/shop.boga-solar.de\/en\/#organization","name":"BOGA Trading","url":"https:\/\/shop.boga-solar.de\/en\/","logo":{"@type":"ImageObject","inLanguage":"en-US","@id":"https:\/\/shop.boga-solar.de\/en\/#\/schema\/logo\/image\/","url":"https:\/\/shop.boga-solar.de\/wp-content\/uploads\/2024\/09\/logo-neu.svg","contentUrl":"https:\/\/shop.boga-solar.de\/wp-content\/uploads\/2024\/09\/logo-neu.svg","caption":"BOGA Trading"},"image":{"@id":"https:\/\/shop.boga-solar.de\/en\/#\/schema\/logo\/image\/"}}]}},"jetpack_sharing_enabled":true,"_links":{"self":[{"href":"https:\/\/shop.boga-solar.de\/en\/wp-json\/wp\/v2\/product\/11136","targetHints":{"allow":["GET"]}}],"collection":[{"href":"https:\/\/shop.boga-solar.de\/en\/wp-json\/wp\/v2\/product"}],"about":[{"href":"https:\/\/shop.boga-solar.de\/en\/wp-json\/wp\/v2\/types\/product"}],"wp:featuredmedia":[{"embeddable":true,"href":"https:\/\/shop.boga-solar.de\/en\/wp-json\/wp\/v2\/media\/9540"}],"wp:attachment":[{"href":"https:\/\/shop.boga-solar.de\/en\/wp-json\/wp\/v2\/media?parent=11136"}],"wp:term":[{"taxonomy":"product_brand","embeddable":true,"href":"https:\/\/shop.boga-solar.de\/en\/wp-json\/wp\/v2\/product_brand?post=11136"},{"taxonomy":"product_cat","embeddable":true,"href":"https:\/\/shop.boga-solar.de\/en\/wp-json\/wp\/v2\/product_cat?post=11136"},{"taxonomy":"product_tag","embeddable":true,"href":"https:\/\/shop.boga-solar.de\/en\/wp-json\/wp\/v2\/product_tag?post=11136"}],"curies":[{"name":"wp","href":"https:\/\/api.w.org\/{rel}","templated":true}]}}