{"id":11264,"date":"2023-01-27T10:42:20","date_gmt":"2023-01-27T09:42:20","guid":{"rendered":"https:\/\/shop.boga-solar.de\/produkt\/verlaengerungskabelset-h1z2z2-k-fuer-solarmodule\/"},"modified":"2025-01-30T18:48:14","modified_gmt":"2025-01-30T17:48:14","slug":"verlaengerungskabelset-h1z2z2-k-fuer-solarmodule","status":"publish","type":"product","link":"https:\/\/shop.boga-solar.de\/en\/produkt\/verlaengerungskabelset-h1z2z2-k-fuer-solarmodule\/","title":{"rendered":"Extension cable set H1Z2Z2-K for solar modules"},"content":{"rendered":"<div class=\"w-full border-b border-black\/10 dark:border-gray-900\/50 text-gray-800 dark:text-gray-100 group bg-gray-50 dark:bg-[#444654]\">\n<div class=\"text-base gap-4 md:gap-6 m-auto md:max-w-2xl lg:max-w-2xl xl:max-w-3xl p-4 md:py-6 flex lg:px-0\">\n<div class=\"relative flex w-[calc(100%-50px)] flex-col gap-1 md:gap-3 lg:w-[calc(100%-115px)]\">\n<div class=\"flex flex-grow flex-col gap-3\">\n<div class=\"min-h-[20px] flex items-start overflow-x-auto whitespace-pre-wrap break-words flex-col gap-4\">\n<div class=\"markdown prose w-full break-words dark:prose-invert light\">\n<p>Technical details and application:<\/p>\n<p>The pre-assembled extension cable H1Z2Z2-K for solar modules is versatile and suitable for connecting solar modules to the inverter as well as extensions between solar modules. It has high weather, UV and ozone resistance and meets the protection class IP67, which makes it dust and water resistant. The cable can be used both indoors and outdoors, even in direct sunlight.<\/p>\n<p>The cable conductors are made of galvanized copper and comply with IEC 60228 class 5. The double insulation layer makes the cable extremely flexible, durable, robust and shock- and break-resistant.<\/p>\n<p>The plugs have a locking mechanism to ensure a secure cable connection and are waterproof. The cable is ready for connection and easy to install.<\/p>\n<p>This photovoltaic cable is characterized by its properties, which make it ideal for use in direct sunlight. It is resistant to ozone, corrosion and UV, halogen-free as well as acid and alkali. The cable is suitable for both indoor and outdoor use and meets IP67 protection class, making it dust and water resistant. The cable conductor complies with the latest technical standard (DIN EN 60228 class 5) and is made of galvanized copper. With its double insulation layer, the cable is flexible and durable, and offers high security thanks to protection class II and IP67. The cable\u2019s connector is stable thanks to a self-locking system and is compatible with all photovoltaic systems.<\/p>\n<p>Technical data (extension cable H1Z2Z2-K):<br \/>\nMaterial (insulation) XPLE\/XLPO<br \/>\nMaterial (cable conductor) copper, tinned<br \/>\nCable type H1Z2Z2-K<br \/>\nPlug MC4<br \/>\nRated voltage Uo\/U 1.0\/1.0kV AC &#8211; 1.5\/1.5kV DC<br \/>\nTemperature range -40 \u00b0C to 90 \u00b0C<br \/>\nMaxi<\/p>\n<\/div>\n<\/div>\n<\/div>\n<\/div>\n<\/div>\n<\/div>\n<div class=\"prd-attr-techdata block\"><\/div>\n","protected":false},"excerpt":{"rendered":"<p>VAT is not applicable &amp; plus shipping costs<\/p>\n<p>Extension cable set for solar modules in red and black with double-sided solar plug MC4.Scope of delivery: 2 cables (1x black, 1x red). Cable cross section: 4mm2 and 6mm 2.Length: 1m, 2m, 3m &amp; 5m<\/p>\n","protected":false},"featured_media":9062,"template":"","meta":{"_acf_changed":false},"product_brand":[],"product_cat":[339,323,397],"product_tag":[],"class_list":{"0":"post-11264","1":"product","2":"type-product","3":"status-publish","4":"has-post-thumbnail","6":"product_cat-accessories","7":"product_cat-balcony-power-stations","8":"product_cat-cables-plugs","9":"product_shipping_class-normalversand-799e-en","11":"first","12":"instock","13":"taxable","14":"shipping-taxable","15":"purchasable","16":"product-type-simple"},"acf":[],"yoast_head":"<!-- This site is optimized with the Yoast SEO plugin v27.5 - https:\/\/yoast.com\/product\/yoast-seo-wordpress\/ -->\n<title>Verl\u00e4ngerungskabel H1Z2Z2-K f\u00fcr Solarmodule<\/title>\n<meta name=\"description\" content=\"Verl\u00e4ngerungskabel H1Z2Z2-K f\u00fcr Solarmodule \u25ba Sichere Bezahlung \u2713 Geld-Zur\u00fcck-Garantie \u2713 Schnelle Lieferung \u2713 Jetzt kaufen\" \/>\n<meta name=\"robots\" content=\"index, follow, max-snippet:-1, max-image-preview:large, max-video-preview:-1\" \/>\n<link rel=\"canonical\" href=\"https:\/\/shop.boga-solar.de\/en\/produkt\/verlaengerungskabelset-h1z2z2-k-fuer-solarmodule\/\" \/>\n<meta property=\"og:locale\" content=\"en_US\" \/>\n<meta property=\"og:type\" content=\"article\" \/>\n<meta property=\"og:title\" content=\"Verl\u00e4ngerungskabel H1Z2Z2-K f\u00fcr Solarmodule\" \/>\n<meta property=\"og:description\" content=\"Verl\u00e4ngerungskabel H1Z2Z2-K f\u00fcr Solarmodule \u25ba Sichere Bezahlung \u2713 Geld-Zur\u00fcck-Garantie \u2713 Schnelle Lieferung \u2713 Jetzt kaufen\" \/>\n<meta property=\"og:url\" content=\"https:\/\/shop.boga-solar.de\/en\/produkt\/verlaengerungskabelset-h1z2z2-k-fuer-solarmodule\/\" \/>\n<meta property=\"og:site_name\" content=\"BOGA Solar GmbH\" \/>\n<meta property=\"article:modified_time\" content=\"2025-01-30T17:48:14+00:00\" \/>\n<meta property=\"og:image\" content=\"https:\/\/shop.boga-solar.de\/wp-content\/uploads\/2023\/01\/Solarverlangerung1_45559.jpg\" \/>\n\t<meta property=\"og:image:width\" content=\"700\" \/>\n\t<meta property=\"og:image:height\" content=\"700\" \/>\n\t<meta property=\"og:image:type\" content=\"image\/jpeg\" \/>\n<meta name=\"twitter:card\" content=\"summary_large_image\" \/>\n<meta name=\"twitter:label1\" content=\"Est. reading time\" \/>\n\t<meta name=\"twitter:data1\" content=\"2 minutes\" \/>\n<script type=\"application\/ld+json\" class=\"yoast-schema-graph\">{\"@context\":\"https:\\\/\\\/schema.org\",\"@graph\":[{\"@type\":\"WebPage\",\"@id\":\"https:\\\/\\\/shop.boga-solar.de\\\/en\\\/produkt\\\/verlaengerungskabelset-h1z2z2-k-fuer-solarmodule\\\/\",\"url\":\"https:\\\/\\\/shop.boga-solar.de\\\/en\\\/produkt\\\/verlaengerungskabelset-h1z2z2-k-fuer-solarmodule\\\/\",\"name\":\"Verl\u00e4ngerungskabel H1Z2Z2-K f\u00fcr Solarmodule\",\"isPartOf\":{\"@id\":\"https:\\\/\\\/shop.boga-solar.de\\\/en\\\/#website\"},\"primaryImageOfPage\":{\"@id\":\"https:\\\/\\\/shop.boga-solar.de\\\/en\\\/produkt\\\/verlaengerungskabelset-h1z2z2-k-fuer-solarmodule\\\/#primaryimage\"},\"image\":{\"@id\":\"https:\\\/\\\/shop.boga-solar.de\\\/en\\\/produkt\\\/verlaengerungskabelset-h1z2z2-k-fuer-solarmodule\\\/#primaryimage\"},\"thumbnailUrl\":\"https:\\\/\\\/shop.boga-solar.de\\\/wp-content\\\/uploads\\\/2023\\\/01\\\/Solarverlangerung1_45559.jpg\",\"datePublished\":\"2023-01-27T09:42:20+00:00\",\"dateModified\":\"2025-01-30T17:48:14+00:00\",\"description\":\"Verl\u00e4ngerungskabel H1Z2Z2-K f\u00fcr Solarmodule \u25ba Sichere Bezahlung \u2713 Geld-Zur\u00fcck-Garantie \u2713 Schnelle Lieferung \u2713 Jetzt kaufen\",\"breadcrumb\":{\"@id\":\"https:\\\/\\\/shop.boga-solar.de\\\/en\\\/produkt\\\/verlaengerungskabelset-h1z2z2-k-fuer-solarmodule\\\/#breadcrumb\"},\"inLanguage\":\"en-US\",\"potentialAction\":[{\"@type\":\"ReadAction\",\"target\":[\"https:\\\/\\\/shop.boga-solar.de\\\/en\\\/produkt\\\/verlaengerungskabelset-h1z2z2-k-fuer-solarmodule\\\/\"]}]},{\"@type\":\"ImageObject\",\"inLanguage\":\"en-US\",\"@id\":\"https:\\\/\\\/shop.boga-solar.de\\\/en\\\/produkt\\\/verlaengerungskabelset-h1z2z2-k-fuer-solarmodule\\\/#primaryimage\",\"url\":\"https:\\\/\\\/shop.boga-solar.de\\\/wp-content\\\/uploads\\\/2023\\\/01\\\/Solarverlangerung1_45559.jpg\",\"contentUrl\":\"https:\\\/\\\/shop.boga-solar.de\\\/wp-content\\\/uploads\\\/2023\\\/01\\\/Solarverlangerung1_45559.jpg\",\"width\":700,\"height\":700},{\"@type\":\"BreadcrumbList\",\"@id\":\"https:\\\/\\\/shop.boga-solar.de\\\/en\\\/produkt\\\/verlaengerungskabelset-h1z2z2-k-fuer-solarmodule\\\/#breadcrumb\",\"itemListElement\":[{\"@type\":\"ListItem\",\"position\":1,\"name\":\"Startseite\",\"item\":\"https:\\\/\\\/shop.boga-solar.de\\\/en\\\/\"},{\"@type\":\"ListItem\",\"position\":2,\"name\":\"Shop\",\"item\":\"https:\\\/\\\/shop.boga-solar.de\\\/en\\\/shop\\\/\"},{\"@type\":\"ListItem\",\"position\":3,\"name\":\"Extension cable set H1Z2Z2-K for solar modules\"}]},{\"@type\":\"WebSite\",\"@id\":\"https:\\\/\\\/shop.boga-solar.de\\\/en\\\/#website\",\"url\":\"https:\\\/\\\/shop.boga-solar.de\\\/en\\\/\",\"name\":\"BOGA Solar GmbH\",\"description\":\"\",\"publisher\":{\"@id\":\"https:\\\/\\\/shop.boga-solar.de\\\/en\\\/#organization\"},\"potentialAction\":[{\"@type\":\"SearchAction\",\"target\":{\"@type\":\"EntryPoint\",\"urlTemplate\":\"https:\\\/\\\/shop.boga-solar.de\\\/en\\\/?s={search_term_string}\"},\"query-input\":{\"@type\":\"PropertyValueSpecification\",\"valueRequired\":true,\"valueName\":\"search_term_string\"}}],\"inLanguage\":\"en-US\"},{\"@type\":\"Organization\",\"@id\":\"https:\\\/\\\/shop.boga-solar.de\\\/en\\\/#organization\",\"name\":\"BOGA Trading\",\"url\":\"https:\\\/\\\/shop.boga-solar.de\\\/en\\\/\",\"logo\":{\"@type\":\"ImageObject\",\"inLanguage\":\"en-US\",\"@id\":\"https:\\\/\\\/shop.boga-solar.de\\\/en\\\/#\\\/schema\\\/logo\\\/image\\\/\",\"url\":\"https:\\\/\\\/shop.boga-solar.de\\\/wp-content\\\/uploads\\\/2024\\\/09\\\/logo-neu.svg\",\"contentUrl\":\"https:\\\/\\\/shop.boga-solar.de\\\/wp-content\\\/uploads\\\/2024\\\/09\\\/logo-neu.svg\",\"caption\":\"BOGA Trading\"},\"image\":{\"@id\":\"https:\\\/\\\/shop.boga-solar.de\\\/en\\\/#\\\/schema\\\/logo\\\/image\\\/\"}}]}<\/script>\n<!-- \/ Yoast SEO plugin. -->","yoast_head_json":{"title":"Verl\u00e4ngerungskabel H1Z2Z2-K f\u00fcr Solarmodule","description":"Verl\u00e4ngerungskabel H1Z2Z2-K f\u00fcr Solarmodule \u25ba Sichere Bezahlung \u2713 Geld-Zur\u00fcck-Garantie \u2713 Schnelle Lieferung \u2713 Jetzt kaufen","robots":{"index":"index","follow":"follow","max-snippet":"max-snippet:-1","max-image-preview":"max-image-preview:large","max-video-preview":"max-video-preview:-1"},"canonical":"https:\/\/shop.boga-solar.de\/en\/produkt\/verlaengerungskabelset-h1z2z2-k-fuer-solarmodule\/","og_locale":"en_US","og_type":"article","og_title":"Verl\u00e4ngerungskabel H1Z2Z2-K f\u00fcr Solarmodule","og_description":"Verl\u00e4ngerungskabel H1Z2Z2-K f\u00fcr Solarmodule \u25ba Sichere Bezahlung \u2713 Geld-Zur\u00fcck-Garantie \u2713 Schnelle Lieferung \u2713 Jetzt kaufen","og_url":"https:\/\/shop.boga-solar.de\/en\/produkt\/verlaengerungskabelset-h1z2z2-k-fuer-solarmodule\/","og_site_name":"BOGA Solar GmbH","article_modified_time":"2025-01-30T17:48:14+00:00","og_image":[{"width":700,"height":700,"url":"https:\/\/shop.boga-solar.de\/wp-content\/uploads\/2023\/01\/Solarverlangerung1_45559.jpg","type":"image\/jpeg"}],"twitter_card":"summary_large_image","twitter_misc":{"Est. reading time":"2 minutes"},"schema":{"@context":"https:\/\/schema.org","@graph":[{"@type":"WebPage","@id":"https:\/\/shop.boga-solar.de\/en\/produkt\/verlaengerungskabelset-h1z2z2-k-fuer-solarmodule\/","url":"https:\/\/shop.boga-solar.de\/en\/produkt\/verlaengerungskabelset-h1z2z2-k-fuer-solarmodule\/","name":"Verl\u00e4ngerungskabel H1Z2Z2-K f\u00fcr Solarmodule","isPartOf":{"@id":"https:\/\/shop.boga-solar.de\/en\/#website"},"primaryImageOfPage":{"@id":"https:\/\/shop.boga-solar.de\/en\/produkt\/verlaengerungskabelset-h1z2z2-k-fuer-solarmodule\/#primaryimage"},"image":{"@id":"https:\/\/shop.boga-solar.de\/en\/produkt\/verlaengerungskabelset-h1z2z2-k-fuer-solarmodule\/#primaryimage"},"thumbnailUrl":"https:\/\/shop.boga-solar.de\/wp-content\/uploads\/2023\/01\/Solarverlangerung1_45559.jpg","datePublished":"2023-01-27T09:42:20+00:00","dateModified":"2025-01-30T17:48:14+00:00","description":"Verl\u00e4ngerungskabel H1Z2Z2-K f\u00fcr Solarmodule \u25ba Sichere Bezahlung \u2713 Geld-Zur\u00fcck-Garantie \u2713 Schnelle Lieferung \u2713 Jetzt kaufen","breadcrumb":{"@id":"https:\/\/shop.boga-solar.de\/en\/produkt\/verlaengerungskabelset-h1z2z2-k-fuer-solarmodule\/#breadcrumb"},"inLanguage":"en-US","potentialAction":[{"@type":"ReadAction","target":["https:\/\/shop.boga-solar.de\/en\/produkt\/verlaengerungskabelset-h1z2z2-k-fuer-solarmodule\/"]}]},{"@type":"ImageObject","inLanguage":"en-US","@id":"https:\/\/shop.boga-solar.de\/en\/produkt\/verlaengerungskabelset-h1z2z2-k-fuer-solarmodule\/#primaryimage","url":"https:\/\/shop.boga-solar.de\/wp-content\/uploads\/2023\/01\/Solarverlangerung1_45559.jpg","contentUrl":"https:\/\/shop.boga-solar.de\/wp-content\/uploads\/2023\/01\/Solarverlangerung1_45559.jpg","width":700,"height":700},{"@type":"BreadcrumbList","@id":"https:\/\/shop.boga-solar.de\/en\/produkt\/verlaengerungskabelset-h1z2z2-k-fuer-solarmodule\/#breadcrumb","itemListElement":[{"@type":"ListItem","position":1,"name":"Startseite","item":"https:\/\/shop.boga-solar.de\/en\/"},{"@type":"ListItem","position":2,"name":"Shop","item":"https:\/\/shop.boga-solar.de\/en\/shop\/"},{"@type":"ListItem","position":3,"name":"Extension cable set H1Z2Z2-K for solar modules"}]},{"@type":"WebSite","@id":"https:\/\/shop.boga-solar.de\/en\/#website","url":"https:\/\/shop.boga-solar.de\/en\/","name":"BOGA Solar GmbH","description":"","publisher":{"@id":"https:\/\/shop.boga-solar.de\/en\/#organization"},"potentialAction":[{"@type":"SearchAction","target":{"@type":"EntryPoint","urlTemplate":"https:\/\/shop.boga-solar.de\/en\/?s={search_term_string}"},"query-input":{"@type":"PropertyValueSpecification","valueRequired":true,"valueName":"search_term_string"}}],"inLanguage":"en-US"},{"@type":"Organization","@id":"https:\/\/shop.boga-solar.de\/en\/#organization","name":"BOGA Trading","url":"https:\/\/shop.boga-solar.de\/en\/","logo":{"@type":"ImageObject","inLanguage":"en-US","@id":"https:\/\/shop.boga-solar.de\/en\/#\/schema\/logo\/image\/","url":"https:\/\/shop.boga-solar.de\/wp-content\/uploads\/2024\/09\/logo-neu.svg","contentUrl":"https:\/\/shop.boga-solar.de\/wp-content\/uploads\/2024\/09\/logo-neu.svg","caption":"BOGA Trading"},"image":{"@id":"https:\/\/shop.boga-solar.de\/en\/#\/schema\/logo\/image\/"}}]}},"jetpack_sharing_enabled":true,"_links":{"self":[{"href":"https:\/\/shop.boga-solar.de\/en\/wp-json\/wp\/v2\/product\/11264","targetHints":{"allow":["GET"]}}],"collection":[{"href":"https:\/\/shop.boga-solar.de\/en\/wp-json\/wp\/v2\/product"}],"about":[{"href":"https:\/\/shop.boga-solar.de\/en\/wp-json\/wp\/v2\/types\/product"}],"wp:featuredmedia":[{"embeddable":true,"href":"https:\/\/shop.boga-solar.de\/en\/wp-json\/wp\/v2\/media\/9062"}],"wp:attachment":[{"href":"https:\/\/shop.boga-solar.de\/en\/wp-json\/wp\/v2\/media?parent=11264"}],"wp:term":[{"taxonomy":"product_brand","embeddable":true,"href":"https:\/\/shop.boga-solar.de\/en\/wp-json\/wp\/v2\/product_brand?post=11264"},{"taxonomy":"product_cat","embeddable":true,"href":"https:\/\/shop.boga-solar.de\/en\/wp-json\/wp\/v2\/product_cat?post=11264"},{"taxonomy":"product_tag","embeddable":true,"href":"https:\/\/shop.boga-solar.de\/en\/wp-json\/wp\/v2\/product_tag?post=11264"}],"curies":[{"name":"wp","href":"https:\/\/api.w.org\/{rel}","templated":true}]}}